{"id":20859,"date":"2022-03-16T18:02:43","date_gmt":"2022-03-16T16:02:43","guid":{"rendered":"https:\/\/www.eurofirmsgroup.com\/gracies\/"},"modified":"2022-08-18T11:49:34","modified_gmt":"2022-08-18T09:49:34","slug":"gracie","status":"publish","type":"page","link":"https:\/\/www.eurofirmsgroup.com\/ca\/gracie\/","title":{"rendered":"Gr\u00e0cies"},"content":{"rendered":"\t\t<div data-elementor-type=\"wp-page\" data-elementor-id=\"20859\" class=\"elementor elementor-20859 elementor-20779\">\n\t\t\t\t\t\t\t\t\t<section class=\"elementor-section elementor-top-section elementor-element elementor-element-df96c51 elementor-section-boxed elementor-section-height-default elementor-section-height-default\" data-id=\"df96c51\" data-element_type=\"section\" data-settings=\"{&quot;background_background&quot;:&quot;classic&quot;,&quot;background_motion_fx_motion_fx_scrolling&quot;:&quot;yes&quot;,&quot;background_motion_fx_scale_effect&quot;:&quot;yes&quot;,&quot;background_motion_fx_scale_range&quot;:{&quot;unit&quot;:&quot;%&quot;,&quot;size&quot;:&quot;&quot;,&quot;sizes&quot;:{&quot;start&quot;:38,&quot;end&quot;:89}},&quot;background_motion_fx_scale_direction&quot;:&quot;out-in&quot;,&quot;background_motion_fx_scale_speed&quot;:{&quot;unit&quot;:&quot;px&quot;,&quot;size&quot;:4,&quot;sizes&quot;:[]},&quot;background_motion_fx_devices&quot;:[&quot;desktop&quot;,&quot;tablet&quot;,&quot;mobile&quot;]}\">\n\t\t\t\t\t\t<div class=\"elementor-container elementor-column-gap-default\">\n\t\t\t\t\t<div class=\"elementor-column elementor-col-100 elementor-top-column elementor-element elementor-element-38d6b85e\" data-id=\"38d6b85e\" data-element_type=\"column\" data-settings=\"{&quot;background_background&quot;:&quot;classic&quot;}\">\n\t\t\t<div class=\"elementor-widget-wrap elementor-element-populated\">\n\t\t\t\t\t\t\t\t<div class=\"elementor-element elementor-element-120686a5 elementor-widget elementor-widget-spacer\" data-id=\"120686a5\" data-element_type=\"widget\" data-widget_type=\"spacer.default\">\n\t\t\t\t<div class=\"elementor-widget-container\">\n\t\t\t\t\t<div class=\"elementor-spacer\">\n\t\t\t<div class=\"elementor-spacer-inner\"><\/div>\n\t\t<\/div>\n\t\t\t\t<\/div>\n\t\t\t\t<\/div>\n\t\t\t\t<div class=\"elementor-element elementor-element-e228161 elementor-widget elementor-widget-heading\" data-id=\"e228161\" data-element_type=\"widget\" data-widget_type=\"heading.default\">\n\t\t\t\t<div class=\"elementor-widget-container\">\n\t\t\t<h1 class=\"elementor-heading-title elementor-size-default\">Gr\u00e0cies per descarregar el nostre estudi.<\/h1>\t\t<\/div>\n\t\t\t\t<\/div>\n\t\t\t\t<div class=\"elementor-element elementor-element-87c2bdc elementor-widget elementor-widget-text-editor\" data-id=\"87c2bdc\" data-element_type=\"widget\" data-widget_type=\"text-editor.default\">\n\t\t\t\t<div class=\"elementor-widget-container\">\n\t\t\t\t\t\t\tRebr\u00e0s l\u2019estudi sencer al seu correu ara mateix.\r\nEstem segurs que l\u2019informe t&#8217;aportar\u00e0 les dades i refer\u00e8ncies necess\u00e0ries per con\u00e8ixer l\u2019estat de l\u2019ocupabilitat del sector i millorar de cara al futur.\r\n\r\n\r\nSi no reps el correu en uns minuts, revisa la safata de correu no desitjat.\t\t\t\t\t\t<\/div>\n\t\t\t\t<\/div>\n\t\t\t\t<div class=\"elementor-element elementor-element-5f70d5f6 elementor-widget elementor-widget-spacer\" data-id=\"5f70d5f6\" data-element_type=\"widget\" data-widget_type=\"spacer.default\">\n\t\t\t\t<div class=\"elementor-widget-container\">\n\t\t\t\t\t<div class=\"elementor-spacer\">\n\t\t\t<div class=\"elementor-spacer-inner\"><\/div>\n\t\t<\/div>\n\t\t\t\t<\/div>\n\t\t\t\t<\/div>\n\t\t\t\t<section class=\"elementor-section elementor-inner-section elementor-element elementor-element-48ed390c animated-slow elementor-section-boxed elementor-section-height-default elementor-section-height-default elementor-invisible\" data-id=\"48ed390c\" data-element_type=\"section\" data-settings=\"{&quot;animation&quot;:&quot;fadeInDown&quot;,&quot;animation_delay&quot;:300}\">\n\t\t\t\t\t\t<div class=\"elementor-container elementor-column-gap-default\">\n\t\t\t\t\t<div class=\"elementor-column elementor-col-100 elementor-inner-column elementor-element elementor-element-2934bca2\" data-id=\"2934bca2\" data-element_type=\"column\">\n\t\t\t<div class=\"elementor-widget-wrap elementor-element-populated\">\n\t\t\t\t\t\t\t\t<div class=\"elementor-element elementor-element-26768ec5 elementor-align-center elementor-widget elementor-widget-button\" data-id=\"26768ec5\" data-element_type=\"widget\" data-widget_type=\"button.default\">\n\t\t\t\t<div class=\"elementor-widget-container\">\n\t\t\t\t\t<div class=\"elementor-button-wrapper\">\n\t\t\t<a class=\"elementor-button elementor-button-link elementor-size-sm\" href=\"https:\/\/www.eurofirmsgroup.com\/ca\/estudis\/\">\n\t\t\t\t\t\t<span class=\"elementor-button-content-wrapper\">\n\t\t\t\t\t\t<span class=\"elementor-button-text\">Veure m\u00e9s estudis<\/span>\n\t\t<\/span>\n\t\t\t\t\t<\/a>\n\t\t<\/div>\n\t\t\t\t<\/div>\n\t\t\t\t<\/div>\n\t\t\t\t<div class=\"elementor-element elementor-element-4fcfc2ed elementor-widget elementor-widget-spacer\" data-id=\"4fcfc2ed\" data-element_type=\"widget\" data-widget_type=\"spacer.default\">\n\t\t\t\t<div class=\"elementor-widget-container\">\n\t\t\t\t\t<div class=\"elementor-spacer\">\n\t\t\t<div class=\"elementor-spacer-inner\"><\/div>\n\t\t<\/div>\n\t\t\t\t<\/div>\n\t\t\t\t<\/div>\n\t\t\t\t\t<\/div>\n\t\t<\/div>\n\t\t\t\t\t\t\t<\/div>\n\t\t<\/section>\n\t\t\t\t<div class=\"elementor-element elementor-element-393ba1e3 elementor-widget elementor-widget-spacer\" data-id=\"393ba1e3\" data-element_type=\"widget\" data-widget_type=\"spacer.default\">\n\t\t\t\t<div class=\"elementor-widget-container\">\n\t\t\t\t\t<div class=\"elementor-spacer\">\n\t\t\t<div class=\"elementor-spacer-inner\"><\/div>\n\t\t<\/div>\n\t\t\t\t<\/div>\n\t\t\t\t<\/div>\n\t\t\t\t\t<\/div>\n\t\t<\/div>\n\t\t\t\t\t\t\t<\/div>\n\t\t<\/section>\n\t\t\t\t<section class=\"elementor-section elementor-top-section elementor-element elementor-element-57db431 elementor-section-boxed elementor-section-height-default elementor-section-height-default\" data-id=\"57db431\" data-element_type=\"section\" data-settings=\"{&quot;background_background&quot;:&quot;classic&quot;}\">\n\t\t\t\t\t\t<div class=\"elementor-container elementor-column-gap-default\">\n\t\t\t\t\t<div class=\"elementor-column elementor-col-100 elementor-top-column elementor-element elementor-element-568125fc\" data-id=\"568125fc\" data-element_type=\"column\">\n\t\t\t<div class=\"elementor-widget-wrap elementor-element-populated\">\n\t\t\t\t\t\t\t\t<div class=\"elementor-element elementor-element-3040de88 elementor-widget elementor-widget-spacer\" data-id=\"3040de88\" data-element_type=\"widget\" data-widget_type=\"spacer.default\">\n\t\t\t\t<div class=\"elementor-widget-container\">\n\t\t\t\t\t<div class=\"elementor-spacer\">\n\t\t\t<div class=\"elementor-spacer-inner\"><\/div>\n\t\t<\/div>\n\t\t\t\t<\/div>\n\t\t\t\t<\/div>\n\t\t\t\t\t<\/div>\n\t\t<\/div>\n\t\t\t\t\t\t\t<\/div>\n\t\t<\/section>\n\t\t\t\t<section class=\"elementor-section elementor-top-section elementor-element elementor-element-3f1739a3 elementor-section-boxed elementor-section-height-default elementor-section-height-default\" data-id=\"3f1739a3\" data-element_type=\"section\">\n\t\t\t\t\t\t<div class=\"elementor-container elementor-column-gap-default\">\n\t\t\t\t\t<div class=\"elementor-column elementor-col-100 elementor-top-column elementor-element elementor-element-75c36c4\" data-id=\"75c36c4\" data-element_type=\"column\">\n\t\t\t<div class=\"elementor-widget-wrap elementor-element-populated\">\n\t\t\t\t\t\t\t\t<div class=\"elementor-element elementor-element-4f269805 elementor-widget elementor-widget-spacer\" data-id=\"4f269805\" data-element_type=\"widget\" data-widget_type=\"spacer.default\">\n\t\t\t\t<div class=\"elementor-widget-container\">\n\t\t\t\t\t<div class=\"elementor-spacer\">\n\t\t\t<div class=\"elementor-spacer-inner\"><\/div>\n\t\t<\/div>\n\t\t\t\t<\/div>\n\t\t\t\t<\/div>\n\t\t\t\t<div class=\"elementor-element elementor-element-722a4184 elementor-widget elementor-widget-heading\" data-id=\"722a4184\" data-element_type=\"widget\" data-widget_type=\"heading.default\">\n\t\t\t\t<div class=\"elementor-widget-container\">\n\t\t\t<h2 class=\"elementor-heading-title elementor-size-default\">A Eurofirms som el teu partner estrat\u00e8gic.<\/h2>\t\t<\/div>\n\t\t\t\t<\/div>\n\t\t\t\t<div class=\"elementor-element elementor-element-7406fa68 elementor-widget elementor-widget-heading\" data-id=\"7406fa68\" data-element_type=\"widget\" data-widget_type=\"heading.default\">\n\t\t\t\t<div class=\"elementor-widget-container\">\n\t\t\t<h2 class=\"elementor-heading-title elementor-size-default\">A Eurofirms som el teu partner estrat\u00e8gic en la gesti\u00f3 de persones amb un servei global i integral. T\u2019ajudem a crear el teu equip i a fer-lo cr\u00e9ixer, pensant a llarg termini, amb el recolzament i acompanyament d\u2019especialistes amb \u00e0mplia traject\u00f2ria en el sector hostaler.<\/h2>\t\t<\/div>\n\t\t\t\t<\/div>\n\t\t\t\t<div class=\"elementor-element elementor-element-23c80f5e elementor-widget elementor-widget-spacer\" data-id=\"23c80f5e\" data-element_type=\"widget\" data-widget_type=\"spacer.default\">\n\t\t\t\t<div class=\"elementor-widget-container\">\n\t\t\t\t\t<div class=\"elementor-spacer\">\n\t\t\t<div class=\"elementor-spacer-inner\"><\/div>\n\t\t<\/div>\n\t\t\t\t<\/div>\n\t\t\t\t<\/div>\n\t\t\t\t<div class=\"elementor-element elementor-element-61d46465 elementor-align-center elementor-widget elementor-widget-button\" data-id=\"61d46465\" data-element_type=\"widget\" data-widget_type=\"button.default\">\n\t\t\t\t<div class=\"elementor-widget-container\">\n\t\t\t\t\t<div class=\"elementor-button-wrapper\">\n\t\t\t<a class=\"elementor-button elementor-button-link elementor-size-sm\" href=\"https:\/\/www.eurofirmsgroup.com\/ca\/contacte\/\">\n\t\t\t\t\t\t<span class=\"elementor-button-content-wrapper\">\n\t\t\t\t\t\t<span class=\"elementor-button-text\">Sol\u00b7licitar m\u00e9s informaci\u00f3<\/span>\n\t\t<\/span>\n\t\t\t\t\t<\/a>\n\t\t<\/div>\n\t\t\t\t<\/div>\n\t\t\t\t<\/div>\n\t\t\t\t<div class=\"elementor-element elementor-element-62fc4f51 elementor-widget elementor-widget-spacer\" data-id=\"62fc4f51\" data-element_type=\"widget\" data-widget_type=\"spacer.default\">\n\t\t\t\t<div class=\"elementor-widget-container\">\n\t\t\t\t\t<div class=\"elementor-spacer\">\n\t\t\t<div class=\"elementor-spacer-inner\"><\/div>\n\t\t<\/div>\n\t\t\t\t<\/div>\n\t\t\t\t<\/div>\n\t\t\t\t\t<\/div>\n\t\t<\/div>\n\t\t\t\t\t\t\t<\/div>\n\t\t<\/section>\n\t\t\t\t\t\t\t<\/div>\n\t\t","protected":false},"excerpt":{"rendered":"<p>Gr\u00e0cies per descarregar el nostre estudi. Rebr\u00e0s l\u2019estudi sencer al seu correu ara mateix. Estem segurs que l\u2019informe t&#8217;aportar\u00e0 les dades i refer\u00e8ncies necess\u00e0ries per con\u00e8ixer l\u2019estat de l\u2019ocupabilitat del sector i millorar de cara al futur. Si no reps el correu en uns minuts, revisa la safata de correu no desitjat. Veure m\u00e9s estudis&#8230;<\/p>\n","protected":false},"author":3,"featured_media":0,"parent":0,"menu_order":0,"comment_status":"closed","ping_status":"closed","template":"elementor_header_footer","meta":{"footnotes":""},"acf":[],"yoast_head":"<!-- This site is optimized with the Yoast SEO plugin v20.13 - https:\/\/yoast.com\/wordpress\/plugins\/seo\/ -->\n<title>Gr\u00e0cies - Eurofirms Group<\/title>\n<meta name=\"robots\" content=\"index, follow, max-snippet:-1, max-image-preview:large, max-video-preview:-1\" \/>\n<link rel=\"canonical\" href=\"https:\/\/www.eurofirmsgroup.com\/ca\/gracie\/\" \/>\n<meta property=\"og:locale\" content=\"ca_ES\" \/>\n<meta property=\"og:type\" content=\"article\" \/>\n<meta property=\"og:title\" content=\"Gr\u00e0cies - Eurofirms Group\" \/>\n<meta property=\"og:description\" content=\"Gr\u00e0cies per descarregar el nostre estudi. Rebr\u00e0s l\u2019estudi sencer al seu correu ara mateix. Estem segurs que l\u2019informe t&#8217;aportar\u00e0 les dades i refer\u00e8ncies necess\u00e0ries per con\u00e8ixer l\u2019estat de l\u2019ocupabilitat del sector i millorar de cara al futur. Si no reps el correu en uns minuts, revisa la safata de correu no desitjat. Veure m\u00e9s estudis...\" \/>\n<meta property=\"og:url\" content=\"https:\/\/www.eurofirmsgroup.com\/ca\/gracie\/\" \/>\n<meta property=\"og:site_name\" content=\"Eurofirms Group\" \/>\n<meta property=\"article:modified_time\" content=\"2022-08-18T09:49:34+00:00\" \/>\n<meta property=\"og:image\" content=\"https:\/\/www.eurofirmsgroup.com\/wp-content\/uploads\/2020\/07\/logotipo-eurofirms-group-1.png\" \/>\n\t<meta property=\"og:image:width\" content=\"1200\" \/>\n\t<meta property=\"og:image:height\" content=\"630\" \/>\n\t<meta property=\"og:image:type\" content=\"image\/png\" \/>\n<meta name=\"twitter:card\" content=\"summary_large_image\" \/>\n<meta name=\"twitter:label1\" content=\"Temps estimat de lectura\" \/>\n\t<meta name=\"twitter:data1\" content=\"1 minut\" \/>\n<script type=\"application\/ld+json\" class=\"yoast-schema-graph\">{\"@context\":\"https:\/\/schema.org\",\"@graph\":[{\"@type\":\"WebPage\",\"@id\":\"https:\/\/www.eurofirmsgroup.com\/ca\/gracie\/\",\"url\":\"https:\/\/www.eurofirmsgroup.com\/ca\/gracie\/\",\"name\":\"Gr\u00e0cies - Eurofirms Group\",\"isPartOf\":{\"@id\":\"https:\/\/www.eurofirmsgroup.com\/#website\"},\"datePublished\":\"2022-03-16T16:02:43+00:00\",\"dateModified\":\"2022-08-18T09:49:34+00:00\",\"breadcrumb\":{\"@id\":\"https:\/\/www.eurofirmsgroup.com\/ca\/gracie\/#breadcrumb\"},\"inLanguage\":\"ca\",\"potentialAction\":[{\"@type\":\"ReadAction\",\"target\":[\"https:\/\/www.eurofirmsgroup.com\/ca\/gracie\/\"]}]},{\"@type\":\"BreadcrumbList\",\"@id\":\"https:\/\/www.eurofirmsgroup.com\/ca\/gracie\/#breadcrumb\",\"itemListElement\":[{\"@type\":\"ListItem\",\"position\":1,\"name\":\"Portada\",\"item\":\"https:\/\/www.eurofirmsgroup.com\/ca\/\"},{\"@type\":\"ListItem\",\"position\":2,\"name\":\"Gr\u00e0cies\"}]},{\"@type\":\"WebSite\",\"@id\":\"https:\/\/www.eurofirmsgroup.com\/#website\",\"url\":\"https:\/\/www.eurofirmsgroup.com\/\",\"name\":\"Eurofirms Group\",\"description\":\"1\u00aa empresa nacional de RR. HH.\",\"potentialAction\":[{\"@type\":\"SearchAction\",\"target\":{\"@type\":\"EntryPoint\",\"urlTemplate\":\"https:\/\/www.eurofirmsgroup.com\/?s={search_term_string}\"},\"query-input\":\"required name=search_term_string\"}],\"inLanguage\":\"ca\"}]}<\/script>\n<!-- \/ Yoast SEO plugin. -->","yoast_head_json":{"title":"Gr\u00e0cies - Eurofirms Group","robots":{"index":"index","follow":"follow","max-snippet":"max-snippet:-1","max-image-preview":"max-image-preview:large","max-video-preview":"max-video-preview:-1"},"canonical":"https:\/\/www.eurofirmsgroup.com\/ca\/gracie\/","og_locale":"ca_ES","og_type":"article","og_title":"Gr\u00e0cies - Eurofirms Group","og_description":"Gr\u00e0cies per descarregar el nostre estudi. Rebr\u00e0s l\u2019estudi sencer al seu correu ara mateix. Estem segurs que l\u2019informe t&#8217;aportar\u00e0 les dades i refer\u00e8ncies necess\u00e0ries per con\u00e8ixer l\u2019estat de l\u2019ocupabilitat del sector i millorar de cara al futur. Si no reps el correu en uns minuts, revisa la safata de correu no desitjat. Veure m\u00e9s estudis...","og_url":"https:\/\/www.eurofirmsgroup.com\/ca\/gracie\/","og_site_name":"Eurofirms Group","article_modified_time":"2022-08-18T09:49:34+00:00","og_image":[{"width":1200,"height":630,"url":"https:\/\/www.eurofirmsgroup.com\/wp-content\/uploads\/2020\/07\/logotipo-eurofirms-group-1.png","type":"image\/png"}],"twitter_card":"summary_large_image","twitter_misc":{"Temps estimat de lectura":"1 minut"},"schema":{"@context":"https:\/\/schema.org","@graph":[{"@type":"WebPage","@id":"https:\/\/www.eurofirmsgroup.com\/ca\/gracie\/","url":"https:\/\/www.eurofirmsgroup.com\/ca\/gracie\/","name":"Gr\u00e0cies - Eurofirms Group","isPartOf":{"@id":"https:\/\/www.eurofirmsgroup.com\/#website"},"datePublished":"2022-03-16T16:02:43+00:00","dateModified":"2022-08-18T09:49:34+00:00","breadcrumb":{"@id":"https:\/\/www.eurofirmsgroup.com\/ca\/gracie\/#breadcrumb"},"inLanguage":"ca","potentialAction":[{"@type":"ReadAction","target":["https:\/\/www.eurofirmsgroup.com\/ca\/gracie\/"]}]},{"@type":"BreadcrumbList","@id":"https:\/\/www.eurofirmsgroup.com\/ca\/gracie\/#breadcrumb","itemListElement":[{"@type":"ListItem","position":1,"name":"Portada","item":"https:\/\/www.eurofirmsgroup.com\/ca\/"},{"@type":"ListItem","position":2,"name":"Gr\u00e0cies"}]},{"@type":"WebSite","@id":"https:\/\/www.eurofirmsgroup.com\/#website","url":"https:\/\/www.eurofirmsgroup.com\/","name":"Eurofirms Group","description":"1\u00aa empresa nacional de RR. HH.","potentialAction":[{"@type":"SearchAction","target":{"@type":"EntryPoint","urlTemplate":"https:\/\/www.eurofirmsgroup.com\/?s={search_term_string}"},"query-input":"required name=search_term_string"}],"inLanguage":"ca"}]}},"_links":{"self":[{"href":"https:\/\/www.eurofirmsgroup.com\/ca\/wp-json\/wp\/v2\/pages\/20859"}],"collection":[{"href":"https:\/\/www.eurofirmsgroup.com\/ca\/wp-json\/wp\/v2\/pages"}],"about":[{"href":"https:\/\/www.eurofirmsgroup.com\/ca\/wp-json\/wp\/v2\/types\/page"}],"author":[{"embeddable":true,"href":"https:\/\/www.eurofirmsgroup.com\/ca\/wp-json\/wp\/v2\/users\/3"}],"replies":[{"embeddable":true,"href":"https:\/\/www.eurofirmsgroup.com\/ca\/wp-json\/wp\/v2\/comments?post=20859"}],"version-history":[{"count":18,"href":"https:\/\/www.eurofirmsgroup.com\/ca\/wp-json\/wp\/v2\/pages\/20859\/revisions"}],"predecessor-version":[{"id":20917,"href":"https:\/\/www.eurofirmsgroup.com\/ca\/wp-json\/wp\/v2\/pages\/20859\/revisions\/20917"}],"wp:attachment":[{"href":"https:\/\/www.eurofirmsgroup.com\/ca\/wp-json\/wp\/v2\/media?parent=20859"}],"curies":[{"name":"wp","href":"https:\/\/api.w.org\/{rel}","templated":true}]}}