{"id":992,"date":"2020-04-01T08:45:42","date_gmt":"2020-04-01T08:45:42","guid":{"rendered":"https:\/\/www.eurofirmsgroup.com\/aviso-legal\/"},"modified":"2023-01-23T10:11:56","modified_gmt":"2023-01-23T08:11:56","slug":"avis-legal","status":"publish","type":"page","link":"https:\/\/www.eurofirmsgroup.com\/ca\/avis-legal\/","title":{"rendered":"Av\u00eds legal"},"content":{"rendered":"\t\t<div data-elementor-type=\"wp-page\" data-elementor-id=\"992\" class=\"elementor elementor-992 elementor-59\">\n\t\t\t\t\t\t\t\t\t<section class=\"elementor-section elementor-top-section elementor-element elementor-element-4d4c4b91 elementor-section-boxed elementor-section-height-default elementor-section-height-default\" data-id=\"4d4c4b91\" data-element_type=\"section\">\n\t\t\t\t\t\t<div class=\"elementor-container elementor-column-gap-default\">\n\t\t\t\t\t<div class=\"elementor-column elementor-col-100 elementor-top-column elementor-element elementor-element-278e65bd\" data-id=\"278e65bd\" data-element_type=\"column\">\n\t\t\t<div class=\"elementor-widget-wrap elementor-element-populated\">\n\t\t\t\t\t\t\t\t<div class=\"elementor-element elementor-element-3fb6804d elementor-widget elementor-widget-text-editor\" data-id=\"3fb6804d\" data-element_type=\"widget\" data-widget_type=\"text-editor.default\">\n\t\t\t\t<div class=\"elementor-widget-container\">\n\t\t\t\t\t\t\t\n<p>Aquesta p\u00e0gina Web \u00e9s propietat d\u2019EUROFIRMS GROUP, S.L.U., amb domicili a C. Pla de l\u2019Estany, 17 (17244 Cass\u00e0 de la Selva), NIF n\u00famero B55234694, inscrita al Registre Mercantil de Girona al Tom 720, foli 169, full GI-13787.<\/p>\n\n<p>EUROFIRMS GROUP engloba a les seg\u00fcents empreses:<\/p>\n\n<ul>\n<li>CLAIRE JOSTER GROUP SLU \u2013 B55319099<\/li>\n<li>CORNERJOB SPAIN \u2013 B66621723<\/li>\n<li>EUROFIRMS CHILE EST SPA \u2013 77038711-6<\/li>\n<li>EUROFIRMS ETT, SLU \u2013 B17880550<\/li>\n<li>EUROFIRMS FUNDACI\u00d3 \u2013 G17966532<\/li>\n<li>EUROFIRMS PORTUGAL SGPS \u2013 513756426<\/li>\n<li>EUROFIRMS SERVI\u00c7OS LDA \u2013 510670385<\/li>\n<li>EUROFIRMS TALENT LDA \u2013 513499237<\/li>\n<li>EUROFIRMS TRABALHO TEMPORARIO LDA \u2013 510661408<\/li>\n<li>INNERIA CHILE SPA \u2013 77038708-6<\/li>\n<li>INNERIA CLEANING SLU \u2013 B83944611<\/li>\n<li>INNERIA CONTACT CENTER SLU \u2013 B87558920<\/li>\n<li>INNERIA SOCIAL SLU \u2013 B33846197<\/li>\n<li>INNERIA SOLUTIONS SLU \u2013 B83327460<\/li>\n<li>INNERIA CENTRO ESPECIAL DE EMPLEO \u2013 B93484798<\/li>\n<li>JOB DIGITAL NETWORKS \u2013 B66583907<\/li>\n<li>TALENT SAVIOR TRAINING, SLU \u2013 B17601626<\/li>\n<li>TALENT SAVIOR, SLU \u2013 B86594264<\/li>\n<\/ul>\n\n<p>Per a qualsevol consulta o proposta, contacteu-nos trucant al tel\u00e8fon + 34 972 18 10 10, a l\u2019e-mail\u00a0<a href=\"mailto:info@eurofirms.com\">info@eurofirms.com<\/a>\u00a0o amb el Delegat de Protecci\u00f3 de Dades:\u00a0<a href=\"mailto:dpo@eurofirms.com\">dpo@eurofirms.com<\/a>.\u00a0<\/p>\n\n<p>Aquesta p\u00e0gina Web es regeix per la normativa exclusivament aplicable a Espanya, quedant sotmesa a aquesta, tant nacionals como estrangers que utilitzin aquest Web.<\/p>\n\n<p>L\u2019acc\u00e9s a la nostra p\u00e0gina Web per part de l\u2019USUARI \u00e9s gratu\u00eft i est\u00e0 condicionat a la pr\u00e8via lectura i acceptaci\u00f3 \u00edntegra, expressa i sense reserves de les presents CONDICIONS GENERALS D\u2019\u00daS vigents en el moment de l\u2019acc\u00e9s, que preguem que llegeixi detingudament. L\u2019USUARI en el moment que utilitza el nostre portal, els seus continguts o serveis, accepta i es sotmet expressament a les condicions generals d\u2019\u00fas del mateix. Si l\u2019usuari no estigu\u00e9s d\u2019acord amb les presents condicions d\u2019\u00fas, haur\u00e0 d\u2019abstenir-se d\u2019utilitzar aquest portal i operar mitjan\u00e7ant el mateix.<\/p>\n\n<p>En qualsevol moment podrem modificar la presentaci\u00f3 i configuraci\u00f3 del nostre Web, ampliar o reduir serveis, i fins i tot suprimir-lo de la xarxa, aix\u00ed com els serveis i continguts prestats, tot aix\u00f2 \u00a0de forma unilateral i sense previ av\u00eds.<\/p>\n\n<p><strong>PROPIETAT INTEL\u00b7LECTUAL<\/strong><\/p>\n\n<p>Tots els continguts, textos, imatges, i codis font s\u00f3n propietat d\u2019EUROFIRMS GROUP, S.L.U. o de tercers dels quals s\u2019han adquirit els seus drets d\u2019explotaci\u00f3, i estan protegits pels drets de Propietat Intel\u00b7lectual i Industrial.<\/p>\n\n<p>L\u2019usuari \u00fanicament t\u00e9 dret a un \u00fas privat d\u2019aquests, sense \u00e0nim de lucre, i necessita autoritzaci\u00f3 expressa per modificar-los, reproduir-los, explotar-los, distribuir-los o exercir qualsevol dret que pertanyi al seu titular.<\/p>\n\n<p>EUROFIRMS \u00e9s una marca registrada, i est\u00e0 prohibida la seva reproducci\u00f3, imitaci\u00f3, utilitzaci\u00f3 o inserci\u00f3 d\u2019aquestes marques sense la nostra deguda autoritzaci\u00f3.<\/p>\n\n<p>L\u2019establiment d\u2019enlla\u00e7os al nostre portal no confereix cap dret sobre el mateix. Aix\u00ed mateix, el simple fet d\u2019establir un enlla\u00e7 a la nostra p\u00e0gina web no dona dret a atorgar-se la categoria de col\u00b7laborador o soci.<\/p>\n\n<p>EUROFIRMS GROUP queda exonerat de responsabilitat per qualsevol reclamaci\u00f3 respecte als drets de propietat intel\u00b7lectual dels articles i imatges publicades per tercers en el seu portal.<\/p>\n\n<p>Est\u00e0 absolutament prohibida la imitaci\u00f3 ja sigui total o parcial del nostre portal.<\/p>\n\n<p><strong>CONDICIONS D\u2019ACC\u00c9S I \u00daS<\/strong><\/p>\n\n<p>L\u2019acc\u00e9s a la nostra p\u00e0gina Web \u00e9s gratu\u00eft i no exigeix subscripci\u00f3 o registre previ. No obstant aix\u00f2, determinats serveis s\u00f3n d\u2019acc\u00e9s restringit a determinats usuaris i requereixen haver realitzat un proc\u00e9s de registre i\/o la identificaci\u00f3 mitjan\u00e7ant contrasenyes. Aquests serveis quedaran degudament identificats al Web.<\/p>\n\n<p>L\u2019enviament de dades personals implica l\u2019acceptaci\u00f3 expressa per part de l\u2019USUARI de la nostra pol\u00edtica de privacitat.<\/p>\n\n<p>L\u2019usuari ha d\u2019accedir a la nostra p\u00e0gina Web conforme a la bona fe, les normes d\u2019ordre p\u00fablic i a les presents Condicions Generals d\u2019\u00fas. L\u2019acc\u00e9s al nostre Web es realitza sota la pr\u00f2pia i exclusiva responsabilitat de l\u2019usuari, que respondr\u00e0 en tot cas dels danys i perjudicis que pot causar a tercers o a nosaltres mateixos.<\/p>\n\n<p>L\u2019usuari t\u00e9 expressament prohibida la utilitzaci\u00f3 i obtenci\u00f3 dels serveis i continguts oferts en aquesta p\u00e0gina web, per procediments diferents als estipulats en les presents condicions d\u2019\u00fas.<\/p>\n\n<p>L\u2019USUARI t\u00e9 prohibit qualsevol tipus d\u2019acci\u00f3 sobre el nostre portal que origini una excessiva sobrec\u00e0rrega de funcionament als nostres sistemes inform\u00e0tics, aix\u00ed com la introducci\u00f3 de virus, o instal\u00b7laci\u00f3 de robots, o software que alteri el normal funcionament del nostre web, o en definitiva pugui causar danys als nostres sistemes inform\u00e0tics.<\/p>\n\n<p>Tenint en compte la impossibilitat de control respecte a la informaci\u00f3, continguts i serveis que continguin altres p\u00e0gines web a les quals es pugui accedir a trav\u00e9s dels enlla\u00e7os que la nostra p\u00e0gina web pugui posar a la seva disposici\u00f3, li comuniquem que EUROFIRMS GROUP queda eximida de qualsevol responsabilitat pels danys i perjudicis de tota classe que puguin derivar per la utilitzaci\u00f3 d\u2019aquestes p\u00e0gines web, alienes a nostra empresa, per part de l\u2019usuari.<\/p>\n\n<p>EUROFIRMS GROUP es reserva el dret unilateral i sense preav\u00eds de donar de baixa a qualsevol USUARI que l\u2019organitzaci\u00f3 entengui que ha vulnerat les condicions que regeixen l\u2019\u00fas de la nostra p\u00e0gina web, sense que l\u2019USUARI tingui dret a reclamaci\u00f3 de cap tipus per aquest tipus d\u2019accions. De la mateixa manera, es reserva el dret d\u2019exercitar les accions legals oportunes contra aquells que vulnerin les presents condicions generals d\u2019\u00fas, acceptant l\u2019USUARI que la no iniciaci\u00f3 d\u2019aquestes accions no constitueix una ren\u00fancia formal a les mateixes, romanent aquestes vigents fins als terminis legals de prescripci\u00f3 de les infraccions.<\/p>\n\n<p><strong>POL\u00cdTICA DE PRIVACITAT<\/strong><\/p>\n\n<p>La confidencialitat i la seguretat s\u00f3n valors primordials d\u2019EUROFIRMS GROUP i, en conseq\u00fc\u00e8ncia, assumim el comprom\u00eds de garantir la privacitat de l\u2019Usuari en tot moment i de no recavar informaci\u00f3 innecess\u00e0ria.<\/p>\n\n<p>El subministrament de dades personals a trav\u00e9s del nostre portal requereix una edat m\u00ednima de 14 anys i l\u2019acceptaci\u00f3 expressa de la nostra\u00a0<a href=\"https:\/\/www.eurofirmsgroup.com\/ca\/politica-de-privacitat\/\" target=\"_blank\" rel=\"noreferrer noopener\" aria-label=\"undefined (abre en una nueva pesta\u00f1a)\">Pol\u00edtica de Privacitat<\/a>.<\/p>\n\n<p><strong>RESPONSABILITATS<\/strong><\/p>\n\n<p>En posar a disposici\u00f3 de l\u2019usuari aquesta p\u00e0gina Web volem oferir-li un servei de qualitat, utilitzant la m\u00e0xima dilig\u00e8ncia en la prestaci\u00f3 del mateix, aix\u00ed com en els mitjans tecnol\u00f2gics utilitzats. No obstant aix\u00f2, no respondrem de la pres\u00e8ncia de virus i altres elements que d\u2019alguna manera puguin perjudicar el sistema inform\u00e0tic de l\u2019usuari.<\/p>\n\n<p>EUROFIRMS GROUP no garanteix que la disponibilitat del servei sigui continua i ininterrompuda, per circumst\u00e0ncies originades per problemes a la xarxa d\u2019Internet, averies en els dispositius inform\u00e0tics o altres circumst\u00e0ncies imprevisibles, de manera que l\u2019USUARI accepta suportar dins d\u2019uns l\u00edmits raonables aquestes circumst\u00e0ncies, per la qual cosa renuncia expressament a reclamar a EUROFIRMS GROUP qualsevol responsabilitat pels possibles errors i \u00fas del servei.<\/p>\n\n<p>L\u2019USUARI assumeix tota la responsabilitat derivada de l\u2019\u00fas de la nostra p\u00e0gina web, essent l\u2019\u00fanic responsable de tot efecte directe o indirecte que sobre la p\u00e0gina web es derivi, incloent, de forma enunciativa i no limitativa, tot resultat econ\u00f2mic, t\u00e8cnic i\/o jur\u00eddic advers, aix\u00ed com la defraudaci\u00f3 de les expectatives generades pel nostre portal, obligant-se l\u2019usuari a mantenir indemne a EUROFIRMS GROUP per qualsevol reclamaci\u00f3 derivada, directament o indirectament d\u2019aquests fets.<\/p>\n\n<p>EUROFIRMS GROUP no garanteix l\u2019exactitud, veracitat i vig\u00e8ncia dels continguts d\u2019aquesta p\u00e0gina web, ja siguin propis, de tercers, o enlla\u00e7ables a altres webs, quedant totalment exonerada de qualsevol responsabilitat derivada de l\u2019\u00fas dels mateixos.<\/p>\n\n<p>EUROFIRMS GROUP queda exonerada de qualsevol responsabilitat derivada de qualsevol reclamaci\u00f3, incl\u00f2s el pagament d\u2019honoraris a advocats, per les demandes i reclamacions originades per tercers per l\u2019incompliment per part de l\u2019USUARI de les nostres condicions d\u2019\u00fas, acc\u00e9s i pol\u00edtica de privacitat, o qualsevol altra reclamaci\u00f3 per l\u2019incompliment de la legislaci\u00f3 vigent.<\/p>\n\n<p>L\u2019USUARI reconeix que ha ent\u00e8s tota la informaci\u00f3 respecte a les condicions d\u2019\u00fas del nostre portal, i reconeix que s\u00f3n suficients per a l\u2019exclusi\u00f3 de l\u2019error en les mateixes, i per tant, les accepta \u00edntegrament i expressament.<\/p>\n\n<p>L\u2019USUARI \u00e9s plenament conscient que la simple navegaci\u00f3 per la present p\u00e0gina web, aix\u00ed com la utilitzaci\u00f3 dels seus serveis, implica l\u2019acceptaci\u00f3 de les presentes condicions d\u2019\u00fas.<\/p>\n\n<p>Tot el referent a la nostra p\u00e0gina web, es regeix exclusivament por les lleis espanyoles. En el cas que es produeixi qualsevol tipus de discrep\u00e0ncia o difer\u00e8ncia entre les parts en relaci\u00f3 amb la interpretaci\u00f3 i contingut de la present p\u00e0gina web, totes les parts es sotmeten, amb ren\u00fancia expressa a qualsevol altre fur, als Jutjats i Tribunals de Girona.<\/p>\n\n<p><strong>VIG\u00c8NCIA DE LES CONDICIONS GENERALS D\u2019ACC\u00c9S A LA WEB<\/strong><\/p>\n\n<p>Les presents Condicions Generals d\u2019\u00das han estat modificades amb data 22\/08\/2019. En qualsevol moment podem procedir a la seva modificaci\u00f3: si us plau, comprovi la data d\u2019emissi\u00f3 cada vegada que es connecti a la nostra p\u00e0gina Web i aix\u00ed tindr\u00e0 la certesa que no s\u2019ha produ\u00eft cap modificaci\u00f3\u00a0 que li afecti.<\/p>\n\n<p>Per a qualsevol q\u00fcesti\u00f3 respecte a les Condicions d\u2019\u00das de la nostra p\u00e0gina web, pot posar-se en contacte amb nosaltres en les dades a dalt indicades, o amb Lant Abogados a\u00a0<a href=\"mailto:info@lant-abogados.com\">info@lant-abogados.com<\/a>\u00a0o a\u00a0<a href=\"http:\/\/www.lant-abogados.com\/\">www.lant-abogados.com<\/a>. \u00a0<\/p>\n\t\t\t\t\t\t<\/div>\n\t\t\t\t<\/div>\n\t\t\t\t\t<\/div>\n\t\t<\/div>\n\t\t\t\t\t\t\t<\/div>\n\t\t<\/section>\n\t\t\t\t\t\t\t<\/div>\n\t\t","protected":false},"excerpt":{"rendered":"<p>Aquesta p\u00e0gina Web \u00e9s propietat d\u2019EUROFIRMS GROUP, S.L.U., amb domicili a C. Pla de l\u2019Estany, 17 (17244 Cass\u00e0 de la Selva), NIF n\u00famero B55234694, inscrita al Registre Mercantil de Girona al Tom 720, foli 169, full GI-13787. EUROFIRMS GROUP engloba a les seg\u00fcents empreses: CLAIRE JOSTER GROUP SLU \u2013 B55319099 CORNERJOB SPAIN \u2013 B66621723 EUROFIRMS&#8230;<\/p>\n","protected":false},"author":1,"featured_media":0,"parent":0,"menu_order":0,"comment_status":"closed","ping_status":"closed","template":"templates\/legal.php","meta":{"footnotes":""},"acf":[],"yoast_head":"<!-- This site is optimized with the Yoast SEO plugin v20.13 - https:\/\/yoast.com\/wordpress\/plugins\/seo\/ -->\n<title>Av\u00eds legal - Eurofirms Group<\/title>\n<meta name=\"robots\" content=\"noindex, follow\" \/>\n<meta property=\"og:locale\" content=\"ca_ES\" \/>\n<meta property=\"og:type\" content=\"article\" \/>\n<meta property=\"og:title\" content=\"Av\u00eds legal - Eurofirms Group\" \/>\n<meta property=\"og:description\" content=\"Aquesta p\u00e0gina Web \u00e9s propietat d\u2019EUROFIRMS GROUP, S.L.U., amb domicili a C. Pla de l\u2019Estany, 17 (17244 Cass\u00e0 de la Selva), NIF n\u00famero B55234694, inscrita al Registre Mercantil de Girona al Tom 720, foli 169, full GI-13787. EUROFIRMS GROUP engloba a les seg\u00fcents empreses: CLAIRE JOSTER GROUP SLU \u2013 B55319099 CORNERJOB SPAIN \u2013 B66621723 EUROFIRMS...\" \/>\n<meta property=\"og:url\" content=\"https:\/\/www.eurofirmsgroup.com\/ca\/avis-legal\/\" \/>\n<meta property=\"og:site_name\" content=\"Eurofirms Group\" \/>\n<meta property=\"article:modified_time\" content=\"2023-01-23T08:11:56+00:00\" \/>\n<meta property=\"og:image\" content=\"https:\/\/www.eurofirmsgroup.com\/wp-content\/uploads\/2020\/07\/logotipo-eurofirms-group-1.png\" \/>\n\t<meta property=\"og:image:width\" content=\"1200\" \/>\n\t<meta property=\"og:image:height\" content=\"630\" \/>\n\t<meta property=\"og:image:type\" content=\"image\/png\" \/>\n<meta name=\"twitter:card\" content=\"summary_large_image\" \/>\n<meta name=\"twitter:label1\" content=\"Temps estimat de lectura\" \/>\n\t<meta name=\"twitter:data1\" content=\"8 minuts\" \/>\n<script type=\"application\/ld+json\" class=\"yoast-schema-graph\">{\"@context\":\"https:\/\/schema.org\",\"@graph\":[{\"@type\":\"WebPage\",\"@id\":\"https:\/\/www.eurofirmsgroup.com\/ca\/avis-legal\/\",\"url\":\"https:\/\/www.eurofirmsgroup.com\/ca\/avis-legal\/\",\"name\":\"Av\u00eds legal - Eurofirms Group\",\"isPartOf\":{\"@id\":\"https:\/\/www.eurofirmsgroup.com\/#website\"},\"datePublished\":\"2020-04-01T08:45:42+00:00\",\"dateModified\":\"2023-01-23T08:11:56+00:00\",\"breadcrumb\":{\"@id\":\"https:\/\/www.eurofirmsgroup.com\/ca\/avis-legal\/#breadcrumb\"},\"inLanguage\":\"ca\",\"potentialAction\":[{\"@type\":\"ReadAction\",\"target\":[\"https:\/\/www.eurofirmsgroup.com\/ca\/avis-legal\/\"]}]},{\"@type\":\"BreadcrumbList\",\"@id\":\"https:\/\/www.eurofirmsgroup.com\/ca\/avis-legal\/#breadcrumb\",\"itemListElement\":[{\"@type\":\"ListItem\",\"position\":1,\"name\":\"Portada\",\"item\":\"https:\/\/www.eurofirmsgroup.com\/ca\/\"},{\"@type\":\"ListItem\",\"position\":2,\"name\":\"Av\u00eds legal\"}]},{\"@type\":\"WebSite\",\"@id\":\"https:\/\/www.eurofirmsgroup.com\/#website\",\"url\":\"https:\/\/www.eurofirmsgroup.com\/\",\"name\":\"Eurofirms Group\",\"description\":\"1\u00aa empresa nacional de RR. HH.\",\"potentialAction\":[{\"@type\":\"SearchAction\",\"target\":{\"@type\":\"EntryPoint\",\"urlTemplate\":\"https:\/\/www.eurofirmsgroup.com\/?s={search_term_string}\"},\"query-input\":\"required name=search_term_string\"}],\"inLanguage\":\"ca\"}]}<\/script>\n<!-- \/ Yoast SEO plugin. -->","yoast_head_json":{"title":"Av\u00eds legal - Eurofirms Group","robots":{"index":"noindex","follow":"follow"},"og_locale":"ca_ES","og_type":"article","og_title":"Av\u00eds legal - Eurofirms Group","og_description":"Aquesta p\u00e0gina Web \u00e9s propietat d\u2019EUROFIRMS GROUP, S.L.U., amb domicili a C. Pla de l\u2019Estany, 17 (17244 Cass\u00e0 de la Selva), NIF n\u00famero B55234694, inscrita al Registre Mercantil de Girona al Tom 720, foli 169, full GI-13787. EUROFIRMS GROUP engloba a les seg\u00fcents empreses: CLAIRE JOSTER GROUP SLU \u2013 B55319099 CORNERJOB SPAIN \u2013 B66621723 EUROFIRMS...","og_url":"https:\/\/www.eurofirmsgroup.com\/ca\/avis-legal\/","og_site_name":"Eurofirms Group","article_modified_time":"2023-01-23T08:11:56+00:00","og_image":[{"width":1200,"height":630,"url":"https:\/\/www.eurofirmsgroup.com\/wp-content\/uploads\/2020\/07\/logotipo-eurofirms-group-1.png","type":"image\/png"}],"twitter_card":"summary_large_image","twitter_misc":{"Temps estimat de lectura":"8 minuts"},"schema":{"@context":"https:\/\/schema.org","@graph":[{"@type":"WebPage","@id":"https:\/\/www.eurofirmsgroup.com\/ca\/avis-legal\/","url":"https:\/\/www.eurofirmsgroup.com\/ca\/avis-legal\/","name":"Av\u00eds legal - Eurofirms Group","isPartOf":{"@id":"https:\/\/www.eurofirmsgroup.com\/#website"},"datePublished":"2020-04-01T08:45:42+00:00","dateModified":"2023-01-23T08:11:56+00:00","breadcrumb":{"@id":"https:\/\/www.eurofirmsgroup.com\/ca\/avis-legal\/#breadcrumb"},"inLanguage":"ca","potentialAction":[{"@type":"ReadAction","target":["https:\/\/www.eurofirmsgroup.com\/ca\/avis-legal\/"]}]},{"@type":"BreadcrumbList","@id":"https:\/\/www.eurofirmsgroup.com\/ca\/avis-legal\/#breadcrumb","itemListElement":[{"@type":"ListItem","position":1,"name":"Portada","item":"https:\/\/www.eurofirmsgroup.com\/ca\/"},{"@type":"ListItem","position":2,"name":"Av\u00eds legal"}]},{"@type":"WebSite","@id":"https:\/\/www.eurofirmsgroup.com\/#website","url":"https:\/\/www.eurofirmsgroup.com\/","name":"Eurofirms Group","description":"1\u00aa empresa nacional de RR. HH.","potentialAction":[{"@type":"SearchAction","target":{"@type":"EntryPoint","urlTemplate":"https:\/\/www.eurofirmsgroup.com\/?s={search_term_string}"},"query-input":"required name=search_term_string"}],"inLanguage":"ca"}]}},"_links":{"self":[{"href":"https:\/\/www.eurofirmsgroup.com\/ca\/wp-json\/wp\/v2\/pages\/992"}],"collection":[{"href":"https:\/\/www.eurofirmsgroup.com\/ca\/wp-json\/wp\/v2\/pages"}],"about":[{"href":"https:\/\/www.eurofirmsgroup.com\/ca\/wp-json\/wp\/v2\/types\/page"}],"author":[{"embeddable":true,"href":"https:\/\/www.eurofirmsgroup.com\/ca\/wp-json\/wp\/v2\/users\/1"}],"replies":[{"embeddable":true,"href":"https:\/\/www.eurofirmsgroup.com\/ca\/wp-json\/wp\/v2\/comments?post=992"}],"version-history":[{"count":11,"href":"https:\/\/www.eurofirmsgroup.com\/ca\/wp-json\/wp\/v2\/pages\/992\/revisions"}],"predecessor-version":[{"id":22782,"href":"https:\/\/www.eurofirmsgroup.com\/ca\/wp-json\/wp\/v2\/pages\/992\/revisions\/22782"}],"wp:attachment":[{"href":"https:\/\/www.eurofirmsgroup.com\/ca\/wp-json\/wp\/v2\/media?parent=992"}],"curies":[{"name":"wp","href":"https:\/\/api.w.org\/{rel}","templated":true}]}}