{"id":14981,"date":"2020-09-09T11:11:10","date_gmt":"2020-09-09T09:11:10","guid":{"rendered":"https:\/\/www.eurofirmsgroup.com\/innovacion-y-sostenibilidad-social\/"},"modified":"2023-08-10T15:58:28","modified_gmt":"2023-08-10T13:58:28","slug":"innovacion-y-sostenibilidad-social","status":"publish","type":"page","link":"https:\/\/www.eurofirmsgroup.com\/es-cl\/innovacion-y-sostenibilidad-social\/","title":{"rendered":"Innovaci\u00f3n y sostenibilidad social"},"content":{"rendered":"\n<p>Para mejorar la vida de las personas, creamos empresas sostenibles, donde poder contribuir a su desarrollo y al de l\u00edderes con valores que estimulen nuestro proyecto. Un proyecto que parte de una visi\u00f3n human\u00edstica, de un capitalismo consciente que se centra en el bienestar de las personas.<\/p>\n\n\n\n<p>Nuestro prop\u00f3sito social, negocio y responsabilidad social corporativa no se tratan por separado. Al contrario. Es precisamente aqu\u00ed donde integramos nuestra RSC, porque m\u00e1s all\u00e1 de la responsabilidad social corporativa, nos gusta hablar y practicar la <strong>sostenibilidad y la innovaci\u00f3n social desde el People first<\/strong>.<\/p>\n\n\n\n<p>La igualdad forma parte de nuestra cultura y de nuestro prop\u00f3sito social, por eso contamos con un&nbsp;<strong><a href=\"https:\/\/www.eurofirmsgroup.com\/wp-content\/uploads\/2021\/03\/II-Plan-Igualdad-Eurofirms-Group-.pdf\" target=\"_blank\" rel=\"noreferrer noopener nofollow\">plan de igualdad<\/a><\/strong>&nbsp;que recoge las medidas que realizamos para mantener el mismo trato y las mismas oportunidades entre mujeres y hombres.<\/p>\n","protected":false},"excerpt":{"rendered":"<p>Para mejorar la vida de las personas, creamos empresas sostenibles, donde poder contribuir a su desarrollo y al de l\u00edderes con valores que estimulen nuestro proyecto. Un proyecto que parte de una visi\u00f3n human\u00edstica, de un capitalismo consciente que se centra en el bienestar de las personas. Nuestro prop\u00f3sito social, negocio y responsabilidad social corporativa&#8230;<\/p>\n","protected":false},"author":1,"featured_media":0,"parent":0,"menu_order":0,"comment_status":"closed","ping_status":"closed","template":"templates\/innovation.php","meta":{"footnotes":""},"acf":[],"yoast_head":"<!-- This site is optimized with the Yoast SEO plugin v20.13 - https:\/\/yoast.com\/wordpress\/plugins\/seo\/ -->\n<title>Innovaci\u00f3n y sostenibilidad social - Eurofirms Group<\/title>\n<meta name=\"robots\" content=\"index, follow, max-snippet:-1, max-image-preview:large, max-video-preview:-1\" \/>\n<link rel=\"canonical\" href=\"https:\/\/www.eurofirmsgroup.com\/es-cl\/innovacion-y-sostenibilidad-social\/\" \/>\n<meta property=\"og:locale\" content=\"es_ES\" \/>\n<meta property=\"og:type\" content=\"article\" \/>\n<meta property=\"og:title\" content=\"Innovaci\u00f3n y sostenibilidad social - Eurofirms Group\" \/>\n<meta property=\"og:description\" content=\"Para mejorar la vida de las personas, creamos empresas sostenibles, donde poder contribuir a su desarrollo y al de l\u00edderes con valores que estimulen nuestro proyecto. Un proyecto que parte de una visi\u00f3n human\u00edstica, de un capitalismo consciente que se centra en el bienestar de las personas. Nuestro prop\u00f3sito social, negocio y responsabilidad social corporativa...\" \/>\n<meta property=\"og:url\" content=\"https:\/\/www.eurofirmsgroup.com\/es-cl\/innovacion-y-sostenibilidad-social\/\" \/>\n<meta property=\"og:site_name\" content=\"Eurofirms Group\" \/>\n<meta property=\"article:modified_time\" content=\"2023-08-10T13:58:28+00:00\" \/>\n<meta property=\"og:image\" content=\"https:\/\/www.eurofirmsgroup.com\/wp-content\/uploads\/2020\/07\/logotipo-eurofirms-group-1.png\" \/>\n\t<meta property=\"og:image:width\" content=\"1200\" \/>\n\t<meta property=\"og:image:height\" content=\"630\" \/>\n\t<meta property=\"og:image:type\" content=\"image\/png\" \/>\n<meta name=\"twitter:card\" content=\"summary_large_image\" \/>\n<meta name=\"twitter:label1\" content=\"Est. reading time\" \/>\n\t<meta name=\"twitter:data1\" content=\"1 minuto\" \/>\n<script type=\"application\/ld+json\" class=\"yoast-schema-graph\">{\"@context\":\"https:\/\/schema.org\",\"@graph\":[{\"@type\":\"WebPage\",\"@id\":\"https:\/\/www.eurofirmsgroup.com\/es-cl\/innovacion-y-sostenibilidad-social\/\",\"url\":\"https:\/\/www.eurofirmsgroup.com\/es-cl\/innovacion-y-sostenibilidad-social\/\",\"name\":\"Innovaci\u00f3n y sostenibilidad social - Eurofirms Group\",\"isPartOf\":{\"@id\":\"https:\/\/www.eurofirmsgroup.com\/#website\"},\"datePublished\":\"2020-09-09T09:11:10+00:00\",\"dateModified\":\"2023-08-10T13:58:28+00:00\",\"breadcrumb\":{\"@id\":\"https:\/\/www.eurofirmsgroup.com\/es-cl\/innovacion-y-sostenibilidad-social\/#breadcrumb\"},\"inLanguage\":\"es-CL\",\"potentialAction\":[{\"@type\":\"ReadAction\",\"target\":[\"https:\/\/www.eurofirmsgroup.com\/es-cl\/innovacion-y-sostenibilidad-social\/\"]}]},{\"@type\":\"BreadcrumbList\",\"@id\":\"https:\/\/www.eurofirmsgroup.com\/es-cl\/innovacion-y-sostenibilidad-social\/#breadcrumb\",\"itemListElement\":[{\"@type\":\"ListItem\",\"position\":1,\"name\":\"Portada\",\"item\":\"https:\/\/www.eurofirmsgroup.com\/es-cl\/\"},{\"@type\":\"ListItem\",\"position\":2,\"name\":\"Innovaci\u00f3n y sostenibilidad social\"}]},{\"@type\":\"WebSite\",\"@id\":\"https:\/\/www.eurofirmsgroup.com\/#website\",\"url\":\"https:\/\/www.eurofirmsgroup.com\/\",\"name\":\"Eurofirms Group\",\"description\":\"1\u00aa empresa nacional de RR. HH.\",\"potentialAction\":[{\"@type\":\"SearchAction\",\"target\":{\"@type\":\"EntryPoint\",\"urlTemplate\":\"https:\/\/www.eurofirmsgroup.com\/?s={search_term_string}\"},\"query-input\":\"required name=search_term_string\"}],\"inLanguage\":\"es-CL\"}]}<\/script>\n<!-- \/ Yoast SEO plugin. -->","yoast_head_json":{"title":"Innovaci\u00f3n y sostenibilidad social - Eurofirms Group","robots":{"index":"index","follow":"follow","max-snippet":"max-snippet:-1","max-image-preview":"max-image-preview:large","max-video-preview":"max-video-preview:-1"},"canonical":"https:\/\/www.eurofirmsgroup.com\/es-cl\/innovacion-y-sostenibilidad-social\/","og_locale":"es_ES","og_type":"article","og_title":"Innovaci\u00f3n y sostenibilidad social - Eurofirms Group","og_description":"Para mejorar la vida de las personas, creamos empresas sostenibles, donde poder contribuir a su desarrollo y al de l\u00edderes con valores que estimulen nuestro proyecto. Un proyecto que parte de una visi\u00f3n human\u00edstica, de un capitalismo consciente que se centra en el bienestar de las personas. Nuestro prop\u00f3sito social, negocio y responsabilidad social corporativa...","og_url":"https:\/\/www.eurofirmsgroup.com\/es-cl\/innovacion-y-sostenibilidad-social\/","og_site_name":"Eurofirms Group","article_modified_time":"2023-08-10T13:58:28+00:00","og_image":[{"width":1200,"height":630,"url":"https:\/\/www.eurofirmsgroup.com\/wp-content\/uploads\/2020\/07\/logotipo-eurofirms-group-1.png","type":"image\/png"}],"twitter_card":"summary_large_image","twitter_misc":{"Est. reading time":"1 minuto"},"schema":{"@context":"https:\/\/schema.org","@graph":[{"@type":"WebPage","@id":"https:\/\/www.eurofirmsgroup.com\/es-cl\/innovacion-y-sostenibilidad-social\/","url":"https:\/\/www.eurofirmsgroup.com\/es-cl\/innovacion-y-sostenibilidad-social\/","name":"Innovaci\u00f3n y sostenibilidad social - Eurofirms Group","isPartOf":{"@id":"https:\/\/www.eurofirmsgroup.com\/#website"},"datePublished":"2020-09-09T09:11:10+00:00","dateModified":"2023-08-10T13:58:28+00:00","breadcrumb":{"@id":"https:\/\/www.eurofirmsgroup.com\/es-cl\/innovacion-y-sostenibilidad-social\/#breadcrumb"},"inLanguage":"es-CL","potentialAction":[{"@type":"ReadAction","target":["https:\/\/www.eurofirmsgroup.com\/es-cl\/innovacion-y-sostenibilidad-social\/"]}]},{"@type":"BreadcrumbList","@id":"https:\/\/www.eurofirmsgroup.com\/es-cl\/innovacion-y-sostenibilidad-social\/#breadcrumb","itemListElement":[{"@type":"ListItem","position":1,"name":"Portada","item":"https:\/\/www.eurofirmsgroup.com\/es-cl\/"},{"@type":"ListItem","position":2,"name":"Innovaci\u00f3n y sostenibilidad social"}]},{"@type":"WebSite","@id":"https:\/\/www.eurofirmsgroup.com\/#website","url":"https:\/\/www.eurofirmsgroup.com\/","name":"Eurofirms Group","description":"1\u00aa empresa nacional de RR. HH.","potentialAction":[{"@type":"SearchAction","target":{"@type":"EntryPoint","urlTemplate":"https:\/\/www.eurofirmsgroup.com\/?s={search_term_string}"},"query-input":"required name=search_term_string"}],"inLanguage":"es-CL"}]}},"_links":{"self":[{"href":"https:\/\/www.eurofirmsgroup.com\/es-cl\/wp-json\/wp\/v2\/pages\/14981"}],"collection":[{"href":"https:\/\/www.eurofirmsgroup.com\/es-cl\/wp-json\/wp\/v2\/pages"}],"about":[{"href":"https:\/\/www.eurofirmsgroup.com\/es-cl\/wp-json\/wp\/v2\/types\/page"}],"author":[{"embeddable":true,"href":"https:\/\/www.eurofirmsgroup.com\/es-cl\/wp-json\/wp\/v2\/users\/1"}],"replies":[{"embeddable":true,"href":"https:\/\/www.eurofirmsgroup.com\/es-cl\/wp-json\/wp\/v2\/comments?post=14981"}],"version-history":[{"count":3,"href":"https:\/\/www.eurofirmsgroup.com\/es-cl\/wp-json\/wp\/v2\/pages\/14981\/revisions"}],"predecessor-version":[{"id":23786,"href":"https:\/\/www.eurofirmsgroup.com\/es-cl\/wp-json\/wp\/v2\/pages\/14981\/revisions\/23786"}],"wp:attachment":[{"href":"https:\/\/www.eurofirmsgroup.com\/es-cl\/wp-json\/wp\/v2\/media?parent=14981"}],"curies":[{"name":"wp","href":"https:\/\/api.w.org\/{rel}","templated":true}]}}