{"id":14995,"date":"2020-04-01T08:53:46","date_gmt":"2020-04-01T08:53:46","guid":{"rendered":"https:\/\/www.eurofirmsgroup.com\/politica-de-cookies\/"},"modified":"2022-11-11T17:34:01","modified_gmt":"2022-11-11T15:34:01","slug":"politica-de-cookies","status":"publish","type":"page","link":"https:\/\/www.eurofirmsgroup.com\/es-cl\/politica-de-cookies\/","title":{"rendered":"Pol\u00edtica de cookies"},"content":{"rendered":"\t\t<div data-elementor-type=\"wp-page\" data-elementor-id=\"14995\" class=\"elementor elementor-14995 elementor-62\">\n\t\t\t\t\t\t\t\t\t<section class=\"elementor-section elementor-top-section elementor-element elementor-element-105f567a elementor-section-boxed elementor-section-height-default elementor-section-height-default\" data-id=\"105f567a\" data-element_type=\"section\">\n\t\t\t\t\t\t<div class=\"elementor-container elementor-column-gap-default\">\n\t\t\t\t\t<div class=\"elementor-column elementor-col-100 elementor-top-column elementor-element elementor-element-5b333224\" data-id=\"5b333224\" data-element_type=\"column\">\n\t\t\t<div class=\"elementor-widget-wrap elementor-element-populated\">\n\t\t\t\t\t\t\t\t<div class=\"elementor-element elementor-element-6943f7a3 elementor-widget elementor-widget-text-editor\" data-id=\"6943f7a3\" data-element_type=\"widget\" data-widget_type=\"text-editor.default\">\n\t\t\t\t<div class=\"elementor-widget-container\">\n\t\t\t\t\t\t\t\n<h2>Informaci\u00f3n del uso de cookies<\/h2>\n\n\n\n<h4><strong>\u00bfQu\u00e9 son las cookies?<\/strong><\/h4>\n\n\n\n<p>Las cookies son peque\u00f1os archivos de datos que se reciben en el terminal desde el sitio Web visitado y se usan para registrar ciertas interacciones de la navegaci\u00f3n en un sitio Web almacenando datos que podr\u00e1n ser actualizados y recuperados. Estos archivos se almacenan en el ordenador del usuario y contiene datos an\u00f3nimos que no son perjudiciales para su equipo. Se utilizan para recordar las preferencias del usuario, como el idioma seleccionado, datos de acceso o personalizaci\u00f3n de la p\u00e1gina.<\/p>\n\n\n\n<p>Las Cookies tambi\u00e9n pueden ser utilizadas para registrar informaci\u00f3n an\u00f3nima acerca de c\u00f3mo un visitante utiliza un sitio. Por ejemplo, desde qu\u00e9 p\u00e1gina Web ha accedido, o si ha utilizado un &#8220;banner&#8221; publicitario para llegar.<\/p>\n\n\n\n<h4><strong>\u00bfQu\u00e9 uso le damos a los diferentes tipos de cookies?<\/strong><\/h4>\n\n\n\n<p><strong>Seg\u00fan su finalidad:<\/strong><\/p>\n\n\n\n<figure class=\"wp-block-table is-style-stripes\">\n<table>\n<tbody>\n<tr>\n<td><strong>Cookies t\u00e9cnicas<\/strong><\/td>\n<td>Las cookies t\u00e9cnicas son aquellas facilitan la navegaci\u00f3n del usuario y la utilizaci\u00f3n de las diferentes opciones o servicios que ofrece la web como identificar la sesi\u00f3n, permitir el acceso a determinadas \u00e1reas, facilitar pedidos, compras, cumplimentaci\u00f3n de formularios, inscripciones, seguridad, facilitar funcionalidades (videos, redes sociales\u2026).<\/td>\n<\/tr>\n<tr>\n<td><strong>Cookies de personalizaci\u00f3n<\/strong><\/td>\n<td>Las cookies de personalizaci\u00f3n permiten al usuario acceder a los servicios seg\u00fan sus preferencias (idioma, navegador, configuraci\u00f3n\u2026).<\/td>\n<\/tr>\n<tr>\n<td><strong>Cookies anal\u00edticas<\/strong><\/td>\n<td>Las cookies de an\u00e1lisis son las utilizadas para llevar a cabo el an\u00e1lisis an\u00f3nimo del comportamiento de los usuarios de la web y que permiten medir la actividad del usuario y elaborar perfiles de navegaci\u00f3n con el fin objetivo de mejorar los sitios web.<\/td>\n<\/tr>\n<tr>\n<td><strong>Cookies publicitarias<\/strong><\/td>\n<td>Las cookies publicitarias permiten la gesti\u00f3n de los espacios publicitarios de la web. Adem\u00e1s, estas cookies pueden ser de publicidad personalizada y permitir as\u00ed la gesti\u00f3n de los espacios publicitarios de la web en base al comportamiento y h\u00e1bitos de navegaci\u00f3n de usuario, de donde se obtiene su perfil y permiten personalizar la publicidad que se muestra en el navegador del usuario u otros perfiles y redes sociales del usuario.<\/td>\n<\/tr>\n<\/tbody>\n<\/table>\n<\/figure>\n\n\n\n<p><strong>Seg\u00fan su plazo:<\/strong><\/p>\n\n\n\n<figure class=\"wp-block-table is-style-stripes\">\n<table>\n<tbody>\n<tr>\n<td><strong>Cookies de sesi\u00f3n<\/strong><\/td>\n<td>Las cookies de sesi\u00f3n son aquellas que duran el tiempo que el usuario est\u00e1 navegando por la p\u00e1gina Web y se borran al cerrar el navegador.<\/td>\n<\/tr>\n<tr>\n<td><strong>Cookies persistentes<\/strong><\/td>\n<td>Estas cookies quedan almacenadas en el terminal del usuario hasta que son eliminadas manualmente o haya concluido el periodo de duraci\u00f3n establecido para dicha cookie.<\/td>\n<\/tr>\n<\/tbody>\n<\/table>\n<\/figure>\n\n\n\n<p><strong>Seg\u00fan su titularidad<\/strong><\/p>\n\n\n\n<figure class=\"wp-block-table is-style-stripes\">\n<table>\n<tbody>\n<tr>\n<td><strong>Cookies propias<\/strong><\/td>\n<td>Aqu\u00e9llas que se env\u00edan al equipo terminal del usuario desde un equipo o dominio gestionado por el propio editor y desde el que se presta el servicio solicitado por el usuario.<\/td>\n<\/tr>\n<tr>\n<td><strong>Cookies de terceros<\/strong><\/td>\n<td>Aqu\u00e9llas que se env\u00edan al equipo terminal del usuario desde un equipo o dominio que no es gestionado por el editor, sino por otra entidad que trata los datos obtenidos trav\u00e9s de las cookies.<\/td>\n<\/tr>\n<\/tbody>\n<\/table>\n<\/figure>\n\n\n\n<p>La siguente tabla recoge la clasificaci\u00f3n y descripci\u00f3n de las cookies utilizadas en la presente p\u00e1gina web para que puedas identificarlas en tu navegador:<\/p>\n\n\n\n<figure class=\"wp-block-table is-style-stripes\">\n<table>\n<thead>\n<tr>\n<th class=\"has-text-align-center\" data-align=\"center\">Nombre<\/th>\n<th class=\"has-text-align-center\" data-align=\"center\">Proveedor<\/th>\n<th class=\"has-text-align-center\" data-align=\"center\"><mark class=\"has-inline-color has-black-color\" style=\"background-color: rgba(0, 0, 0, 0);\">Titular<\/mark><\/th>\n<th class=\"has-text-align-center\" data-align=\"center\">Finalidad<\/th>\n<th class=\"has-text-align-center\" data-align=\"center\">Duraci\u00f3n<\/th>\n<\/tr>\n<\/thead>\n<tbody>\n<tr>\n<td class=\"has-text-align-center\" data-align=\"center\">CookieLawInfoConsent<\/td>\n<td class=\"has-text-align-center\" data-align=\"center\">Eurofirms<\/td>\n<td class=\"has-text-align-center\" data-align=\"center\">Propias<\/td>\n<td class=\"has-text-align-center\" data-align=\"center\">Funcional<\/td>\n<td class=\"has-text-align-center\" data-align=\"center\">1 a\u00f1o<\/td>\n<\/tr>\n<tr>\n<td class=\"has-text-align-center\" data-align=\"center\">cookielawinfo-checkbox-necessary<\/td>\n<td class=\"has-text-align-center\" data-align=\"center\">Eurofirms<\/td>\n<td class=\"has-text-align-center\" data-align=\"center\">Propias<\/td>\n<td class=\"has-text-align-center\" data-align=\"center\">Funcional<\/td>\n<td class=\"has-text-align-center\" data-align=\"center\">1 a\u00f1o<\/td>\n<\/tr>\n<tr>\n<td class=\"has-text-align-center\" data-align=\"center\">cookielawinfo-checkbox-non-necessary<\/td>\n<td class=\"has-text-align-center\" data-align=\"center\">Eurofirms<\/td>\n<td class=\"has-text-align-center\" data-align=\"center\">Propias<\/td>\n<td class=\"has-text-align-center\" data-align=\"center\">Funcional<\/td>\n<td class=\"has-text-align-center\" data-align=\"center\">1 a\u00f1o<\/td>\n<\/tr>\n<tr>\n<td class=\"has-text-align-center\" data-align=\"center\">flybox-close<\/td>\n<td class=\"has-text-align-center\" data-align=\"center\">Eurofirms<\/td>\n<td class=\"has-text-align-center\" data-align=\"center\">Propias<\/td>\n<td class=\"has-text-align-center\" data-align=\"center\">Funcional<\/td>\n<td class=\"has-text-align-center\" data-align=\"center\">1 semana<\/td>\n<\/tr>\n<tr>\n<td class=\"has-text-align-center\" data-align=\"center\">ln_or<\/td>\n<td class=\"has-text-align-center\" data-align=\"center\">Eurofirms<\/td>\n<td class=\"has-text-align-center\" data-align=\"center\">Propias<\/td>\n<td class=\"has-text-align-center\" data-align=\"center\">Funcional<\/td>\n<td class=\"has-text-align-center\" data-align=\"center\">1 d\u00eda<\/td>\n<\/tr>\n<tr>\n<td class=\"has-text-align-center\" data-align=\"center\">viewed_cookie_policy<\/td>\n<td class=\"has-text-align-center\" data-align=\"center\">Eurofirms<\/td>\n<td class=\"has-text-align-center\" data-align=\"center\">Propias<\/td>\n<td class=\"has-text-align-center\" data-align=\"center\">Funcional<\/td>\n<td class=\"has-text-align-center\" data-align=\"center\">1 a\u00f1o<\/td>\n<\/tr>\n<tr>\n<td class=\"has-text-align-center\" data-align=\"center\">_ga<\/td>\n<td class=\"has-text-align-center\" data-align=\"center\">Google<\/td>\n<td class=\"has-text-align-center\" data-align=\"center\">Cookie de terceros<\/td>\n<td class=\"has-text-align-center\" data-align=\"center\">Anal\u00edtica<\/td>\n<td class=\"has-text-align-center\" data-align=\"center\">400 d\u00edas<\/td>\n<\/tr>\n<tr>\n<td class=\"has-text-align-center\" data-align=\"center\">_ga_[ID]<\/td>\n<td class=\"has-text-align-center\" data-align=\"center\">Google<\/td>\n<td class=\"has-text-align-center\" data-align=\"center\">Cookie de terceros<\/td>\n<td class=\"has-text-align-center\" data-align=\"center\">Anal\u00edtica<\/td>\n<td class=\"has-text-align-center\" data-align=\"center\">400 d\u00edas<\/td>\n<\/tr>\n<tr>\n<td class=\"has-text-align-center\" data-align=\"center\">_gcl_au<\/td>\n<td class=\"has-text-align-center\" data-align=\"center\">Google<\/td>\n<td class=\"has-text-align-center\" data-align=\"center\">Cookie de terceros<\/td>\n<td class=\"has-text-align-center\" data-align=\"center\">Publicitaria<\/td>\n<td class=\"has-text-align-center\" data-align=\"center\">90 d\u00edas<\/td>\n<\/tr>\n<tr>\n<td class=\"has-text-align-center\" data-align=\"center\">_gid<\/td>\n<td class=\"has-text-align-center\" data-align=\"center\">Google<\/td>\n<td class=\"has-text-align-center\" data-align=\"center\">Cookie de terceros<\/td>\n<td class=\"has-text-align-center\" data-align=\"center\">Publicitaria<\/td>\n<td class=\"has-text-align-center\" data-align=\"center\">1 d\u00eda<\/td>\n<\/tr>\n<tr>\n<td class=\"has-text-align-center\" data-align=\"center\">_GRECAPTCHA<\/td>\n<td class=\"has-text-align-center\" data-align=\"center\">Google<\/td>\n<td class=\"has-text-align-center\" data-align=\"center\">Cookie de terceros<\/td>\n<td class=\"has-text-align-center\" data-align=\"center\">Seguridad<\/td>\n<td class=\"has-text-align-center\" data-align=\"center\">6 meses<\/td>\n<\/tr>\n<tr>\n<td class=\"has-text-align-center\" data-align=\"center\">NID<\/td>\n<td class=\"has-text-align-center\" data-align=\"center\">Google<\/td>\n<td class=\"has-text-align-center\" data-align=\"center\">Cookie de terceros<\/td>\n<td class=\"has-text-align-center\" data-align=\"center\">Publicitaria<\/td>\n<td class=\"has-text-align-center\" data-align=\"center\">6 meses<\/td>\n<\/tr>\n<tr>\n<td class=\"has-text-align-center\" data-align=\"center\">__Secure-3PAPISID<\/td>\n<td class=\"has-text-align-center\" data-align=\"center\">Google<\/td>\n<td class=\"has-text-align-center\" data-align=\"center\">Cookie de terceros<\/td>\n<td class=\"has-text-align-center\" data-align=\"center\">Publicitaria<\/td>\n<td class=\"has-text-align-center\" data-align=\"center\">400 d\u00edas<\/td>\n<\/tr>\n<tr>\n<td class=\"has-text-align-center\" data-align=\"center\">__Secure-3PSID<\/td>\n<td class=\"has-text-align-center\" data-align=\"center\">Google<\/td>\n<td class=\"has-text-align-center\" data-align=\"center\">Cookie de terceros<\/td>\n<td class=\"has-text-align-center\" data-align=\"center\">Publicitaria<\/td>\n<td class=\"has-text-align-center\" data-align=\"center\">400 d\u00edas<\/td>\n<\/tr>\n<tr>\n<td class=\"has-text-align-center\" data-align=\"center\">__Secure-3PSIDCC<\/td>\n<td class=\"has-text-align-center\" data-align=\"center\">Google<\/td>\n<td class=\"has-text-align-center\" data-align=\"center\">Cookie de terceros<\/td>\n<td class=\"has-text-align-center\" data-align=\"center\">Publicitaria<\/td>\n<td class=\"has-text-align-center\" data-align=\"center\">1 a\u00f1o<\/td>\n<\/tr>\n<tr>\n<td class=\"has-text-align-center\" data-align=\"center\">_mkto_trk<\/td>\n<td class=\"has-text-align-center\" data-align=\"center\">Marketo<\/td>\n<td class=\"has-text-align-center\" data-align=\"center\">Cookie de terceros<\/td>\n<td class=\"has-text-align-center\" data-align=\"center\">Traking<\/td>\n<td class=\"has-text-align-center\" data-align=\"center\">400 d\u00edas<\/td>\n<\/tr>\n<tr>\n<td class=\"has-text-align-center\" data-align=\"center\">lang<\/td>\n<td class=\"has-text-align-center\" data-align=\"center\">Linkedin<\/td>\n<td class=\"has-text-align-center\" data-align=\"center\">Cookie de terceros<\/td>\n<td class=\"has-text-align-center\" data-align=\"center\">Personalizaci\u00f3n<\/td>\n<td class=\"has-text-align-center\" data-align=\"center\">Cuando finalice la sesi\u00f3n de exploraci\u00f3n<\/td>\n<\/tr>\n<tr>\n<td class=\"has-text-align-center\" data-align=\"center\">AnalyticsSyncHistory<\/td>\n<td class=\"has-text-align-center\" data-align=\"center\">Linkedin<\/td>\n<td class=\"has-text-align-center\" data-align=\"center\">Cookie de terceros<\/td>\n<td class=\"has-text-align-center\" data-align=\"center\">Anal\u00edtica<\/td>\n<td class=\"has-text-align-center\" data-align=\"center\">1 mes<\/td>\n<\/tr>\n<tr>\n<td class=\"has-text-align-center\" data-align=\"center\">UserMatchHistory<\/td>\n<td class=\"has-text-align-center\" data-align=\"center\">Linkedin<\/td>\n<td class=\"has-text-align-center\" data-align=\"center\">Cookie de terceros<\/td>\n<td class=\"has-text-align-center\" data-align=\"center\">Anal\u00edtica<\/td>\n<td class=\"has-text-align-center\" data-align=\"center\">1 mes<\/td>\n<\/tr>\n<tr>\n<td class=\"has-text-align-center\" data-align=\"center\">bcookie<\/td>\n<td class=\"has-text-align-center\" data-align=\"center\">Linkedin<\/td>\n<td class=\"has-text-align-center\" data-align=\"center\">Cookie de terceros<\/td>\n<td class=\"has-text-align-center\" data-align=\"center\">Publicitaria<\/td>\n<td class=\"has-text-align-center\" data-align=\"center\">1 a\u00f1o<\/td>\n<\/tr>\n<tr>\n<td class=\"has-text-align-center\" data-align=\"center\">li_gc<\/td>\n<td class=\"has-text-align-center\" data-align=\"center\">Linkedin<\/td>\n<td class=\"has-text-align-center\" data-align=\"center\">Cookie de terceros<\/td>\n<td class=\"has-text-align-center\" data-align=\"center\">Publicitaria<\/td>\n<td class=\"has-text-align-center\" data-align=\"center\">6 meses<\/td>\n<\/tr>\n<tr>\n<td class=\"has-text-align-center\" data-align=\"center\">li_mc<\/td>\n<td class=\"has-text-align-center\" data-align=\"center\">Linkedin<\/td>\n<td class=\"has-text-align-center\" data-align=\"center\">Cookie de terceros<\/td>\n<td class=\"has-text-align-center\" data-align=\"center\">Publicitaria<\/td>\n<td class=\"has-text-align-center\" data-align=\"center\">6 meses<\/td>\n<\/tr>\n<tr>\n<td class=\"has-text-align-center\" data-align=\"center\">lidc<\/td>\n<td class=\"has-text-align-center\" data-align=\"center\">Linkedin<\/td>\n<td class=\"has-text-align-center\" data-align=\"center\">Cookie de terceros<\/td>\n<td class=\"has-text-align-center\" data-align=\"center\">Publicitaria<\/td>\n<td class=\"has-text-align-center\" data-align=\"center\">1 d\u00eda<\/td>\n<\/tr>\n<tr>\n<td class=\"has-text-align-center\" data-align=\"center\">liap<\/td>\n<td class=\"has-text-align-center\" data-align=\"center\">Linkedin<\/td>\n<td class=\"has-text-align-center\" data-align=\"center\">Cookie de terceros<\/td>\n<td class=\"has-text-align-center\" data-align=\"center\">Publicitaria<\/td>\n<td class=\"has-text-align-center\" data-align=\"center\">1 a\u00f1o<\/td>\n<\/tr>\n<tr>\n<td class=\"has-text-align-center\" data-align=\"center\">lms_ads<\/td>\n<td class=\"has-text-align-center\" data-align=\"center\">Linkedin<\/td>\n<td class=\"has-text-align-center\" data-align=\"center\">Cookie de terceros<\/td>\n<td class=\"has-text-align-center\" data-align=\"center\">Publicitaria<\/td>\n<td class=\"has-text-align-center\" data-align=\"center\">1 mes<\/td>\n<\/tr>\n<tr>\n<td class=\"has-text-align-center\" data-align=\"center\">lms_analytics<\/td>\n<td class=\"has-text-align-center\" data-align=\"center\">Linkedin<\/td>\n<td class=\"has-text-align-center\" data-align=\"center\">Cookie de terceros<\/td>\n<td class=\"has-text-align-center\" data-align=\"center\">Publicitaria<\/td>\n<td class=\"has-text-align-center\" data-align=\"center\">1 mes<\/td>\n<\/tr>\n<\/tbody>\n<\/table>\n<\/figure>\n\n\n\n<p>EUROFIRMS GROUP utiliza cookies t\u00e9cnicas, de personalizaci\u00f3n y an\u00e1lisis propias, que tratan datos de conexi\u00f3n y\/o del dispositivo, as\u00ed como h\u00e1bitos de navegaci\u00f3n para fines estad\u00edsticos.<\/p>\n\n\n\n<p>Por ello, al acceder a nuestra web, en cumplimiento del art\u00edculo 22 de la Ley de Servicios de la Sociedad de la Informaci\u00f3n le hemos solicitado su consentimiento para su uso.<\/p>\n\n\n\n<p>El suministro de datos personales a trav\u00e9s de nuestro portal y el consentimiento para el uso de cookies requiere una edad m\u00ednima de 14 a\u00f1os y la aceptaci\u00f3n expresa de nuestra Pol\u00edtica de Privacidad.<\/p>\n\n\n\n<p><strong>De todas formas, le informamos que puede activar o desactivar las cookies siguiendo las instrucciones de su navegador de Internet:<\/strong><\/p>\n\n\n\n<figure class=\"wp-block-table is-style-stripes\">\n<table>\n<tbody>\n<tr>\n<td><strong>Chrome<\/strong><\/td>\n<td>Configuraci\u00f3n &gt; Mostrar opciones avanzadas &gt; Privacidad &gt; Configuraci\u00f3n de contenido<\/td>\n<td><a href=\"http:\/\/support.google.com\">support.google.com<\/a><\/td>\n<\/tr>\n<tr>\n<td><strong>Firefox<\/strong><\/td>\n<td>Herramientas &gt; Opciones &gt; Privacidad &gt; Historial &gt; Configuraci\u00f3n personalizada<\/td>\n<td><a href=\"http:\/\/support.mozilla.org\">support.mozilla.org<\/a><\/td>\n<\/tr>\n<tr>\n<td><strong>Opera<\/strong><\/td>\n<td>Herramientas &gt; Preferencias &gt; Editar preferencias &gt; Cookies<\/td>\n<td><a href=\"http:\/\/opera.com\/help\/tutorials\/security\/cookies\">opera.com\/help\/tutorials\/security\/cookies<\/a><\/td>\n<\/tr>\n<tr>\n<td><strong>Internet Explorer<\/strong><\/td>\n<td>Herramientas &gt; Opciones de Internet &gt; Privacidad &gt; Configuraci\u00f3n<\/td>\n<td><a href=\"http:\/\/windows.microsoft.com\">windows.microsoft.com<\/a><\/td>\n<\/tr>\n<tr>\n<td><strong>Safari<\/strong><\/td>\n<td>Preferencias &gt; Seguridad<\/td>\n<td><a href=\"http:\/\/apple.com\">apple.com<\/a><\/td>\n<\/tr>\n<tr>\n<td><strong>Edge<\/strong><\/td>\n<td>Configuraci\u00f3n &gt; Ver configuraci\u00f3n avanzada &gt; Privacidad y servicios &gt; Cookies<\/td>\n<td><a href=\"http:\/\/privacy.microsoft.com\/es-es\/windows-10-microsoft-edge-and-privacy\">privacy.microsoft.com\/es-es\/windows-10-microsoft-edge-and-privacy<\/a><\/td>\n<\/tr>\n<\/tbody>\n<\/table>\n<\/figure>\n\t\t\t\t\t\t<\/div>\n\t\t\t\t<\/div>\n\t\t\t\t\t<\/div>\n\t\t<\/div>\n\t\t\t\t\t\t\t<\/div>\n\t\t<\/section>\n\t\t\t\t\t\t\t<\/div>\n\t\t","protected":false},"excerpt":{"rendered":"<p>Informaci\u00f3n del uso de cookies \u00bfQu\u00e9 son las cookies? Las cookies son peque\u00f1os archivos de datos que se reciben en el terminal desde el sitio Web visitado y se usan para registrar ciertas interacciones de la navegaci\u00f3n en un sitio Web almacenando datos que podr\u00e1n ser actualizados y recuperados. Estos archivos se almacenan en el&#8230;<\/p>\n","protected":false},"author":1,"featured_media":0,"parent":0,"menu_order":0,"comment_status":"closed","ping_status":"closed","template":"templates\/legal.php","meta":{"footnotes":""},"acf":[],"yoast_head":"<!-- This site is optimized with the Yoast SEO plugin v20.13 - https:\/\/yoast.com\/wordpress\/plugins\/seo\/ -->\n<title>Pol\u00edtica de cookies - Eurofirms Group<\/title>\n<meta name=\"robots\" content=\"noindex, follow\" \/>\n<meta property=\"og:locale\" content=\"es_ES\" \/>\n<meta property=\"og:type\" content=\"article\" \/>\n<meta property=\"og:title\" content=\"Pol\u00edtica de cookies - Eurofirms Group\" \/>\n<meta property=\"og:description\" content=\"Informaci\u00f3n del uso de cookies \u00bfQu\u00e9 son las cookies? Las cookies son peque\u00f1os archivos de datos que se reciben en el terminal desde el sitio Web visitado y se usan para registrar ciertas interacciones de la navegaci\u00f3n en un sitio Web almacenando datos que podr\u00e1n ser actualizados y recuperados. Estos archivos se almacenan en el...\" \/>\n<meta property=\"og:url\" content=\"https:\/\/www.eurofirmsgroup.com\/politica-de-cookies\/\" \/>\n<meta property=\"og:site_name\" content=\"Eurofirms Group\" \/>\n<meta property=\"article:modified_time\" content=\"2022-11-11T15:34:01+00:00\" \/>\n<meta property=\"og:image\" content=\"https:\/\/www.eurofirmsgroup.com\/wp-content\/uploads\/2020\/07\/logotipo-eurofirms-group-1.png\" \/>\n\t<meta property=\"og:image:width\" content=\"1200\" \/>\n\t<meta property=\"og:image:height\" content=\"630\" \/>\n\t<meta property=\"og:image:type\" content=\"image\/png\" \/>\n<meta name=\"twitter:card\" content=\"summary_large_image\" \/>\n<meta name=\"twitter:label1\" content=\"Est. reading time\" \/>\n\t<meta name=\"twitter:data1\" content=\"4 minutos\" \/>\n<script type=\"application\/ld+json\" class=\"yoast-schema-graph\">{\"@context\":\"https:\/\/schema.org\",\"@graph\":[{\"@type\":\"WebPage\",\"@id\":\"https:\/\/www.eurofirmsgroup.com\/politica-de-cookies\/\",\"url\":\"https:\/\/www.eurofirmsgroup.com\/politica-de-cookies\/\",\"name\":\"Pol\u00edtica de cookies - Eurofirms Group\",\"isPartOf\":{\"@id\":\"https:\/\/www.eurofirmsgroup.com\/#website\"},\"datePublished\":\"2020-04-01T08:53:46+00:00\",\"dateModified\":\"2022-11-11T15:34:01+00:00\",\"breadcrumb\":{\"@id\":\"https:\/\/www.eurofirmsgroup.com\/politica-de-cookies\/#breadcrumb\"},\"inLanguage\":\"es-CL\",\"potentialAction\":[{\"@type\":\"ReadAction\",\"target\":[\"https:\/\/www.eurofirmsgroup.com\/politica-de-cookies\/\"]}]},{\"@type\":\"BreadcrumbList\",\"@id\":\"https:\/\/www.eurofirmsgroup.com\/politica-de-cookies\/#breadcrumb\",\"itemListElement\":[{\"@type\":\"ListItem\",\"position\":1,\"name\":\"Portada\",\"item\":\"https:\/\/www.eurofirmsgroup.com\/es-cl\/\"},{\"@type\":\"ListItem\",\"position\":2,\"name\":\"Pol\u00edtica de cookies\"}]},{\"@type\":\"WebSite\",\"@id\":\"https:\/\/www.eurofirmsgroup.com\/#website\",\"url\":\"https:\/\/www.eurofirmsgroup.com\/\",\"name\":\"Eurofirms Group\",\"description\":\"1\u00aa empresa nacional de RR. HH.\",\"potentialAction\":[{\"@type\":\"SearchAction\",\"target\":{\"@type\":\"EntryPoint\",\"urlTemplate\":\"https:\/\/www.eurofirmsgroup.com\/?s={search_term_string}\"},\"query-input\":\"required name=search_term_string\"}],\"inLanguage\":\"es-CL\"}]}<\/script>\n<!-- \/ Yoast SEO plugin. -->","yoast_head_json":{"title":"Pol\u00edtica de cookies - Eurofirms Group","robots":{"index":"noindex","follow":"follow"},"og_locale":"es_ES","og_type":"article","og_title":"Pol\u00edtica de cookies - Eurofirms Group","og_description":"Informaci\u00f3n del uso de cookies \u00bfQu\u00e9 son las cookies? Las cookies son peque\u00f1os archivos de datos que se reciben en el terminal desde el sitio Web visitado y se usan para registrar ciertas interacciones de la navegaci\u00f3n en un sitio Web almacenando datos que podr\u00e1n ser actualizados y recuperados. Estos archivos se almacenan en el...","og_url":"https:\/\/www.eurofirmsgroup.com\/politica-de-cookies\/","og_site_name":"Eurofirms Group","article_modified_time":"2022-11-11T15:34:01+00:00","og_image":[{"width":1200,"height":630,"url":"https:\/\/www.eurofirmsgroup.com\/wp-content\/uploads\/2020\/07\/logotipo-eurofirms-group-1.png","type":"image\/png"}],"twitter_card":"summary_large_image","twitter_misc":{"Est. reading time":"4 minutos"},"schema":{"@context":"https:\/\/schema.org","@graph":[{"@type":"WebPage","@id":"https:\/\/www.eurofirmsgroup.com\/politica-de-cookies\/","url":"https:\/\/www.eurofirmsgroup.com\/politica-de-cookies\/","name":"Pol\u00edtica de cookies - Eurofirms Group","isPartOf":{"@id":"https:\/\/www.eurofirmsgroup.com\/#website"},"datePublished":"2020-04-01T08:53:46+00:00","dateModified":"2022-11-11T15:34:01+00:00","breadcrumb":{"@id":"https:\/\/www.eurofirmsgroup.com\/politica-de-cookies\/#breadcrumb"},"inLanguage":"es-CL","potentialAction":[{"@type":"ReadAction","target":["https:\/\/www.eurofirmsgroup.com\/politica-de-cookies\/"]}]},{"@type":"BreadcrumbList","@id":"https:\/\/www.eurofirmsgroup.com\/politica-de-cookies\/#breadcrumb","itemListElement":[{"@type":"ListItem","position":1,"name":"Portada","item":"https:\/\/www.eurofirmsgroup.com\/es-cl\/"},{"@type":"ListItem","position":2,"name":"Pol\u00edtica de cookies"}]},{"@type":"WebSite","@id":"https:\/\/www.eurofirmsgroup.com\/#website","url":"https:\/\/www.eurofirmsgroup.com\/","name":"Eurofirms Group","description":"1\u00aa empresa nacional de RR. HH.","potentialAction":[{"@type":"SearchAction","target":{"@type":"EntryPoint","urlTemplate":"https:\/\/www.eurofirmsgroup.com\/?s={search_term_string}"},"query-input":"required name=search_term_string"}],"inLanguage":"es-CL"}]}},"_links":{"self":[{"href":"https:\/\/www.eurofirmsgroup.com\/es-cl\/wp-json\/wp\/v2\/pages\/14995"}],"collection":[{"href":"https:\/\/www.eurofirmsgroup.com\/es-cl\/wp-json\/wp\/v2\/pages"}],"about":[{"href":"https:\/\/www.eurofirmsgroup.com\/es-cl\/wp-json\/wp\/v2\/types\/page"}],"author":[{"embeddable":true,"href":"https:\/\/www.eurofirmsgroup.com\/es-cl\/wp-json\/wp\/v2\/users\/1"}],"replies":[{"embeddable":true,"href":"https:\/\/www.eurofirmsgroup.com\/es-cl\/wp-json\/wp\/v2\/comments?post=14995"}],"version-history":[{"count":7,"href":"https:\/\/www.eurofirmsgroup.com\/es-cl\/wp-json\/wp\/v2\/pages\/14995\/revisions"}],"predecessor-version":[{"id":22570,"href":"https:\/\/www.eurofirmsgroup.com\/es-cl\/wp-json\/wp\/v2\/pages\/14995\/revisions\/22570"}],"wp:attachment":[{"href":"https:\/\/www.eurofirmsgroup.com\/es-cl\/wp-json\/wp\/v2\/media?parent=14995"}],"curies":[{"name":"wp","href":"https:\/\/api.w.org\/{rel}","templated":true}]}}