{"id":21689,"date":"2022-04-12T11:46:46","date_gmt":"2022-04-12T09:46:46","guid":{"rendered":"https:\/\/www.eurofirmsgroup.com\/memoria-2020\/"},"modified":"2023-08-10T14:00:55","modified_gmt":"2023-08-10T12:00:55","slug":"memoria-2020","status":"publish","type":"page","link":"https:\/\/www.eurofirmsgroup.com\/es-cl\/memoria-2020\/","title":{"rendered":"Memoria 2020"},"content":{"rendered":"\t\t<div data-elementor-type=\"wp-page\" data-elementor-id=\"21689\" class=\"elementor elementor-21689 elementor-14278\">\n\t\t\t\t\t\t\t\t\t<section class=\"elementor-section elementor-top-section elementor-element elementor-element-af6607f elementor-section-full_width elementor-section-height-default elementor-section-height-default\" data-id=\"af6607f\" data-element_type=\"section\" data-settings=\"{&quot;background_background&quot;:&quot;classic&quot;}\">\n\t\t\t\t\t\t<div class=\"elementor-container elementor-column-gap-default\">\n\t\t\t\t\t<div class=\"elementor-column elementor-col-100 elementor-top-column elementor-element elementor-element-fcfd0e2\" data-id=\"fcfd0e2\" data-element_type=\"column\">\n\t\t\t<div class=\"elementor-widget-wrap elementor-element-populated\">\n\t\t\t\t\t\t\t\t<div class=\"elementor-element elementor-element-a7d4d7c elementor-widget elementor-widget-heading\" data-id=\"a7d4d7c\" data-element_type=\"widget\" data-widget_type=\"heading.default\">\n\t\t\t\t<div class=\"elementor-widget-container\">\n\t\t\t<h2 class=\"elementor-heading-title elementor-size-default\">Memoria 2020<\/h2>\t\t<\/div>\n\t\t\t\t<\/div>\n\t\t\t\t<div class=\"elementor-element elementor-element-75f90dc elementor-widget elementor-widget-text-editor\" data-id=\"75f90dc\" data-element_type=\"widget\" data-widget_type=\"text-editor.default\">\n\t\t\t\t<div class=\"elementor-widget-container\">\n\t\t\t\t\t\t\t<p>Conoce un poco m\u00e1s sobre qui\u00e9nes somos, qu\u00e9 hacemos y c\u00f3mo y por qu\u00e9 lo hemos hecho.<\/p>\t\t\t\t\t\t<\/div>\n\t\t\t\t<\/div>\n\t\t\t\t\t<\/div>\n\t\t<\/div>\n\t\t\t\t\t\t\t<\/div>\n\t\t<\/section>\n\t\t\t\t<section class=\"elementor-section elementor-top-section elementor-element elementor-element-7c3d4c4 elementor-section-boxed elementor-section-height-default elementor-section-height-default\" data-id=\"7c3d4c4\" data-element_type=\"section\">\n\t\t\t\t\t\t<div class=\"elementor-container elementor-column-gap-default\">\n\t\t\t\t\t<div class=\"elementor-column elementor-col-100 elementor-top-column elementor-element elementor-element-3f7b1b7\" data-id=\"3f7b1b7\" data-element_type=\"column\">\n\t\t\t<div class=\"elementor-widget-wrap elementor-element-populated\">\n\t\t\t\t\t\t\t\t<div class=\"elementor-element elementor-element-3ea0f54 elementor-widget elementor-widget-html\" data-id=\"3ea0f54\" data-element_type=\"widget\" data-widget_type=\"html.default\">\n\t\t\t\t<div class=\"elementor-widget-container\">\n\t\t\t<iframe allowfullscreen=\"allowfullscreen\" scrolling=\"no\" class=\"fp-iframe\" src=\"https:\/\/heyzine.com\/flip-book\/c5d23b5475.html\" style=\"border: 0px solid lightgray; width: 100%; height: 600px;\"><\/iframe>\t\t<\/div>\n\t\t\t\t<\/div>\n\t\t\t\t\t<\/div>\n\t\t<\/div>\n\t\t\t\t\t\t\t<\/div>\n\t\t<\/section>\n\t\t\t\t\t\t\t<\/div>\n\t\t","protected":false},"excerpt":{"rendered":"<p>Memoria 2020 Conoce un poco m\u00e1s sobre qui\u00e9nes somos, qu\u00e9 hacemos y c\u00f3mo y por qu\u00e9 lo hemos hecho.<\/p>\n","protected":false},"author":3,"featured_media":0,"parent":0,"menu_order":0,"comment_status":"closed","ping_status":"closed","template":"elementor_header_footer","meta":{"footnotes":""},"acf":[],"yoast_head":"<!-- This site is optimized with the Yoast SEO plugin v20.13 - https:\/\/yoast.com\/wordpress\/plugins\/seo\/ -->\n<title>Memoria 2020 - Eurofirms Group<\/title>\n<meta name=\"robots\" content=\"index, follow, max-snippet:-1, max-image-preview:large, max-video-preview:-1\" \/>\n<link rel=\"canonical\" href=\"https:\/\/www.eurofirmsgroup.com\/memoria-2020\/\" \/>\n<meta property=\"og:locale\" content=\"es_ES\" \/>\n<meta property=\"og:type\" content=\"article\" \/>\n<meta property=\"og:title\" content=\"Memoria 2020 - Eurofirms Group\" \/>\n<meta property=\"og:description\" content=\"Memoria 2020 Conoce un poco m\u00e1s sobre qui\u00e9nes somos, qu\u00e9 hacemos y c\u00f3mo y por qu\u00e9 lo hemos hecho.\" \/>\n<meta property=\"og:url\" content=\"https:\/\/www.eurofirmsgroup.com\/memoria-2020\/\" \/>\n<meta property=\"og:site_name\" content=\"Eurofirms Group\" \/>\n<meta property=\"article:modified_time\" content=\"2023-08-10T12:00:55+00:00\" \/>\n<meta property=\"og:image\" content=\"https:\/\/www.eurofirmsgroup.com\/wp-content\/uploads\/2020\/07\/logotipo-eurofirms-group-1.png\" \/>\n\t<meta property=\"og:image:width\" content=\"1200\" \/>\n\t<meta property=\"og:image:height\" content=\"630\" \/>\n\t<meta property=\"og:image:type\" content=\"image\/png\" \/>\n<meta name=\"twitter:card\" content=\"summary_large_image\" \/>\n<meta name=\"twitter:label1\" content=\"Est. reading time\" \/>\n\t<meta name=\"twitter:data1\" content=\"1 minuto\" \/>\n<script type=\"application\/ld+json\" class=\"yoast-schema-graph\">{\"@context\":\"https:\/\/schema.org\",\"@graph\":[{\"@type\":\"WebPage\",\"@id\":\"https:\/\/www.eurofirmsgroup.com\/memoria-2020\/\",\"url\":\"https:\/\/www.eurofirmsgroup.com\/memoria-2020\/\",\"name\":\"Memoria 2020 - Eurofirms Group\",\"isPartOf\":{\"@id\":\"https:\/\/www.eurofirmsgroup.com\/#website\"},\"datePublished\":\"2022-04-12T09:46:46+00:00\",\"dateModified\":\"2023-08-10T12:00:55+00:00\",\"breadcrumb\":{\"@id\":\"https:\/\/www.eurofirmsgroup.com\/memoria-2020\/#breadcrumb\"},\"inLanguage\":\"es-CL\",\"potentialAction\":[{\"@type\":\"ReadAction\",\"target\":[\"https:\/\/www.eurofirmsgroup.com\/memoria-2020\/\"]}]},{\"@type\":\"BreadcrumbList\",\"@id\":\"https:\/\/www.eurofirmsgroup.com\/memoria-2020\/#breadcrumb\",\"itemListElement\":[{\"@type\":\"ListItem\",\"position\":1,\"name\":\"Portada\",\"item\":\"https:\/\/www.eurofirmsgroup.com\/es-cl\/\"},{\"@type\":\"ListItem\",\"position\":2,\"name\":\"Memoria 2020\"}]},{\"@type\":\"WebSite\",\"@id\":\"https:\/\/www.eurofirmsgroup.com\/#website\",\"url\":\"https:\/\/www.eurofirmsgroup.com\/\",\"name\":\"Eurofirms Group\",\"description\":\"1\u00aa empresa nacional de RR. HH.\",\"potentialAction\":[{\"@type\":\"SearchAction\",\"target\":{\"@type\":\"EntryPoint\",\"urlTemplate\":\"https:\/\/www.eurofirmsgroup.com\/?s={search_term_string}\"},\"query-input\":\"required name=search_term_string\"}],\"inLanguage\":\"es-CL\"}]}<\/script>\n<!-- \/ Yoast SEO plugin. -->","yoast_head_json":{"title":"Memoria 2020 - Eurofirms Group","robots":{"index":"index","follow":"follow","max-snippet":"max-snippet:-1","max-image-preview":"max-image-preview:large","max-video-preview":"max-video-preview:-1"},"canonical":"https:\/\/www.eurofirmsgroup.com\/memoria-2020\/","og_locale":"es_ES","og_type":"article","og_title":"Memoria 2020 - Eurofirms Group","og_description":"Memoria 2020 Conoce un poco m\u00e1s sobre qui\u00e9nes somos, qu\u00e9 hacemos y c\u00f3mo y por qu\u00e9 lo hemos hecho.","og_url":"https:\/\/www.eurofirmsgroup.com\/memoria-2020\/","og_site_name":"Eurofirms Group","article_modified_time":"2023-08-10T12:00:55+00:00","og_image":[{"width":1200,"height":630,"url":"https:\/\/www.eurofirmsgroup.com\/wp-content\/uploads\/2020\/07\/logotipo-eurofirms-group-1.png","type":"image\/png"}],"twitter_card":"summary_large_image","twitter_misc":{"Est. reading time":"1 minuto"},"schema":{"@context":"https:\/\/schema.org","@graph":[{"@type":"WebPage","@id":"https:\/\/www.eurofirmsgroup.com\/memoria-2020\/","url":"https:\/\/www.eurofirmsgroup.com\/memoria-2020\/","name":"Memoria 2020 - Eurofirms Group","isPartOf":{"@id":"https:\/\/www.eurofirmsgroup.com\/#website"},"datePublished":"2022-04-12T09:46:46+00:00","dateModified":"2023-08-10T12:00:55+00:00","breadcrumb":{"@id":"https:\/\/www.eurofirmsgroup.com\/memoria-2020\/#breadcrumb"},"inLanguage":"es-CL","potentialAction":[{"@type":"ReadAction","target":["https:\/\/www.eurofirmsgroup.com\/memoria-2020\/"]}]},{"@type":"BreadcrumbList","@id":"https:\/\/www.eurofirmsgroup.com\/memoria-2020\/#breadcrumb","itemListElement":[{"@type":"ListItem","position":1,"name":"Portada","item":"https:\/\/www.eurofirmsgroup.com\/es-cl\/"},{"@type":"ListItem","position":2,"name":"Memoria 2020"}]},{"@type":"WebSite","@id":"https:\/\/www.eurofirmsgroup.com\/#website","url":"https:\/\/www.eurofirmsgroup.com\/","name":"Eurofirms Group","description":"1\u00aa empresa nacional de RR. HH.","potentialAction":[{"@type":"SearchAction","target":{"@type":"EntryPoint","urlTemplate":"https:\/\/www.eurofirmsgroup.com\/?s={search_term_string}"},"query-input":"required name=search_term_string"}],"inLanguage":"es-CL"}]}},"_links":{"self":[{"href":"https:\/\/www.eurofirmsgroup.com\/es-cl\/wp-json\/wp\/v2\/pages\/21689"}],"collection":[{"href":"https:\/\/www.eurofirmsgroup.com\/es-cl\/wp-json\/wp\/v2\/pages"}],"about":[{"href":"https:\/\/www.eurofirmsgroup.com\/es-cl\/wp-json\/wp\/v2\/types\/page"}],"author":[{"embeddable":true,"href":"https:\/\/www.eurofirmsgroup.com\/es-cl\/wp-json\/wp\/v2\/users\/3"}],"replies":[{"embeddable":true,"href":"https:\/\/www.eurofirmsgroup.com\/es-cl\/wp-json\/wp\/v2\/comments?post=21689"}],"version-history":[{"count":4,"href":"https:\/\/www.eurofirmsgroup.com\/es-cl\/wp-json\/wp\/v2\/pages\/21689\/revisions"}],"predecessor-version":[{"id":23774,"href":"https:\/\/www.eurofirmsgroup.com\/es-cl\/wp-json\/wp\/v2\/pages\/21689\/revisions\/23774"}],"wp:attachment":[{"href":"https:\/\/www.eurofirmsgroup.com\/es-cl\/wp-json\/wp\/v2\/media?parent=21689"}],"curies":[{"name":"wp","href":"https:\/\/api.w.org\/{rel}","templated":true}]}}