{"id":13701,"date":"2020-04-01T08:45:42","date_gmt":"2020-04-01T08:45:42","guid":{"rendered":"https:\/\/www.eurofirmsgroup.com\/aviso-legal\/"},"modified":"2023-01-23T10:16:15","modified_gmt":"2023-01-23T08:16:15","slug":"avertissement-legal","status":"publish","type":"page","link":"https:\/\/www.eurofirmsgroup.com\/fr\/avertissement-legal\/","title":{"rendered":"Avertissement l\u00e9gal"},"content":{"rendered":"\t\t<div data-elementor-type=\"wp-page\" data-elementor-id=\"13701\" class=\"elementor elementor-13701 elementor-59\">\n\t\t\t\t\t\t\t\t\t<section class=\"elementor-section elementor-top-section elementor-element elementor-element-42da2c16 elementor-section-boxed elementor-section-height-default elementor-section-height-default\" data-id=\"42da2c16\" data-element_type=\"section\">\n\t\t\t\t\t\t<div class=\"elementor-container elementor-column-gap-default\">\n\t\t\t\t\t<div class=\"elementor-column elementor-col-100 elementor-top-column elementor-element elementor-element-285032b3\" data-id=\"285032b3\" data-element_type=\"column\">\n\t\t\t<div class=\"elementor-widget-wrap elementor-element-populated\">\n\t\t\t\t\t\t\t\t<div class=\"elementor-element elementor-element-3cc51b71 elementor-widget elementor-widget-text-editor\" data-id=\"3cc51b71\" data-element_type=\"widget\" data-widget_type=\"text-editor.default\">\n\t\t\t\t<div class=\"elementor-widget-container\">\n\t\t\t\t\t\t\t\n<p>La pr\u00e9sente page Web est la propri\u00e9t\u00e9 de EUROFIRMS GROUP, S.L.U. dont le si\u00e8ge social se trouve C. Pla de l\u2019Estany, 17 (17244 Cass\u00e0 de la Selva), NIF num\u00e9ro B55234694, inscrite au Registre du commerce de G\u00e9rone au Tome 720, folio 169, feuille GI-13787.<\/p>\n\n<p>EUROFIRMS GROUP englobe les entreprises suivantes :<\/p>\n\n<ul>\n<li>CLAIRE JOSTER GROUP SLU \u2013 B55319099<\/li>\n<li>CORNERJOB SPAIN \u2013 B66621723<\/li>\n<li>EUROFIRMS CHILE EST SPA \u2013 77038711-6<\/li>\n<li>EUROFIRMS ETT, SLU \u2013 B17880550<\/li>\n<li>EUROFIRMS FUNDACI\u00d3 \u2013 G17966532<\/li>\n<li>EUROFIRMS PORTUGAL SGPS \u2013 513756426<\/li>\n<li>EUROFIRMS SERVI\u00c7OS LDA \u2013 510670385<\/li>\n<li>EUROFIRMS TALENT LDA \u2013 513499237<\/li>\n<li>EUROFIRMS TRABALHO TEMPORARIO LDA \u2013 510661408<\/li>\n<li>INNERIA CHILE SPA \u2013 77038708-6<\/li>\n<li>INNERIA CLEANING SLU \u2013 B83944611<\/li>\n<li>INNERIA CONTACT CENTER SLU \u2013 B87558920<\/li>\n<li>INNERIA SOCIAL SLU \u2013 B33846197<\/li>\n<li>INNERIA SOLUTIONS SLU \u2013 B83327460<\/li>\n<li>INNERIA CENTRO ESPECIAL DE EMPLEO \u2013 B93484798<\/li>\n<li>JOB DIGITAL NETWORKS \u2013 B66583907<\/li>\n<li>TALENT SAVIOR TRAINING, SLU \u2013 B17601626<\/li>\n<li>TALENT SAVIOR, SLU \u2013 B86594264<\/li>\n<\/ul>\n<p>Para cualquier consulta o propuesta, cont\u00e1ctenos llamando al tel\u00e9fono + 34 972 18 10 10, en el e-mail <a href=\"mailto:info@eurofirms.com\">info@eurofirms.com<\/a>\u00a0o con el Delegado de Protecci\u00f3n de Datos:\u00a0<a href=\"mailto:dpo@eurofirms.com\">dpo@eurofirms.com<\/a>.<\/p>\n\n<p>Ce site Web est r\u00e9gi par la r\u00e9glementation exclusivement applicable en Espagne, y \u00e9tant soumis, tant les nationaux que les \u00e9trangers qui utilisent ce site Web.<\/p>\n\n<p>L&rsquo;acc\u00e8s \u00e0 notre site Internet par l&rsquo;UTILISATEUR est gratuit et est soumis \u00e0 lecture pr\u00e9alable et acceptation pleine, expresse et sans r\u00e9serve des pr\u00e9sentes CONDITIONS GENERALES D&rsquo;UTILISATION en vigueur au moment de l&rsquo;acc\u00e8s, que nous vous demandons de lire attentivement. L&rsquo;UTILISATEUR lors de l&rsquo;utilisation de notre portail, de ses contenus ou services, accepte et se soumet express\u00e9ment aux conditions g\u00e9n\u00e9rales d&rsquo;utilisation de celui-ci. Si l&rsquo;utilisateur n&rsquo;accepte pas ces conditions d&rsquo;utilisation, il doit s&rsquo;abstenir d&rsquo;utiliser ce portail et d&rsquo;op\u00e9rer \u00e0 travers celui-ci.<\/p>\n\n<p>\u00c0 tout moment, nous pouvons modifier la pr\u00e9sentation et la configuration de notre site Web, \u00e9tendre ou r\u00e9duire les services, et m\u00eame le supprimer du r\u00e9seau, ainsi que les services et contenus fournis, le tout unilat\u00e9ralement et sans pr\u00e9avis.<\/p>\n\n<p><strong>PROPRI\u00c9T\u00c9 INTELLECTUELLE<\/strong><\/p>\n\n<p>Tous les contenus, textes, images et codes sources sont la propri\u00e9t\u00e9 d&rsquo;EUROFIRMS GROUP, S.L.U. ou aupr\u00e8s de tiers aupr\u00e8s desquels leurs droits d&rsquo;exploitation ont \u00e9t\u00e9 acquis, et sont prot\u00e9g\u00e9s par les droits de propri\u00e9t\u00e9 intellectuelle et industrielle.<\/p>\n\n<p>L&rsquo;utilisateur n&rsquo;a le droit qu&rsquo;\u00e0 une utilisation priv\u00e9e et \u00e0 but non lucratif de celui-ci et a besoin d&rsquo;une autorisation expresse pour modifier, reproduire, exploiter, distribuer ou exercer tout droit appartenant \u00e0 son propri\u00e9taire.<\/p>\n\n<p>EUROFIRMS est une marque d\u00e9pos\u00e9e, et sa reproduction, imitation, utilisation ou insertion de ces marques est interdite sans notre autorisation.<\/p>\n\n<p>L&rsquo;\u00e9tablissement de liens vers notre portail ne conf\u00e8re aucun droit sur celui-ci. De m\u00eame, le simple fait d&rsquo;\u00e9tablir un lien vers notre site internet ne donne pas le droit d&rsquo;attribuer la cat\u00e9gorie de collaborateur ou partenaire.<\/p>\n\n<p>EUROFIRMS GROUP est exon\u00e9r\u00e9 de toute responsabilit\u00e9 pour toute r\u00e9clamation concernant les droits de propri\u00e9t\u00e9 intellectuelle des articles et images publi\u00e9s par des tiers sur son portail.<\/p>\n\n<p>L&rsquo;imitation, en tout ou en partie, de notre portail est absolument interdite.<\/p>\n\n<p><strong>CONDITIONS D&rsquo;ACC\u00c8S ET D&rsquo;UTILISATION<\/strong><\/p>\n\n<p>L&rsquo;acc\u00e8s \u00e0 notre site Web est gratuit et ne n\u00e9cessite ni abonnement ni inscription pr\u00e9alable. Cependant, certains services sont r\u00e9serv\u00e9s \u00e0 certains utilisateurs et n\u00e9cessitent un processus d&rsquo;inscription et \/ ou d&rsquo;identification \u00e0 l&rsquo;aide de mots de passe. Ces services seront d\u00fbment identifi\u00e9s sur le Web.<\/p>\n\n<p>L&rsquo;envoi de donn\u00e9es personnelles implique l&rsquo;acceptation expresse par l&rsquo;UTILISATEUR de notre politique de confidentialit\u00e9.<\/p>\n\n<p>L&rsquo;utilisateur doit acc\u00e9der \u00e0 notre site Internet dans le respect de la bonne foi, des r\u00e8gles d&rsquo;ordre public et des pr\u00e9sentes Conditions G\u00e9n\u00e9rales d&rsquo;Utilisation. L&rsquo;acc\u00e8s \u00e0 notre site Web se fait sous la seule et exclusive responsabilit\u00e9 de l&rsquo;utilisateur, qui sera dans tous les cas responsable des dommages qui pourraient \u00eatre caus\u00e9s \u00e0 des tiers ou \u00e0 nous-m\u00eames.<\/p>\n\n<p>Il est express\u00e9ment interdit \u00e0 l&rsquo;utilisateur d&rsquo;utiliser et d&rsquo;obtenir les services et contenus propos\u00e9s sur ce site, par des proc\u00e9dures autres que celles stipul\u00e9es dans les pr\u00e9sentes conditions d&rsquo;utilisation.<\/p>\n\n<p>L&rsquo;UTILISATEUR est interdit de tout type d&rsquo;action sur notre portail qui provoque une surcharge de fonctionnement excessive de nos syst\u00e8mes informatiques, ainsi que l&rsquo;introduction de virus, ou l&rsquo;installation de robots, ou de logiciels qui alt\u00e8rent le fonctionnement normal de notre site Web, ou qui, en fin de compte, peuvent endommager nos syst\u00e8mes informatiques.<\/p>\n\n<p>Compte tenu de l&rsquo;impossibilit\u00e9 de contr\u00f4ler les informations, contenus et services contenus dans d&rsquo;autres pages Web accessibles via les liens que notre page Web peut mettre \u00e0 votre disposition, nous vous informons qu&rsquo;EUROFIRMS GROUP, est exon\u00e9r\u00e9 de toute responsabilit\u00e9 en cas de dommages. de toute nature pouvant r\u00e9sulter de l&rsquo;utilisation de ces pages Web, en dehors de notre soci\u00e9t\u00e9, par l&rsquo;utilisateur.<\/p>\n\n<p>EUROFIRMS GROUP se r\u00e9serve le droit unilat\u00e9ral et sans pr\u00e9avis de r\u00e9silier tout UTILISATEUR qui, selon l&rsquo;organisation, a viol\u00e9 les conditions qui r\u00e9gissent l&rsquo;utilisation de notre site Web, sans que l&rsquo;UTILISATEUR ait le droit de r\u00e9clamer de quelque nature que ce soit pour ce type d&rsquo;Actions. De m\u00eame, il se r\u00e9serve le droit d&rsquo;exercer les actions judiciaires appropri\u00e9es \u00e0 l&rsquo;encontre de ceux qui enfreindraient les pr\u00e9sentes conditions g\u00e9n\u00e9rales d&rsquo;utilisation, l&rsquo;UTILISATEUR acceptant que la non-initiation de ces actions ne constitue pas une renonciation formelle \u00e0 celles-ci, restant en vigueur jusqu&rsquo;aux d\u00e9lais l\u00e9gaux de prescription des infractions.<\/p>\n\n<p><strong>POLITIQUE DE CONFIDENTIALIT\u00c9<\/strong><\/p>\n\n<p>La confidentialit\u00e9 et la s\u00e9curit\u00e9 sont des valeurs fondamentales d&rsquo;EUROFIRMS GROUP et, par cons\u00e9quent, nous nous engageons \u00e0 garantir \u00e0 tout moment la confidentialit\u00e9 de l&rsquo;Utilisateur et \u00e0 ne pas collecter d&rsquo;informations inutiles.<\/p>\n\n<p>La fourniture de donn\u00e9es personnelles via notre portail n\u00e9cessite un \u00e2ge minimum de 14 ans et l&rsquo;acceptation expresse de notre <a href=\"https:\/\/www.eurofirmsgroup.com\/fr\/politique-de-confidentialite\/\" target=\"_blank\" rel=\"noreferrer noopener\">politique de confidentialit\u00e9<\/a>.<\/p>\n\n<p><strong>RESPONSABILIT\u00c9S<\/strong><\/p>\n\n<p>En mettant ce site \u00e0 disposition de l&rsquo;utilisateur, nous souhaitons offrir un service de qualit\u00e9, en utilisant la plus grande diligence dans sa fourniture, ainsi que dans les moyens technologiques utilis\u00e9s. Cependant, nous ne serons pas responsables de la pr\u00e9sence de virus et autres \u00e9l\u00e9ments susceptibles d&rsquo;endommager de quelque mani\u00e8re que ce soit le syst\u00e8me informatique de l&rsquo;utilisateur.<\/p>\n\n<p>EUROFIRMS GROUP ne garantit pas que la disponibilit\u00e9 du service sera continue et ininterrompue, en raison de circonstances caus\u00e9es par des probl\u00e8mes sur le r\u00e9seau Internet, des pannes d&rsquo;appareils informatiques ou d&rsquo;autres circonstances impr\u00e9visibles, de sorte que l&rsquo;UTILISATEUR accepte de supporter ces circonstances dans des limites raisonnables, Par cons\u00e9quent, il renonce express\u00e9ment \u00e0 r\u00e9clamer \u00e0 EUROFIRMS GROUP une quelconque responsabilit\u00e9 pour d&rsquo;\u00e9ventuelles pannes, erreurs et utilisation du service.<\/p>\n\n<p>L&rsquo;UTILISATEUR assume toute responsabilit\u00e9 d\u00e9riv\u00e9e de l&rsquo;utilisation de notre site Web, \u00e9tant seul responsable de tout effet direct ou indirect pouvant survenir sur le site Web, y compris, mais sans s&rsquo;y limiter, tous les r\u00e9sultats \u00e9conomiques, techniques et \/ ou juridiques. en tant que fraude aux attentes g\u00e9n\u00e9r\u00e9es par notre portail, obligeant l&rsquo;utilisateur \u00e0 d\u00e9gager EUROFIRMS GROUP de toute responsabilit\u00e9 d\u00e9coulant de toute r\u00e9clamation d\u00e9coulant, directement ou indirectement, de tels \u00e9v\u00e9nements.<\/p>\n\n<p>EUROFIRMS GROUP ne garantit pas l&rsquo;exactitude, la v\u00e9racit\u00e9 et la validit\u00e9 du contenu de ce site Web, qu&rsquo;il soit le sien, celui de tiers ou pouvant \u00eatre li\u00e9 \u00e0 d&rsquo;autres sites Web, \u00e9tant totalement exon\u00e9r\u00e9 de toute responsabilit\u00e9 d\u00e9coulant de l&rsquo;utilisation de celui-ci.<\/p>\n\n<p>EUROFIRMS GROUP est exon\u00e9r\u00e9 de toute responsabilit\u00e9 d\u00e9coulant de toute r\u00e9clamation, y compris le paiement d&rsquo;honoraires aux avocats, pour les demandes et r\u00e9clamations \u00e9manant de tiers en raison de la violation par l&rsquo;UTILISATEUR de nos conditions d&rsquo;utilisation, de notre politique d&rsquo;acc\u00e8s et de confidentialit\u00e9, ou de toute autre r\u00e9clamation pour non-respect de la l\u00e9gislation en vigueur.<\/p>\n\n<p>L&rsquo;UTILISATEUR reconna\u00eet avoir compris toutes les informations relatives aux conditions d&rsquo;utilisation de notre portail, et reconna\u00eet qu&rsquo;elles sont suffisantes pour l&rsquo;exclusion de l&rsquo;erreur en elles, et par cons\u00e9quent, il les accepte int\u00e9gralement et express\u00e9ment.<\/p>\n\n<p>L&rsquo;UTILISATEUR est pleinement conscient que la simple navigation sur ce site, ainsi que l&rsquo;utilisation de ses services, implique l&rsquo;acceptation des pr\u00e9sentes conditions d&rsquo;utilisation.<\/p>\n\n<p>Tout ce qui concerne notre site Web est r\u00e9gi exclusivement par la loi espagnole. En cas de divergence ou de diff\u00e9rence entre les parties concernant l&rsquo;interpr\u00e9tation et le contenu de ce site Web, toutes les parties se soumettent, renon\u00e7ant express\u00e9ment \u00e0 toute autre juridiction, aux cours et tribunaux de G\u00e9rone.<\/p>\n\n<p><strong>VALIDITE DES CONDITIONS GENERALES D&rsquo;ACCES AU WEB<\/strong><\/p>\n\n<p>Ces conditions g\u00e9n\u00e9rales d&rsquo;utilisation ont \u00e9t\u00e9 modifi\u00e9es le 22\/08\/2019. Nous pouvons proc\u00e9der \u00e0 sa modification \u00e0 tout moment: veuillez v\u00e9rifier la date d&rsquo;\u00e9mission \u00e0 chaque fois que vous vous connectez \u00e0 notre site Web et ainsi vous serez s\u00fbr qu&rsquo;il n&rsquo;y a pas eu de modification qui vous concerne.<\/p>\n\n<p>Pour toute question concernant les conditions d&rsquo;utilisation de notre site Web, vous pouvez nous contacter aux informations indiqu\u00e9es ci-dessus, ou avec Lant Abogados \u00e0 <a href=\"mailto:info@lant-abogados.com\" target=\"_blank\" rel=\"noreferrer noopener\">info@lant-abogados.com<\/a> ou \u00e0 www.lant-abogados.com.<\/p>\n\t\t\t\t\t\t<\/div>\n\t\t\t\t<\/div>\n\t\t\t\t\t<\/div>\n\t\t<\/div>\n\t\t\t\t\t\t\t<\/div>\n\t\t<\/section>\n\t\t\t\t\t\t\t<\/div>\n\t\t","protected":false},"excerpt":{"rendered":"<p>La pr\u00e9sente page Web est la propri\u00e9t\u00e9 de EUROFIRMS GROUP, S.L.U. dont le si\u00e8ge social se trouve C. Pla de l\u2019Estany, 17 (17244 Cass\u00e0 de la Selva), NIF num\u00e9ro B55234694, inscrite au Registre du commerce de G\u00e9rone au Tome 720, folio 169, feuille GI-13787. EUROFIRMS GROUP englobe les entreprises suivantes : CLAIRE JOSTER GROUP SLU&#8230;<\/p>\n","protected":false},"author":1,"featured_media":0,"parent":0,"menu_order":0,"comment_status":"closed","ping_status":"closed","template":"templates\/legal.php","meta":{"footnotes":""},"acf":[],"yoast_head":"<!-- This site is optimized with the Yoast SEO plugin v20.13 - https:\/\/yoast.com\/wordpress\/plugins\/seo\/ -->\n<title>Avertissement l\u00e9gal - Eurofirms Group<\/title>\n<meta name=\"robots\" content=\"noindex, follow\" \/>\n<meta property=\"og:locale\" content=\"fr_FR\" \/>\n<meta property=\"og:type\" content=\"article\" \/>\n<meta property=\"og:title\" content=\"Avertissement l\u00e9gal - Eurofirms Group\" \/>\n<meta property=\"og:description\" content=\"La pr\u00e9sente page Web est la propri\u00e9t\u00e9 de EUROFIRMS GROUP, S.L.U. dont le si\u00e8ge social se trouve C. Pla de l\u2019Estany, 17 (17244 Cass\u00e0 de la Selva), NIF num\u00e9ro B55234694, inscrite au Registre du commerce de G\u00e9rone au Tome 720, folio 169, feuille GI-13787. EUROFIRMS GROUP englobe les entreprises suivantes : CLAIRE JOSTER GROUP SLU...\" \/>\n<meta property=\"og:url\" content=\"https:\/\/www.eurofirmsgroup.com\/fr\/avertissement-legal\/\" \/>\n<meta property=\"og:site_name\" content=\"Eurofirms Group\" \/>\n<meta property=\"article:modified_time\" content=\"2023-01-23T08:16:15+00:00\" \/>\n<meta property=\"og:image\" content=\"https:\/\/www.eurofirmsgroup.com\/wp-content\/uploads\/2020\/07\/logotipo-eurofirms-group-1.png\" \/>\n\t<meta property=\"og:image:width\" content=\"1200\" \/>\n\t<meta property=\"og:image:height\" content=\"630\" \/>\n\t<meta property=\"og:image:type\" content=\"image\/png\" \/>\n<meta name=\"twitter:card\" content=\"summary_large_image\" \/>\n<meta name=\"twitter:label1\" content=\"Dur\u00e9e de lecture estim\u00e9e\" \/>\n\t<meta name=\"twitter:data1\" content=\"8 minutes\" \/>\n<script type=\"application\/ld+json\" class=\"yoast-schema-graph\">{\"@context\":\"https:\/\/schema.org\",\"@graph\":[{\"@type\":\"WebPage\",\"@id\":\"https:\/\/www.eurofirmsgroup.com\/fr\/avertissement-legal\/\",\"url\":\"https:\/\/www.eurofirmsgroup.com\/fr\/avertissement-legal\/\",\"name\":\"Avertissement l\u00e9gal - Eurofirms Group\",\"isPartOf\":{\"@id\":\"https:\/\/www.eurofirmsgroup.com\/#website\"},\"datePublished\":\"2020-04-01T08:45:42+00:00\",\"dateModified\":\"2023-01-23T08:16:15+00:00\",\"breadcrumb\":{\"@id\":\"https:\/\/www.eurofirmsgroup.com\/fr\/avertissement-legal\/#breadcrumb\"},\"inLanguage\":\"fr-FR\",\"potentialAction\":[{\"@type\":\"ReadAction\",\"target\":[\"https:\/\/www.eurofirmsgroup.com\/fr\/avertissement-legal\/\"]}]},{\"@type\":\"BreadcrumbList\",\"@id\":\"https:\/\/www.eurofirmsgroup.com\/fr\/avertissement-legal\/#breadcrumb\",\"itemListElement\":[{\"@type\":\"ListItem\",\"position\":1,\"name\":\"Portada\",\"item\":\"https:\/\/www.eurofirmsgroup.com\/fr\/\"},{\"@type\":\"ListItem\",\"position\":2,\"name\":\"Avertissement l\u00e9gal\"}]},{\"@type\":\"WebSite\",\"@id\":\"https:\/\/www.eurofirmsgroup.com\/#website\",\"url\":\"https:\/\/www.eurofirmsgroup.com\/\",\"name\":\"Eurofirms Group\",\"description\":\"1\u00aa empresa nacional de RR. HH.\",\"potentialAction\":[{\"@type\":\"SearchAction\",\"target\":{\"@type\":\"EntryPoint\",\"urlTemplate\":\"https:\/\/www.eurofirmsgroup.com\/?s={search_term_string}\"},\"query-input\":\"required name=search_term_string\"}],\"inLanguage\":\"fr-FR\"}]}<\/script>\n<!-- \/ Yoast SEO plugin. -->","yoast_head_json":{"title":"Avertissement l\u00e9gal - Eurofirms Group","robots":{"index":"noindex","follow":"follow"},"og_locale":"fr_FR","og_type":"article","og_title":"Avertissement l\u00e9gal - Eurofirms Group","og_description":"La pr\u00e9sente page Web est la propri\u00e9t\u00e9 de EUROFIRMS GROUP, S.L.U. dont le si\u00e8ge social se trouve C. Pla de l\u2019Estany, 17 (17244 Cass\u00e0 de la Selva), NIF num\u00e9ro B55234694, inscrite au Registre du commerce de G\u00e9rone au Tome 720, folio 169, feuille GI-13787. EUROFIRMS GROUP englobe les entreprises suivantes : CLAIRE JOSTER GROUP SLU...","og_url":"https:\/\/www.eurofirmsgroup.com\/fr\/avertissement-legal\/","og_site_name":"Eurofirms Group","article_modified_time":"2023-01-23T08:16:15+00:00","og_image":[{"width":1200,"height":630,"url":"https:\/\/www.eurofirmsgroup.com\/wp-content\/uploads\/2020\/07\/logotipo-eurofirms-group-1.png","type":"image\/png"}],"twitter_card":"summary_large_image","twitter_misc":{"Dur\u00e9e de lecture estim\u00e9e":"8 minutes"},"schema":{"@context":"https:\/\/schema.org","@graph":[{"@type":"WebPage","@id":"https:\/\/www.eurofirmsgroup.com\/fr\/avertissement-legal\/","url":"https:\/\/www.eurofirmsgroup.com\/fr\/avertissement-legal\/","name":"Avertissement l\u00e9gal - Eurofirms Group","isPartOf":{"@id":"https:\/\/www.eurofirmsgroup.com\/#website"},"datePublished":"2020-04-01T08:45:42+00:00","dateModified":"2023-01-23T08:16:15+00:00","breadcrumb":{"@id":"https:\/\/www.eurofirmsgroup.com\/fr\/avertissement-legal\/#breadcrumb"},"inLanguage":"fr-FR","potentialAction":[{"@type":"ReadAction","target":["https:\/\/www.eurofirmsgroup.com\/fr\/avertissement-legal\/"]}]},{"@type":"BreadcrumbList","@id":"https:\/\/www.eurofirmsgroup.com\/fr\/avertissement-legal\/#breadcrumb","itemListElement":[{"@type":"ListItem","position":1,"name":"Portada","item":"https:\/\/www.eurofirmsgroup.com\/fr\/"},{"@type":"ListItem","position":2,"name":"Avertissement l\u00e9gal"}]},{"@type":"WebSite","@id":"https:\/\/www.eurofirmsgroup.com\/#website","url":"https:\/\/www.eurofirmsgroup.com\/","name":"Eurofirms Group","description":"1\u00aa empresa nacional de RR. HH.","potentialAction":[{"@type":"SearchAction","target":{"@type":"EntryPoint","urlTemplate":"https:\/\/www.eurofirmsgroup.com\/?s={search_term_string}"},"query-input":"required name=search_term_string"}],"inLanguage":"fr-FR"}]}},"_links":{"self":[{"href":"https:\/\/www.eurofirmsgroup.com\/fr\/wp-json\/wp\/v2\/pages\/13701"}],"collection":[{"href":"https:\/\/www.eurofirmsgroup.com\/fr\/wp-json\/wp\/v2\/pages"}],"about":[{"href":"https:\/\/www.eurofirmsgroup.com\/fr\/wp-json\/wp\/v2\/types\/page"}],"author":[{"embeddable":true,"href":"https:\/\/www.eurofirmsgroup.com\/fr\/wp-json\/wp\/v2\/users\/1"}],"replies":[{"embeddable":true,"href":"https:\/\/www.eurofirmsgroup.com\/fr\/wp-json\/wp\/v2\/comments?post=13701"}],"version-history":[{"count":4,"href":"https:\/\/www.eurofirmsgroup.com\/fr\/wp-json\/wp\/v2\/pages\/13701\/revisions"}],"predecessor-version":[{"id":22791,"href":"https:\/\/www.eurofirmsgroup.com\/fr\/wp-json\/wp\/v2\/pages\/13701\/revisions\/22791"}],"wp:attachment":[{"href":"https:\/\/www.eurofirmsgroup.com\/fr\/wp-json\/wp\/v2\/media?parent=13701"}],"curies":[{"name":"wp","href":"https:\/\/api.w.org\/{rel}","templated":true}]}}