{"id":13936,"date":"2020-09-09T11:11:10","date_gmt":"2020-09-09T09:11:10","guid":{"rendered":"https:\/\/www.eurofirmsgroup.com\/innovacion-y-sostenibilidad-social\/"},"modified":"2023-08-10T15:58:40","modified_gmt":"2023-08-10T13:58:40","slug":"innovation-et-durabilite-sociale","status":"publish","type":"page","link":"https:\/\/www.eurofirmsgroup.com\/fr\/innovation-et-durabilite-sociale\/","title":{"rendered":"Innovation et durabilit\u00e9 sociale"},"content":{"rendered":"\n<p>Pour am\u00e9liorer la vie des personnes, nous cr\u00e9ons des entreprises durables, o\u00f9 pouvoir contribuer \u00e0 leur d\u00e9veloppement et \u00e0 celui des leaders avec des valeurs qui stimulent notre projet. Un projet qui part d&rsquo;une vision humaniste, d&rsquo;un capitalisme conscient qui est ax\u00e9 sur le bien-\u00eatre des personnes.&nbsp;<\/p>\n\n\n\n<p>Notre objectif social, les affaires et la responsabilit\u00e9 sociale des entreprises ne sont pas trait\u00e9s s\u00e9par\u00e9ment. Au contraire. C&rsquo;est pr\u00e9cis\u00e9ment ici o\u00f9 nous int\u00e9grons notre RSE, parce qu&rsquo;au-del\u00e0 de la responsabilit\u00e9 sociale des entreprises, nous aimons parler et pratiquer la <strong>durabilit\u00e9 et l&rsquo;innovation sociale depuis le People first<\/strong>.&nbsp;<\/p>\n","protected":false},"excerpt":{"rendered":"<p>Pour am\u00e9liorer la vie des personnes, nous cr\u00e9ons des entreprises durables, o\u00f9 pouvoir contribuer \u00e0 leur d\u00e9veloppement et \u00e0 celui des leaders avec des valeurs qui stimulent notre projet. Un projet qui part d&rsquo;une vision humaniste, d&rsquo;un capitalisme conscient qui est ax\u00e9 sur le bien-\u00eatre des personnes.&nbsp; Notre objectif social, les affaires et la responsabilit\u00e9&#8230;<\/p>\n","protected":false},"author":1,"featured_media":0,"parent":0,"menu_order":0,"comment_status":"closed","ping_status":"closed","template":"templates\/innovation.php","meta":{"footnotes":""},"acf":[],"yoast_head":"<!-- This site is optimized with the Yoast SEO plugin v20.13 - https:\/\/yoast.com\/wordpress\/plugins\/seo\/ -->\n<title>Innovation et durabilit\u00e9 sociale - Eurofirms Group<\/title>\n<meta name=\"description\" content=\"Notre objectif social, les affaires et la responsabilit\u00e9 sociale des entreprises ne sont pas trait\u00e9s s\u00e9par\u00e9ment.\" \/>\n<meta name=\"robots\" content=\"index, follow, max-snippet:-1, max-image-preview:large, max-video-preview:-1\" \/>\n<link rel=\"canonical\" href=\"https:\/\/www.eurofirmsgroup.com\/fr\/innovation-et-durabilite-sociale\/\" \/>\n<meta property=\"og:locale\" content=\"fr_FR\" \/>\n<meta property=\"og:type\" content=\"article\" \/>\n<meta property=\"og:title\" content=\"Innovation et durabilit\u00e9 sociale - Eurofirms Group\" \/>\n<meta property=\"og:description\" content=\"Notre objectif social, les affaires et la responsabilit\u00e9 sociale des entreprises ne sont pas trait\u00e9s s\u00e9par\u00e9ment.\" \/>\n<meta property=\"og:url\" content=\"https:\/\/www.eurofirmsgroup.com\/fr\/innovation-et-durabilite-sociale\/\" \/>\n<meta property=\"og:site_name\" content=\"Eurofirms Group\" \/>\n<meta property=\"article:modified_time\" content=\"2023-08-10T13:58:40+00:00\" \/>\n<meta property=\"og:image\" content=\"https:\/\/www.eurofirmsgroup.com\/wp-content\/uploads\/2020\/07\/logotipo-eurofirms-group-1.png\" \/>\n\t<meta property=\"og:image:width\" content=\"1200\" \/>\n\t<meta property=\"og:image:height\" content=\"630\" \/>\n\t<meta property=\"og:image:type\" content=\"image\/png\" \/>\n<meta name=\"twitter:card\" content=\"summary_large_image\" \/>\n<meta name=\"twitter:label1\" content=\"Dur\u00e9e de lecture estim\u00e9e\" \/>\n\t<meta name=\"twitter:data1\" content=\"1 minute\" \/>\n<script type=\"application\/ld+json\" class=\"yoast-schema-graph\">{\"@context\":\"https:\/\/schema.org\",\"@graph\":[{\"@type\":\"WebPage\",\"@id\":\"https:\/\/www.eurofirmsgroup.com\/fr\/innovation-et-durabilite-sociale\/\",\"url\":\"https:\/\/www.eurofirmsgroup.com\/fr\/innovation-et-durabilite-sociale\/\",\"name\":\"Innovation et durabilit\u00e9 sociale - Eurofirms Group\",\"isPartOf\":{\"@id\":\"https:\/\/www.eurofirmsgroup.com\/#website\"},\"datePublished\":\"2020-09-09T09:11:10+00:00\",\"dateModified\":\"2023-08-10T13:58:40+00:00\",\"description\":\"Notre objectif social, les affaires et la responsabilit\u00e9 sociale des entreprises ne sont pas trait\u00e9s s\u00e9par\u00e9ment.\",\"breadcrumb\":{\"@id\":\"https:\/\/www.eurofirmsgroup.com\/fr\/innovation-et-durabilite-sociale\/#breadcrumb\"},\"inLanguage\":\"fr-FR\",\"potentialAction\":[{\"@type\":\"ReadAction\",\"target\":[\"https:\/\/www.eurofirmsgroup.com\/fr\/innovation-et-durabilite-sociale\/\"]}]},{\"@type\":\"BreadcrumbList\",\"@id\":\"https:\/\/www.eurofirmsgroup.com\/fr\/innovation-et-durabilite-sociale\/#breadcrumb\",\"itemListElement\":[{\"@type\":\"ListItem\",\"position\":1,\"name\":\"Portada\",\"item\":\"https:\/\/www.eurofirmsgroup.com\/fr\/\"},{\"@type\":\"ListItem\",\"position\":2,\"name\":\"Innovation et durabilit\u00e9 sociale\"}]},{\"@type\":\"WebSite\",\"@id\":\"https:\/\/www.eurofirmsgroup.com\/#website\",\"url\":\"https:\/\/www.eurofirmsgroup.com\/\",\"name\":\"Eurofirms Group\",\"description\":\"1\u00aa empresa nacional de RR. HH.\",\"potentialAction\":[{\"@type\":\"SearchAction\",\"target\":{\"@type\":\"EntryPoint\",\"urlTemplate\":\"https:\/\/www.eurofirmsgroup.com\/?s={search_term_string}\"},\"query-input\":\"required name=search_term_string\"}],\"inLanguage\":\"fr-FR\"}]}<\/script>\n<!-- \/ Yoast SEO plugin. -->","yoast_head_json":{"title":"Innovation et durabilit\u00e9 sociale - Eurofirms Group","description":"Notre objectif social, les affaires et la responsabilit\u00e9 sociale des entreprises ne sont pas trait\u00e9s s\u00e9par\u00e9ment.","robots":{"index":"index","follow":"follow","max-snippet":"max-snippet:-1","max-image-preview":"max-image-preview:large","max-video-preview":"max-video-preview:-1"},"canonical":"https:\/\/www.eurofirmsgroup.com\/fr\/innovation-et-durabilite-sociale\/","og_locale":"fr_FR","og_type":"article","og_title":"Innovation et durabilit\u00e9 sociale - Eurofirms Group","og_description":"Notre objectif social, les affaires et la responsabilit\u00e9 sociale des entreprises ne sont pas trait\u00e9s s\u00e9par\u00e9ment.","og_url":"https:\/\/www.eurofirmsgroup.com\/fr\/innovation-et-durabilite-sociale\/","og_site_name":"Eurofirms Group","article_modified_time":"2023-08-10T13:58:40+00:00","og_image":[{"width":1200,"height":630,"url":"https:\/\/www.eurofirmsgroup.com\/wp-content\/uploads\/2020\/07\/logotipo-eurofirms-group-1.png","type":"image\/png"}],"twitter_card":"summary_large_image","twitter_misc":{"Dur\u00e9e de lecture estim\u00e9e":"1 minute"},"schema":{"@context":"https:\/\/schema.org","@graph":[{"@type":"WebPage","@id":"https:\/\/www.eurofirmsgroup.com\/fr\/innovation-et-durabilite-sociale\/","url":"https:\/\/www.eurofirmsgroup.com\/fr\/innovation-et-durabilite-sociale\/","name":"Innovation et durabilit\u00e9 sociale - Eurofirms Group","isPartOf":{"@id":"https:\/\/www.eurofirmsgroup.com\/#website"},"datePublished":"2020-09-09T09:11:10+00:00","dateModified":"2023-08-10T13:58:40+00:00","description":"Notre objectif social, les affaires et la responsabilit\u00e9 sociale des entreprises ne sont pas trait\u00e9s s\u00e9par\u00e9ment.","breadcrumb":{"@id":"https:\/\/www.eurofirmsgroup.com\/fr\/innovation-et-durabilite-sociale\/#breadcrumb"},"inLanguage":"fr-FR","potentialAction":[{"@type":"ReadAction","target":["https:\/\/www.eurofirmsgroup.com\/fr\/innovation-et-durabilite-sociale\/"]}]},{"@type":"BreadcrumbList","@id":"https:\/\/www.eurofirmsgroup.com\/fr\/innovation-et-durabilite-sociale\/#breadcrumb","itemListElement":[{"@type":"ListItem","position":1,"name":"Portada","item":"https:\/\/www.eurofirmsgroup.com\/fr\/"},{"@type":"ListItem","position":2,"name":"Innovation et durabilit\u00e9 sociale"}]},{"@type":"WebSite","@id":"https:\/\/www.eurofirmsgroup.com\/#website","url":"https:\/\/www.eurofirmsgroup.com\/","name":"Eurofirms Group","description":"1\u00aa empresa nacional de RR. HH.","potentialAction":[{"@type":"SearchAction","target":{"@type":"EntryPoint","urlTemplate":"https:\/\/www.eurofirmsgroup.com\/?s={search_term_string}"},"query-input":"required name=search_term_string"}],"inLanguage":"fr-FR"}]}},"_links":{"self":[{"href":"https:\/\/www.eurofirmsgroup.com\/fr\/wp-json\/wp\/v2\/pages\/13936"}],"collection":[{"href":"https:\/\/www.eurofirmsgroup.com\/fr\/wp-json\/wp\/v2\/pages"}],"about":[{"href":"https:\/\/www.eurofirmsgroup.com\/fr\/wp-json\/wp\/v2\/types\/page"}],"author":[{"embeddable":true,"href":"https:\/\/www.eurofirmsgroup.com\/fr\/wp-json\/wp\/v2\/users\/1"}],"replies":[{"embeddable":true,"href":"https:\/\/www.eurofirmsgroup.com\/fr\/wp-json\/wp\/v2\/comments?post=13936"}],"version-history":[{"count":6,"href":"https:\/\/www.eurofirmsgroup.com\/fr\/wp-json\/wp\/v2\/pages\/13936\/revisions"}],"predecessor-version":[{"id":23791,"href":"https:\/\/www.eurofirmsgroup.com\/fr\/wp-json\/wp\/v2\/pages\/13936\/revisions\/23791"}],"wp:attachment":[{"href":"https:\/\/www.eurofirmsgroup.com\/fr\/wp-json\/wp\/v2\/media?parent=13936"}],"curies":[{"name":"wp","href":"https:\/\/api.w.org\/{rel}","templated":true}]}}