{"id":9620,"date":"2020-04-01T08:45:42","date_gmt":"2020-04-01T08:45:42","guid":{"rendered":"https:\/\/www.eurofirmsgroup.com\/aviso-legal\/"},"modified":"2023-01-23T10:44:11","modified_gmt":"2023-01-23T08:44:11","slug":"avviso-legal","status":"publish","type":"page","link":"https:\/\/www.eurofirmsgroup.com\/it\/avviso-legal\/","title":{"rendered":"Avviso legale"},"content":{"rendered":"\t\t<div data-elementor-type=\"wp-page\" data-elementor-id=\"9620\" class=\"elementor elementor-9620 elementor-59\">\n\t\t\t\t\t\t\t\t\t<section class=\"elementor-section elementor-top-section elementor-element elementor-element-656157e5 elementor-section-boxed elementor-section-height-default elementor-section-height-default\" data-id=\"656157e5\" data-element_type=\"section\">\n\t\t\t\t\t\t<div class=\"elementor-container elementor-column-gap-default\">\n\t\t\t\t\t<div class=\"elementor-column elementor-col-100 elementor-top-column elementor-element elementor-element-4ae0134e\" data-id=\"4ae0134e\" data-element_type=\"column\">\n\t\t\t<div class=\"elementor-widget-wrap elementor-element-populated\">\n\t\t\t\t\t\t\t\t<div class=\"elementor-element elementor-element-56796de5 elementor-widget elementor-widget-text-editor\" data-id=\"56796de5\" data-element_type=\"widget\" data-widget_type=\"text-editor.default\">\n\t\t\t\t<div class=\"elementor-widget-container\">\n\t\t\t\t\t\t\t\n<p>Questo sito web \u00e8 di propriet\u00e0 di EUROFIRMS GROUP, SLU con sede legale in C. Pla de l&#8217;Estany, 17 (17244 Cass\u00e0 de la Selva), NIF (Codice Fiscale) B55234694, registrato presso il Registro delle Imprese di Girona nel volume 720, pagina 169, foglio GI-13787.<\/p>\n\n<p>EUROFIRMS GROUP comprende le seguenti societ\u00e0:<\/p>\n<ul>\n<li>CLAIRE JOSTER GROUP SLU \u2013 B55319099<\/li>\n<li>CORNERJOB SPAIN \u2013 B66621723<\/li>\n<li>EUROFIRMS CHILE EST SPA \u2013 77038711-6<\/li>\n<li>EUROFIRMS ETT, SLU \u2013 B17880550<\/li>\n<li>EUROFIRMS FUNDACI\u00d3 \u2013 G17966532<\/li>\n<li>EUROFIRMS PORTUGAL SGPS \u2013 513756426<\/li>\n<li>EUROFIRMS SERVI\u00c7OS LDA \u2013 510670385<\/li>\n<li>EUROFIRMS TALENT LDA \u2013 513499237<\/li>\n<li>EUROFIRMS TRABALHO TEMPORARIO LDA \u2013 510661408<\/li>\n<li>INNERIA CHILE SPA \u2013 77038708-6<\/li>\n<li>INNERIA CLEANING SLU \u2013 B83944611<\/li>\n<li>INNERIA CONTACT CENTER SLU \u2013 B87558920<\/li>\n<li>INNERIA SOCIAL SLU \u2013 B33846197<\/li>\n<li>INNERIA SOLUTIONS SLU \u2013 B83327460<\/li>\n<li>INNERIA CENTRO ESPECIAL DE EMPLEO \u2013 B93484798<\/li>\n<li>JOB DIGITAL NETWORKS \u2013 B66583907<\/li>\n<li>TALENT SAVIOR TRAINING, SLU \u2013 B17601626<\/li>\n<li>TALENT SAVIOR, SLU \u2013 B86594264<\/li>\n<\/ul>\n<p>Per qualsiasi domanda o proposta, contattaci chiamando il +34 972 18 10 10, tramite e-mail a\u00a0<a href=\"mailto:info@eurofirms.com\">info@eurofirms.com<\/a>\u00a0o al Delegato alla protezione dei dati:\u00a0<a href=\"mailto:dpo@eurofirms.com\">dpo@eurofirms.com<\/a>.<\/p>\n\n<p>Questo sito web \u00e8 regolato dalle normative applicabili esclusivamente in Spagna, essendo soggetti ad esse sia i cittadini che gli stranieri che utilizzano questo sito web.<\/p>\n<p>L&#8217;accesso al nostro sito web da parte dell&#8217;UTENTE \u00e8 gratuito ed \u00e8 soggetto a previa lettura e alla piena, espressa e incondizionata accettazione delle presenti CONDIZIONI GENERALI D&#8217;USO in vigore al momento dell&#8217;accesso, che vi preghiamo di leggere attentamente. L&#8217;UTENTE, quando utilizza il nostro portale, i suoi contenuti o servizi, accetta e si sottomette espressamente alle condizioni generali di utilizzo dello stesso. Se l&#8217;utente non \u00e8 d&#8217;accordo con queste condizioni d&#8217;uso, deve astenersi dall&#8217;utilizzare questo portale e operare attraverso di esso.<\/p>\n<p>In qualsiasi momento possiamo modificare la presentazione e la configurazione del nostro sito web, espandere o ridurre i servizi e persino eliminarlo dalla rete, come anche i servizi e i contenuti forniti, il tutto unilateralmente e senza preavviso.<\/p>\n\n<p><strong>PROPRIET\u00c0 INTELLETTUALE<\/strong><\/p>\n<p>Tutti i contenuti, testi, immagini e codici sorgente sono di propriet\u00e0 di EUROFIRMS GROUP, SLU o di terzi da cui sono stati acquisiti i loro diritti di sfruttamento e sono protetti dai diritti di propriet\u00e0 intellettuale e industriale.<\/p>\n<p>L&#8217;utente ha solo il diritto di utilizzarli in modo privato e senza scopo di lucro e necessita di espressa autorizzazione per modificare, riprodurre, sfruttare, distribuire o esercitare qualsiasi diritto appartenente al suo proprietario.<\/p>\n<p>EUROFIRMS \u00e8 un marchio registrato e la sua riproduzione, l\u2019imitazione, l\u2019uso o l\u2019inserimento senza la nostra debita autorizzazione sono espressamente vietati.<\/p>\n<p>La creazione di collegamenti al nostro portale non conferisce alcun diritto su di esso. Allo stesso modo, il semplice fatto di stabilire un collegamento al nostro sito web non d\u00e0 diritto a concedere la categoria di collaboratore o partner.<\/p>\n<p>EUROFIRMS GROUP \u00e8 esonerato da ogni responsabilit\u00e0 per qualsiasi reclamo riguardante i diritti di propriet\u00e0 intellettuale degli articoli e delle immagini pubblicate da terzi sul proprio portale.<\/p>\n<p>\u00c8 assolutamente vietata l&#8217;imitazione, in tutto o in parte, del nostro portale.<\/p>\n\n<p><strong>CONDIZIONI DI ACCESSO E UTILIZZO<\/strong><\/p>\n<p>L&#8217;accesso al nostro sito web \u00e8 gratuito e non richiede iscrizione o registrazione preventiva. Tuttavia, alcuni servizi sono limitati a determinati utenti e richiedono un processo di registrazione e\/o identificazione tramite password. Questi servizi saranno debitamente identificati sul web.<\/p>\n<p>L&#8217;invio di dati personali implica l&#8217;accettazione espressa da parte dell&#8217;UTENTE della nostra Politica sulla privacy.<\/p>\n<p>L&#8217;utente deve accedere al nostro sito web in conformit\u00e0 con la buona fede, le regole di ordine pubblico e le presenti Condizioni generali di utilizzo. L&#8217;accesso al nostro sito web avviene sotto la sola ed esclusiva responsabilit\u00e0 dell&#8217;utente, il quale sar\u00e0 responsabile in ogni caso di eventuali danni che dovessero essere causati a terzi o a noi stessi.<\/p>\n<p>All&#8217;utente \u00e8 espressamente vietato l&#8217;utilizzo e l&#8217;ottenimento dei servizi e dei contenuti offerti su questo sito web, con modalit\u00e0 diverse da quelle previste nelle presenti condizioni d&#8217;uso.<\/p>\n<p>All&#8217;UTENTE \u00e8 vietato qualsiasi tipo di azione sul nostro portale che provochi un eccessivo sovraccarico operativo dei nostri sistemi informatici, nonch\u00e9 l&#8217;introduzione di virus o l&#8217;installazione di robot o software che alterino il normale funzionamento del nostro sito web, o possano causare danni ai nostri sistemi informatici.<\/p>\n<p>Tenuto conto dell&#8217;impossibilit\u00e0 di controllo sulle informazioni, sui contenuti e sui servizi contenuti in altre pagine web a cui \u00e8 possibile accedere tramite i link che la nostra pagina web pu\u00f2 metterti a disposizione, ti informiamo che EUROFIRMS GROUP, \u00e8 esente da qualsiasi responsabilit\u00e0 per danni di qualsiasi tipo che possono derivare dall&#8217;utilizzo di queste pagine web, non appartenenti alla nostra azienda, da parte dell&#8217;utente.<\/p>\n<p>EUROFIRMS GROUP si riserva il diritto unilaterale e senza preavviso di cancellare qualsiasi UTENTE che si ritenga abbia violato le condizioni che regolano l&#8217;uso del nostro sito web, senza che l&#8217;UTENTE abbia diritto a alcun tipo di reclamo per questo tipo di azioni. Allo stesso modo, si riserva il diritto di esercitare le opportune azioni legali contro coloro che violano le presenti condizioni generali di utilizzo, e l&#8217;UTENTE accetta che il mancato avvio di tali azioni non costituisce una rinuncia formale alle stesse, che rimangono in vigore fino alle scadenze legali di prescrizione delle infrazioni stesse.<\/p>\n\n<p><strong>POLITICA SULLA PRIVACY<\/strong><\/p>\n\n<p>Riservatezza e sicurezza sono valori fondamentali di EUROFIRMS GROUP e, di conseguenza, ci assumiamo l&#8217;impegno a garantire la privacy dell&#8217;Utente in ogni momento e a non raccogliere informazioni non necessarie.<\/p>\n<p>La cessione dei dati personali tramite il nostro portale richiede un&#8217;et\u00e0 minima di 14 anni e l&#8217;accettazione espressa della nostra <a href=\"https:\/\/www.eurofirmsgroup.com\/it\/politica-de-privacidad\/\">Politica sulla Privacy.<\/a><\/p>\n\n<p><strong>RESPONSABILIT\u00c0<\/strong><\/p>\n<p>Mettendo a disposizione dell&#8217;utente questo sito, vogliamo offrire un servizio di qualit\u00e0, adoperando la massima attenzione nel fornirlo, cos\u00ec come per i mezzi tecnologici utilizzati. Tuttavia, non saremo responsabili della presenza di virus e altri elementi che possano in qualsiasi modo danneggiare il sistema informatico dell&#8217;utente.<\/p>\n<p>EUROFIRMS GROUP non garantisce che la disponibilit\u00e0 del servizio sia continua e ininterrotta, a causa di circostanze causate da problemi nella rete Internet, guasti nei dispositivi del computer o altre circostanze imprevedibili, per tale motivo l&#8217;UTENTE accetta queste circostanze entro limiti ragionevoli e pertanto rinuncia espressamente a ritenere responsabile EUROFIRMS GROUP per eventuali guasti, errori e utilizzo del servizio.<\/p>\n<p>L&#8217;UTENTE si assume ogni responsabilit\u00e0 derivante dall&#8217;uso del nostro sito web, essendo egli l&#8217;unico responsabile per qualsiasi effetto diretto o indiretto che possa sorgere sul sito web, incluso, ma non solo, qualsiasi risultato economico, tecnico e\/o legale avverso, nonch\u00e9 il fallimento delle aspettative generate dal nostro portale, ci\u00f2 obbliga l&#8217;utente a mantenere EUROFIRMS GROUP indenne da qualsiasi reclamo derivato, direttamente o indirettamente da tali eventi.<\/p>\n<p>EUROFIRMS GROUP non garantisce l&#8217;accuratezza, la veridicit\u00e0 e la validit\u00e0 dei contenuti di questa pagina web, siano essi propri, di terzi o collegabili ad altri siti web, essendo totalmente esonerato da ogni responsabilit\u00e0 derivante dall&#8217;uso della stessa.<\/p>\n<p>EUROFIRMS GROUP \u00e8 esonerato da qualsiasi responsabilit\u00e0 derivante da qualsiasi reclamo, incluso il pagamento di parcelle ad avvocati, per richieste e reclami originati da terzi a causa della violazione da parte dell&#8217;UTENTE delle nostre condizioni di utilizzo, accesso e politica sulla privacy, o da qualsiasi altro reclamo per il mancato rispetto delle normative vigenti.<\/p>\n<p>L&#8217;UTENTE riconosce di aver compreso tutte le informazioni riguardanti le condizioni di utilizzo del nostro portale, e riconosce che sono sufficienti per evitare errori riguardo ad esse, e quindi le accetta integralmente ed espressamente.<\/p>\n<p>L&#8217;UTENTE \u00e8 pienamente consapevole che la semplice navigazione su questo sito web, cos\u00ec come l&#8217;utilizzo dei suoi servizi, implica l&#8217;accettazione delle presenti condizioni di utilizzo.<\/p>\n<p>Tutto ci\u00f2 che riguarda il nostro sito web \u00e8 regolato esclusivamente dalle leggi spagnole. Qualora si verifichi qualsiasi tipo di discrepanza o differenza tra le parti in relazione all&#8217;interpretazione e al contenuto di questo sito web, tutte le parti si sottopongono, rinunciando espressamente a qualsiasi altra giurisdizione, alle Corti e ai Tribunali di Girona.<\/p>\n<p><strong>VALIDIT\u00c0 DELLE CONDIZIONI GENERALI DI ACCESSO AL WEB<\/strong><\/p>\n<p>Le presenti Condizioni Generali d&#8217;Uso sono state modificate il 22\/08\/2019. Possiamo procedere alla loro modifica in qualsiasi momento: ti preghiamo di controllare la data di emissione ogni volta che ti connetti al nostro sito web e cos\u00ec sarai sicuro che non ci siano state modifiche che ti possono riguardare.<\/p>\n<p>Per qualsiasi domanda riguardante le Condizioni d&#8217;Uso del nostro sito web, puoi contattarci nei modi sopra indicati, o rivolgendoti a Lant Abogados a info@lant-abogados.com o su\u00a0<a href=\"http:\/\/www.lant-abogados.com\">www.lant-abogados.com<\/a>.<\/p>\n\t\t\t\t\t\t<\/div>\n\t\t\t\t<\/div>\n\t\t\t\t\t<\/div>\n\t\t<\/div>\n\t\t\t\t\t\t\t<\/div>\n\t\t<\/section>\n\t\t\t\t\t\t\t<\/div>\n\t\t","protected":false},"excerpt":{"rendered":"<p>Questo sito web \u00e8 di propriet\u00e0 di EUROFIRMS GROUP, SLU con sede legale in C. Pla de l&#8217;Estany, 17 (17244 Cass\u00e0 de la Selva), NIF (Codice Fiscale) B55234694, registrato presso il Registro delle Imprese di Girona nel volume 720, pagina 169, foglio GI-13787. EUROFIRMS GROUP comprende le seguenti societ\u00e0: CLAIRE JOSTER GROUP SLU \u2013 B55319099&#8230;<\/p>\n","protected":false},"author":1,"featured_media":0,"parent":0,"menu_order":0,"comment_status":"closed","ping_status":"closed","template":"templates\/legal.php","meta":{"footnotes":""},"acf":[],"yoast_head":"<!-- This site is optimized with the Yoast SEO plugin v20.13 - https:\/\/yoast.com\/wordpress\/plugins\/seo\/ -->\n<title>Avviso legale - Eurofirms Group<\/title>\n<meta name=\"robots\" content=\"noindex, follow\" \/>\n<meta property=\"og:locale\" content=\"it_IT\" \/>\n<meta property=\"og:type\" content=\"article\" \/>\n<meta property=\"og:title\" content=\"Avviso legale - Eurofirms Group\" \/>\n<meta property=\"og:description\" content=\"Questo sito web \u00e8 di propriet\u00e0 di EUROFIRMS GROUP, SLU con sede legale in C. Pla de l&#8217;Estany, 17 (17244 Cass\u00e0 de la Selva), NIF (Codice Fiscale) B55234694, registrato presso il Registro delle Imprese di Girona nel volume 720, pagina 169, foglio GI-13787. EUROFIRMS GROUP comprende le seguenti societ\u00e0: CLAIRE JOSTER GROUP SLU \u2013 B55319099...\" \/>\n<meta property=\"og:url\" content=\"https:\/\/www.eurofirmsgroup.com\/it\/avviso-legal\/\" \/>\n<meta property=\"og:site_name\" content=\"Eurofirms Group\" \/>\n<meta property=\"article:modified_time\" content=\"2023-01-23T08:44:11+00:00\" \/>\n<meta property=\"og:image\" content=\"https:\/\/www.eurofirmsgroup.com\/wp-content\/uploads\/2020\/07\/logotipo-eurofirms-group-1.png\" \/>\n\t<meta property=\"og:image:width\" content=\"1200\" \/>\n\t<meta property=\"og:image:height\" content=\"630\" \/>\n\t<meta property=\"og:image:type\" content=\"image\/png\" \/>\n<meta name=\"twitter:card\" content=\"summary_large_image\" \/>\n<meta name=\"twitter:label1\" content=\"Tempo di lettura stimato\" \/>\n\t<meta name=\"twitter:data1\" content=\"8 minuti\" \/>\n<script type=\"application\/ld+json\" class=\"yoast-schema-graph\">{\"@context\":\"https:\/\/schema.org\",\"@graph\":[{\"@type\":\"WebPage\",\"@id\":\"https:\/\/www.eurofirmsgroup.com\/it\/avviso-legal\/\",\"url\":\"https:\/\/www.eurofirmsgroup.com\/it\/avviso-legal\/\",\"name\":\"Avviso legale - Eurofirms Group\",\"isPartOf\":{\"@id\":\"https:\/\/www.eurofirmsgroup.com\/#website\"},\"datePublished\":\"2020-04-01T08:45:42+00:00\",\"dateModified\":\"2023-01-23T08:44:11+00:00\",\"breadcrumb\":{\"@id\":\"https:\/\/www.eurofirmsgroup.com\/it\/avviso-legal\/#breadcrumb\"},\"inLanguage\":\"it-IT\",\"potentialAction\":[{\"@type\":\"ReadAction\",\"target\":[\"https:\/\/www.eurofirmsgroup.com\/it\/avviso-legal\/\"]}]},{\"@type\":\"BreadcrumbList\",\"@id\":\"https:\/\/www.eurofirmsgroup.com\/it\/avviso-legal\/#breadcrumb\",\"itemListElement\":[{\"@type\":\"ListItem\",\"position\":1,\"name\":\"Portada\",\"item\":\"https:\/\/www.eurofirmsgroup.com\/it\/\"},{\"@type\":\"ListItem\",\"position\":2,\"name\":\"Avviso legale\"}]},{\"@type\":\"WebSite\",\"@id\":\"https:\/\/www.eurofirmsgroup.com\/#website\",\"url\":\"https:\/\/www.eurofirmsgroup.com\/\",\"name\":\"Eurofirms Group\",\"description\":\"1\u00aa empresa nacional de RR. HH.\",\"potentialAction\":[{\"@type\":\"SearchAction\",\"target\":{\"@type\":\"EntryPoint\",\"urlTemplate\":\"https:\/\/www.eurofirmsgroup.com\/?s={search_term_string}\"},\"query-input\":\"required name=search_term_string\"}],\"inLanguage\":\"it-IT\"}]}<\/script>\n<!-- \/ Yoast SEO plugin. -->","yoast_head_json":{"title":"Avviso legale - Eurofirms Group","robots":{"index":"noindex","follow":"follow"},"og_locale":"it_IT","og_type":"article","og_title":"Avviso legale - Eurofirms Group","og_description":"Questo sito web \u00e8 di propriet\u00e0 di EUROFIRMS GROUP, SLU con sede legale in C. Pla de l&#8217;Estany, 17 (17244 Cass\u00e0 de la Selva), NIF (Codice Fiscale) B55234694, registrato presso il Registro delle Imprese di Girona nel volume 720, pagina 169, foglio GI-13787. EUROFIRMS GROUP comprende le seguenti societ\u00e0: CLAIRE JOSTER GROUP SLU \u2013 B55319099...","og_url":"https:\/\/www.eurofirmsgroup.com\/it\/avviso-legal\/","og_site_name":"Eurofirms Group","article_modified_time":"2023-01-23T08:44:11+00:00","og_image":[{"width":1200,"height":630,"url":"https:\/\/www.eurofirmsgroup.com\/wp-content\/uploads\/2020\/07\/logotipo-eurofirms-group-1.png","type":"image\/png"}],"twitter_card":"summary_large_image","twitter_misc":{"Tempo di lettura stimato":"8 minuti"},"schema":{"@context":"https:\/\/schema.org","@graph":[{"@type":"WebPage","@id":"https:\/\/www.eurofirmsgroup.com\/it\/avviso-legal\/","url":"https:\/\/www.eurofirmsgroup.com\/it\/avviso-legal\/","name":"Avviso legale - Eurofirms Group","isPartOf":{"@id":"https:\/\/www.eurofirmsgroup.com\/#website"},"datePublished":"2020-04-01T08:45:42+00:00","dateModified":"2023-01-23T08:44:11+00:00","breadcrumb":{"@id":"https:\/\/www.eurofirmsgroup.com\/it\/avviso-legal\/#breadcrumb"},"inLanguage":"it-IT","potentialAction":[{"@type":"ReadAction","target":["https:\/\/www.eurofirmsgroup.com\/it\/avviso-legal\/"]}]},{"@type":"BreadcrumbList","@id":"https:\/\/www.eurofirmsgroup.com\/it\/avviso-legal\/#breadcrumb","itemListElement":[{"@type":"ListItem","position":1,"name":"Portada","item":"https:\/\/www.eurofirmsgroup.com\/it\/"},{"@type":"ListItem","position":2,"name":"Avviso legale"}]},{"@type":"WebSite","@id":"https:\/\/www.eurofirmsgroup.com\/#website","url":"https:\/\/www.eurofirmsgroup.com\/","name":"Eurofirms Group","description":"1\u00aa empresa nacional de RR. HH.","potentialAction":[{"@type":"SearchAction","target":{"@type":"EntryPoint","urlTemplate":"https:\/\/www.eurofirmsgroup.com\/?s={search_term_string}"},"query-input":"required name=search_term_string"}],"inLanguage":"it-IT"}]}},"_links":{"self":[{"href":"https:\/\/www.eurofirmsgroup.com\/it\/wp-json\/wp\/v2\/pages\/9620"}],"collection":[{"href":"https:\/\/www.eurofirmsgroup.com\/it\/wp-json\/wp\/v2\/pages"}],"about":[{"href":"https:\/\/www.eurofirmsgroup.com\/it\/wp-json\/wp\/v2\/types\/page"}],"author":[{"embeddable":true,"href":"https:\/\/www.eurofirmsgroup.com\/it\/wp-json\/wp\/v2\/users\/1"}],"replies":[{"embeddable":true,"href":"https:\/\/www.eurofirmsgroup.com\/it\/wp-json\/wp\/v2\/comments?post=9620"}],"version-history":[{"count":6,"href":"https:\/\/www.eurofirmsgroup.com\/it\/wp-json\/wp\/v2\/pages\/9620\/revisions"}],"predecessor-version":[{"id":22798,"href":"https:\/\/www.eurofirmsgroup.com\/it\/wp-json\/wp\/v2\/pages\/9620\/revisions\/22798"}],"wp:attachment":[{"href":"https:\/\/www.eurofirmsgroup.com\/it\/wp-json\/wp\/v2\/media?parent=9620"}],"curies":[{"name":"wp","href":"https:\/\/api.w.org\/{rel}","templated":true}]}}