{"id":9687,"date":"2020-09-09T11:11:10","date_gmt":"2020-09-09T09:11:10","guid":{"rendered":"https:\/\/www.eurofirmsgroup.com\/innovacion-y-sostenibilidad-social\/"},"modified":"2023-08-10T15:58:51","modified_gmt":"2023-08-10T13:58:51","slug":"innovazione-e-sostenibilita-sociale","status":"publish","type":"page","link":"https:\/\/www.eurofirmsgroup.com\/it\/innovazione-e-sostenibilita-sociale\/","title":{"rendered":"Innovazione e sostenibilit\u00e0 sociale"},"content":{"rendered":"\n<p><p class=\"p1\">Per migliorare la vita delle persone, creiamo aziende sostenibili, dove possiamo contribuire alla loro crescita e a quella di leader con valori che stimola il nostro progetto. Un progetto che parte da una visione umanistica, da un capitalismo consapevole che punta al benessere delle persone.<\/p>\n<p class=\"p1\">Per il nostro scopo sociale, affari e responsabilit\u00e0 sociale d\u2019impresa non vengono trattati separatamente. Al contrario. \u00c8 proprio qui che integriamo la nostra CSR, perch\u00e9 al di l\u00e0 della responsabilit\u00e0 sociale d&#8217;impresa, ci piace discutere e mettere in pratica la&nbsp;<b>sostenibilit\u00e0 e l\u2019innovazione sociale della filosofia People first<\/b>.<\/p><\/p>\n","protected":false},"excerpt":{"rendered":"<p>Per migliorare la vita delle persone, creiamo aziende sostenibili, dove possiamo contribuire alla loro crescita e a quella di leader con valori che stimola il nostro progetto. Un progetto che parte da una visione umanistica, da un capitalismo consapevole che punta al benessere delle persone. Per il nostro scopo sociale, affari e responsabilit\u00e0 sociale d\u2019impresa&#8230;<\/p>\n","protected":false},"author":1,"featured_media":0,"parent":0,"menu_order":0,"comment_status":"closed","ping_status":"closed","template":"templates\/innovation.php","meta":{"footnotes":""},"acf":[],"yoast_head":"<!-- This site is optimized with the Yoast SEO plugin v20.13 - https:\/\/yoast.com\/wordpress\/plugins\/seo\/ -->\n<title>Innovazione e sostenibilit\u00e0 sociale - Eurofirms Group<\/title>\n<meta name=\"robots\" content=\"index, follow, max-snippet:-1, max-image-preview:large, max-video-preview:-1\" \/>\n<link rel=\"canonical\" href=\"https:\/\/www.eurofirmsgroup.com\/it\/innovazione-e-sostenibilita-sociale\/\" \/>\n<meta property=\"og:locale\" content=\"it_IT\" \/>\n<meta property=\"og:type\" content=\"article\" \/>\n<meta property=\"og:title\" content=\"Innovazione e sostenibilit\u00e0 sociale - Eurofirms Group\" \/>\n<meta property=\"og:description\" content=\"Per migliorare la vita delle persone, creiamo aziende sostenibili, dove possiamo contribuire alla loro crescita e a quella di leader con valori che stimola il nostro progetto. Un progetto che parte da una visione umanistica, da un capitalismo consapevole che punta al benessere delle persone. Per il nostro scopo sociale, affari e responsabilit\u00e0 sociale d\u2019impresa...\" \/>\n<meta property=\"og:url\" content=\"https:\/\/www.eurofirmsgroup.com\/it\/innovazione-e-sostenibilita-sociale\/\" \/>\n<meta property=\"og:site_name\" content=\"Eurofirms Group\" \/>\n<meta property=\"article:modified_time\" content=\"2023-08-10T13:58:51+00:00\" \/>\n<meta property=\"og:image\" content=\"https:\/\/www.eurofirmsgroup.com\/wp-content\/uploads\/2020\/07\/logotipo-eurofirms-group-1.png\" \/>\n\t<meta property=\"og:image:width\" content=\"1200\" \/>\n\t<meta property=\"og:image:height\" content=\"630\" \/>\n\t<meta property=\"og:image:type\" content=\"image\/png\" \/>\n<meta name=\"twitter:card\" content=\"summary_large_image\" \/>\n<meta name=\"twitter:label1\" content=\"Tempo di lettura stimato\" \/>\n\t<meta name=\"twitter:data1\" content=\"1 minuto\" \/>\n<script type=\"application\/ld+json\" class=\"yoast-schema-graph\">{\"@context\":\"https:\/\/schema.org\",\"@graph\":[{\"@type\":\"WebPage\",\"@id\":\"https:\/\/www.eurofirmsgroup.com\/it\/innovazione-e-sostenibilita-sociale\/\",\"url\":\"https:\/\/www.eurofirmsgroup.com\/it\/innovazione-e-sostenibilita-sociale\/\",\"name\":\"Innovazione e sostenibilit\u00e0 sociale - Eurofirms Group\",\"isPartOf\":{\"@id\":\"https:\/\/www.eurofirmsgroup.com\/#website\"},\"datePublished\":\"2020-09-09T09:11:10+00:00\",\"dateModified\":\"2023-08-10T13:58:51+00:00\",\"breadcrumb\":{\"@id\":\"https:\/\/www.eurofirmsgroup.com\/it\/innovazione-e-sostenibilita-sociale\/#breadcrumb\"},\"inLanguage\":\"it-IT\",\"potentialAction\":[{\"@type\":\"ReadAction\",\"target\":[\"https:\/\/www.eurofirmsgroup.com\/it\/innovazione-e-sostenibilita-sociale\/\"]}]},{\"@type\":\"BreadcrumbList\",\"@id\":\"https:\/\/www.eurofirmsgroup.com\/it\/innovazione-e-sostenibilita-sociale\/#breadcrumb\",\"itemListElement\":[{\"@type\":\"ListItem\",\"position\":1,\"name\":\"Portada\",\"item\":\"https:\/\/www.eurofirmsgroup.com\/it\/\"},{\"@type\":\"ListItem\",\"position\":2,\"name\":\"Innovazione e sostenibilit\u00e0 sociale\"}]},{\"@type\":\"WebSite\",\"@id\":\"https:\/\/www.eurofirmsgroup.com\/#website\",\"url\":\"https:\/\/www.eurofirmsgroup.com\/\",\"name\":\"Eurofirms Group\",\"description\":\"1\u00aa empresa nacional de RR. HH.\",\"potentialAction\":[{\"@type\":\"SearchAction\",\"target\":{\"@type\":\"EntryPoint\",\"urlTemplate\":\"https:\/\/www.eurofirmsgroup.com\/?s={search_term_string}\"},\"query-input\":\"required name=search_term_string\"}],\"inLanguage\":\"it-IT\"}]}<\/script>\n<!-- \/ Yoast SEO plugin. -->","yoast_head_json":{"title":"Innovazione e sostenibilit\u00e0 sociale - Eurofirms Group","robots":{"index":"index","follow":"follow","max-snippet":"max-snippet:-1","max-image-preview":"max-image-preview:large","max-video-preview":"max-video-preview:-1"},"canonical":"https:\/\/www.eurofirmsgroup.com\/it\/innovazione-e-sostenibilita-sociale\/","og_locale":"it_IT","og_type":"article","og_title":"Innovazione e sostenibilit\u00e0 sociale - Eurofirms Group","og_description":"Per migliorare la vita delle persone, creiamo aziende sostenibili, dove possiamo contribuire alla loro crescita e a quella di leader con valori che stimola il nostro progetto. Un progetto che parte da una visione umanistica, da un capitalismo consapevole che punta al benessere delle persone. Per il nostro scopo sociale, affari e responsabilit\u00e0 sociale d\u2019impresa...","og_url":"https:\/\/www.eurofirmsgroup.com\/it\/innovazione-e-sostenibilita-sociale\/","og_site_name":"Eurofirms Group","article_modified_time":"2023-08-10T13:58:51+00:00","og_image":[{"width":1200,"height":630,"url":"https:\/\/www.eurofirmsgroup.com\/wp-content\/uploads\/2020\/07\/logotipo-eurofirms-group-1.png","type":"image\/png"}],"twitter_card":"summary_large_image","twitter_misc":{"Tempo di lettura stimato":"1 minuto"},"schema":{"@context":"https:\/\/schema.org","@graph":[{"@type":"WebPage","@id":"https:\/\/www.eurofirmsgroup.com\/it\/innovazione-e-sostenibilita-sociale\/","url":"https:\/\/www.eurofirmsgroup.com\/it\/innovazione-e-sostenibilita-sociale\/","name":"Innovazione e sostenibilit\u00e0 sociale - Eurofirms Group","isPartOf":{"@id":"https:\/\/www.eurofirmsgroup.com\/#website"},"datePublished":"2020-09-09T09:11:10+00:00","dateModified":"2023-08-10T13:58:51+00:00","breadcrumb":{"@id":"https:\/\/www.eurofirmsgroup.com\/it\/innovazione-e-sostenibilita-sociale\/#breadcrumb"},"inLanguage":"it-IT","potentialAction":[{"@type":"ReadAction","target":["https:\/\/www.eurofirmsgroup.com\/it\/innovazione-e-sostenibilita-sociale\/"]}]},{"@type":"BreadcrumbList","@id":"https:\/\/www.eurofirmsgroup.com\/it\/innovazione-e-sostenibilita-sociale\/#breadcrumb","itemListElement":[{"@type":"ListItem","position":1,"name":"Portada","item":"https:\/\/www.eurofirmsgroup.com\/it\/"},{"@type":"ListItem","position":2,"name":"Innovazione e sostenibilit\u00e0 sociale"}]},{"@type":"WebSite","@id":"https:\/\/www.eurofirmsgroup.com\/#website","url":"https:\/\/www.eurofirmsgroup.com\/","name":"Eurofirms Group","description":"1\u00aa empresa nacional de RR. HH.","potentialAction":[{"@type":"SearchAction","target":{"@type":"EntryPoint","urlTemplate":"https:\/\/www.eurofirmsgroup.com\/?s={search_term_string}"},"query-input":"required name=search_term_string"}],"inLanguage":"it-IT"}]}},"_links":{"self":[{"href":"https:\/\/www.eurofirmsgroup.com\/it\/wp-json\/wp\/v2\/pages\/9687"}],"collection":[{"href":"https:\/\/www.eurofirmsgroup.com\/it\/wp-json\/wp\/v2\/pages"}],"about":[{"href":"https:\/\/www.eurofirmsgroup.com\/it\/wp-json\/wp\/v2\/types\/page"}],"author":[{"embeddable":true,"href":"https:\/\/www.eurofirmsgroup.com\/it\/wp-json\/wp\/v2\/users\/1"}],"replies":[{"embeddable":true,"href":"https:\/\/www.eurofirmsgroup.com\/it\/wp-json\/wp\/v2\/comments?post=9687"}],"version-history":[{"count":4,"href":"https:\/\/www.eurofirmsgroup.com\/it\/wp-json\/wp\/v2\/pages\/9687\/revisions"}],"predecessor-version":[{"id":23793,"href":"https:\/\/www.eurofirmsgroup.com\/it\/wp-json\/wp\/v2\/pages\/9687\/revisions\/23793"}],"wp:attachment":[{"href":"https:\/\/www.eurofirmsgroup.com\/it\/wp-json\/wp\/v2\/media?parent=9687"}],"curies":[{"name":"wp","href":"https:\/\/api.w.org\/{rel}","templated":true}]}}