{"id":9741,"date":"2020-04-01T08:54:35","date_gmt":"2020-04-01T08:54:35","guid":{"rendered":"https:\/\/www.eurofirmsgroup.com\/politica-de-privacidad\/"},"modified":"2021-05-07T09:53:54","modified_gmt":"2021-05-07T07:53:54","slug":"politica-sulla-privacy","status":"publish","type":"page","link":"https:\/\/www.eurofirmsgroup.com\/it\/politica-sulla-privacy\/","title":{"rendered":"Politica sulla Privacy"},"content":{"rendered":"\n<p>La riservatezza e la sicurezza sono valori fondamentali del Gruppo Eurofirms. Per questo motivo ci assumiamo l&#8217;impegno di garantire la privacy dell&#8217;utente in ogni momento e di non raccogliere informazioni non necessarie. Di seguito, vi forniamo tutte le informazioni necessarie sulla nostra politica sulla privacy in relazione ai dati personali che raccogliamo, spiegandovi la nostra politica:<\/p>\n\n\n\n<ol><li>Chi \u00e8 responsabile.<\/li><li>Quali dati personali possiamo trattare.<\/li><li>Finalit\u00e0, legittimit\u00e0 e conservazione del trattamento dei dati.<\/li><li>Necessit\u00e0 di trattare i vostri dati personali.<\/li><li>Destinatario dei vostri dati.<\/li><li>Diritti relativi ai dati personali.<\/li><li>Cookies.<\/li><li>Sicurezza dei vostri dati personali.<\/li><li>Aggiornamento dei dati.<\/li><li>Aggiornamento dell&#8217;informativa sulla privacy.<\/li><\/ol>\n\n\n\n<h4 class=\"wp-block-heading\">1.<strong>Chi \u00e8 il responsabile?<\/strong><\/h4>\n\n\n\n<p>EUROFIRMS GROUP, S.L.U. (B55234694)<\/p>\n\n\n\n<p>C. Pla de l\u2019Estany, 17<\/p>\n\n\n\n<p>17244 Cass\u00e0 de la Selva<\/p>\n\n\n\n<p>E-mail: info@eurofirms.com&nbsp;<\/p>\n\n\n\n<p>Responsabile della protezione dei dati: dpo@eurofirms.com<\/p>\n\n\n\n<p>La presente informativa sulla privacy \u00e8 applicabile a tutte le societ\u00e0 che fanno parte del Gruppo Eurofirms ed \u00e8 consultabile nell&#8217;avviso legale (<a href=\"http:\/\/www.eurofirmsgroup.com\/aviso-legal\">www.eurofirmsgroup.com\/aviso-legal<\/a>).<\/p>\n\n\n\n<h4 class=\"wp-block-heading\">2.<strong>Quali dati personali possiamo trattare?<\/strong><\/h4>\n\n\n\n<p>Attraverso questo sito web o qualsiasi altro mezzo che Eurofirms Group mette a vostra disposizione, potete richiedere o fornire diverse categorie di dati personali a seconda del loro scopo. Principalmente, i dati richiesti o forniti nei CV per la selezione, la formazione, l&#8217;orientamento professionale o la ricerca di lavoro possono essere i seguenti:<\/p>\n\n\n\n<ul><li><strong>Dati di identificazione e di contatto:<\/strong> nome e cognome, carta d&#8217;identit\u00e0, indirizzo, numero di telefono, e-mail, immagine, numero di previdenza sociale e firma.<\/li><li><strong>Caratteristiche personali:<\/strong> data e luogo di nascita, et\u00e0, stato civile, dati familiari, sesso, nazionalit\u00e0, lingua madre e disabilit\u00e0 (solo nel caso in cui sia previsto dalla legge o per adattare il lavoro alla disabilit\u00e0).<\/li><li><strong>Circostanze sociali:<\/strong> licenze, permessi o autorizzazioni, appartenenza ad associazioni professionali o scuole e profili sui social network.<\/li><li><strong>Accademico e professionale:<\/strong> formazione, qualifiche, curriculum accademico ed esperienza professionale.<\/li><li><strong>Dettagli sull&#8217;impiego:<\/strong> professione, categoria o posizione lavorativa, storia del lavoratore (esperienza nel mondo del lavoro), curriculum professionale e dati non finanziari sulle retribuzioni.<\/li><li><strong>Dati economici e finanziari:<\/strong> dati bancari, dati economici sulla fascia salariale, dati sulle detrazioni e\/o sulle sovvenzioni.<\/li><li><strong>Dati di informazione commerciale:<\/strong> informazioni su attivit\u00e0, prodotti, servizi e altre campagne di marketing attraverso mezzi telefonici e\/o elettronici (e-mail, SMS e WhatsApp, tra gli altri), nonch\u00e9 analisi commerciali relative alle vostre risposte alle e-mail, alle telefonate o alle campagne di marketing dirette ai nostri utenti.<\/li><li><strong>Identificatori online:<\/strong> forniti da dispositivi, applicazioni, strumenti o protocolli per l&#8217;accesso al sito web e al portale (indirizzi IP, identificatori di sessione sotto forma di cookies o altri identificatori come i dati sugli accessi, le consultazioni effettuate, il download di documentazione o a fini statistici), al fine di fornire statistiche e facilitare l&#8217;accesso ai nostri servizi online ai nostri utenti.<\/li><li><strong>Dati del profilo:<\/strong> profili di personalit\u00e0 e di lavoro creati dal nostro personale o automatizzati nell&#8217;ambito di un processo di reclutamento. Valutazioni e referenze fornite da aziende precedenti in cui avete lavorato o dai nostri clienti in cui avete fornito i vostri servizi di collocamento.<\/li><li><strong>Immagine:<\/strong> fotografie e video di eventi, corsi di formazione e interviste a cui gli utenti possono partecipare e hanno dato il loro consenso per la loro diffusione sulle nostre pagine web, social network o altri media digitali, siano essi propri o di terzi.<\/li><\/ul>\n\n\n\n<h4 class=\"wp-block-heading\">3. <strong>Finalit\u00e0, legittimazione e conservazione dei dati trasmessi:<\/strong><\/h4>\n\n\n\n<p><strong>Modulo di registrazione | Invio del CV via e-mail | Modulo di presentazione del CV | Allegato CV<\/strong><\/p>\n\n\n\n<p><strong>Scopo:&nbsp;<\/strong><\/p>\n\n\n\n<ul><li>Registrarsi come utente per accedere ai servizi del nostro sito web o a qualsiasi altro mezzo che Eurofirms Group mette a vostra disposizione; partecipare ai processi di selezione del personale presenti e futuri.<\/li><li>Creare profili di personalit\u00e0 e di lavoro derivati dai processi di selezione del personale.<\/li><li>Per effettuare il reclutamento dei candidati selezionati.<\/li><li>Partecipare a corsi di formazione.<\/li><li>Effettuare studi, statistiche e analisi aziendali sulla base dei candidati registrati e dei lavoratori assunti, quali indici di assunzione, aree geografiche, settori di reclutamento, profili di lavoro richiesti e simili.<\/li><li>Uso delle immagini e loro diffusione interna ed esterna attraverso pagine web, social network o altri media fisici e digitali, al fine di promuovere le sessioni di formazione.<\/li><li>Informarvi sulle nostre attivit\u00e0, prodotti e servizi anche per via elettronica (e-mail, SMS, WhatsApp e altri).<\/li><\/ul>\n\n\n\n<p><strong>Legittimazione:<\/strong><\/p>\n\n\n\n<ul><li><strong>Candidati:<\/strong> il consenso dell&#8217;utente al momento della registrazione al nostro sito web, o fornendo volontariamente il proprio CV con uno qualsiasi dei mezzi che Eurofirms Group mette a loro disposizione.<\/li><li><strong>Lavoratori:<\/strong> trattamento necessario per l&#8217;esecuzione di un contratto di lavoro. Adempimento di obblighi di legge che implicano il trasferimento di dati alla Pubblica Amministrazione. Legittimo interesse a tenere un registro dei dipendenti (nome, date di assunzione, posizione e motivo della cessazione del rapporto di lavoro).<\/li><li><strong>Immagine:<\/strong> consenso dell&#8217;utente per la sua raccolta e diffusione.<\/li><li><strong>Commerciale:<\/strong> consenso dell&#8217;utente per l&#8217;invio di informazioni commerciali.<\/li><li><strong>Finalit\u00e0 statistiche:<\/strong> interesse legittimo a realizzare studi, analisi e statistiche interne.<\/li><\/ul>\n\n\n\n<p><strong>Conservazione:<\/strong><\/p>\n\n\n\n<ul><li><strong>Candidati:<\/strong> fino a quando l&#8217;utente registrato non ne richieda la cancellazione o per tre anni dall&#8217;ultimo aggiornamento.<\/li><li><strong>Lavoratori:<\/strong> durante il rapporto di lavoro e nei periodi stabiliti dalla legge per potersi assumere eventuali responsabilit\u00e0. Indefinitamente come record storico di lavoratori con un limite di tempo a seconda dell&#8217;et\u00e0 del lavoratore.<\/li><li><strong>Commerciale:<\/strong> fino a quando l&#8217;utente non chiede di andarsene.<\/li><li><strong>Immagine:<\/strong> una volta terminati i periodi di promozione in cui l&#8217;immagine dell&#8217;utente \u00e8 inclusa e quando l&#8217;utente revoca il suo consenso, il che non pregiudica l&#8217;uso della sua immagine prima della sua richiesta.<\/li><\/ul>\n\n\n\n<p><strong>Modulo di contatto<\/strong><\/p>\n\n\n\n<ul><li><strong>Scopo:<\/strong> fornirvi un mezzo per contattarci e per rispondere alle vostre richieste di informazioni, nonch\u00e9 per inviarvi comunicazioni sui nostri prodotti, servizi e attivit\u00e0, anche per via elettronica (e-mail, SMS, WhatsApp e altri).<\/li><li><strong>Legittimit\u00e0:<\/strong> il vostro consenso quando ci chiedete informazioni attraverso il nostro modulo di contatto e quando spuntate la casella che accetta l&#8217;invio di informazioni.<\/li><li><strong>Conservazione:<\/strong> fino a quando la tua richiesta non sar\u00e0 risolta attraverso il nostro modulo o non avrai risposto via e-mail, se non ha generato un nuovo trattamento e, se hai accettato di ricevere spedizioni commerciali, fino a quando non richiederai la cancellazione di queste.<\/li><\/ul>\n\n\n\n<p><strong>Modulo <\/strong><strong><em>Newsletter<\/em><\/strong><\/p>\n\n\n\n<ul><li><strong>Scopo:<\/strong> inviare la nostra newsletter commerciale e comunicazioni informative e pubblicitarie sui nostri prodotti o servizi di vostro interesse, anche per via elettronica.<\/li><li><strong>Legittimit\u00e0:<\/strong> il consenso dell&#8217;utente all&#8217;invio di informazioni attraverso il nostro modulo.<\/li><li><strong>Conservazione:<\/strong> fino a quando non richiedi di annullare l&#8217;iscrizione ai nostri mailing commerciali.<\/li><\/ul>\n\n\n\n<p><strong>Invio di e-mail<\/strong><\/p>\n\n\n\n<ul><li><strong>Scopo:<\/strong> rispondere alle vostre richieste di informazioni, rispondere alle vostre richieste e rispondere alle vostre domande o dubbi.<\/li><li><strong>Legittimit\u00e0:<\/strong> il consenso dell&#8217;utente quando ci richiede informazioni attraverso l&#8217;indirizzo e-mail.&nbsp;<\/li><li><strong>Conservazione:<\/strong> una volta che la vostra richiesta ha ricevuto risposta via e-mail, se non avete generato un nuovo trattamento.<\/li><\/ul>\n\n\n\n<h4 class=\"wp-block-heading\">4.<strong>Perch\u00e9 abbiamo bisogno di trattare i vostri dati personali?<\/strong><\/h4>\n\n\n\n<p>La fornitura di dati personali richiede un&#8217;et\u00e0 minima di 14 anni o se necessario, una capacit\u00e0 giuridica sufficiente per stabilire un rapporto contrattuale.<\/p>\n\n\n\n<p>I dati personali richiesti sono necessari per gestire le vostre richieste e\/o fornirvi i servizi da voi eventualmente richiesti, quindi se non li fornite, non saremo in grado di assistervi correttamente o di fornirvi il servizio da voi richiesto.<\/p>\n\n\n\n<p>In ogni caso, i diversi moduli indicano quali dati sono inizialmente obbligatori e quali no, in modo che l&#8217;utente possa scegliere quando fornirli.<\/p>\n\n\n\n<h4 class=\"wp-block-heading\">5. <strong>Chi sono i destinatari dei vostri dati?<\/strong><\/h4>\n\n\n\n<p>I vostri dati sono riservati e in linea di massima, non saranno comunicati a terzi, a meno che non vi sia un obbligo legale in tal senso \u00e8 necessario per la fornitura dei nostri servizi e tra le societ\u00e0 del Gruppo Eurofirms, i vostri dati potranno essere comunicati per le seguenti finalit\u00e0<\/p>\n\n\n\n<ul><li><strong>Candidati:<\/strong> i dati contenuti nei CV ricevuti e i risultati dei colloqui dei processi di selezione e le valutazioni e referenze fornite dalle aziende precedenti saranno trasferiti ai clienti interessati durante i processi di selezione del personale. Inoltre, per motivi di sicurezza o di salute, possono essere trasferiti dati specifici sul candidato al fine di valutare la sua candidatura, l&#8217;accesso alle strutture del cliente o, al fine di rispettare alcune specifiche caratteristiche della posizione lavorativa per la quale si sta candidando.<\/li><li><strong>Lavoratori:<\/strong> i dati identificativi e di lavoro saranno trasferiti ai clienti in cui il lavoratore svolge la propria attivit\u00e0 lavorativa, al fine di identificare i dipendenti e fornire loro informazioni sull&#8217;occupazione e sulla prevenzione dei rischi professionali (carta d&#8217;identit\u00e0, contratti, TC, ecc.), al fine di rispettare la normativa stabilita in materia di previdenza sociale e la prevenzione dei rischi professionali. Altri dati aggiuntivi possono essere forniti anche con la conoscenza del lavoratore, quando le circostanze del lavoro lo richiedano.<\/li><\/ul>\n\n\n\n<ul><li><strong>Eurofirms Group:<\/strong> i Suoi dati potranno essere trattati dalle altre societ\u00e0 del Gruppo Eurofirms, potr\u00e0 consultare le societ\u00e0 che fanno parte del gruppo nell&#8217;avviso legale (<a href=\"http:\/\/www.eurofirmsgroup.com\/aviso-legal\">www.eurofirmsgroup.com\/aviso-legal<\/a>); al fine di consentirle di partecipare ai processi di selezione di ciascuna delle societ\u00e0 del gruppo, di poter optare per altre possibilit\u00e0 di contrattazione e, per ragioni di organizzazione e coordinamento commerciale e di amministrazione interna.<\/li><\/ul>\n\n\n\n<ul><li><strong>Fornitori:<\/strong> i vostri dati personali possono essere accessibili da alcuni fornitori per svolgere alcuni servizi amministrativi, di consulenza e informatici e per svolgere attivit\u00e0 di formazione professionale. Tutti i fornitori sono vincolati contrattualmente e legalmente all&#8217;obbligo di segretezza e possono accedere solo ai dati essenziali per lo svolgimento delle loro funzioni. Tali obblighi sono stabiliti in contratti di elaborazione dati debitamente formalizzati.<\/li><\/ul>\n\n\n\n<ul><li><strong>Pubblica Amministrazione:<\/strong> per adempiere agli obblighi di legge che implicano la comunicazione dei dati personali alle amministrazioni competenti, nonch\u00e9 alle forze di sicurezza e agli organi giudiziari quando questi lo richiedano.<\/li><\/ul>\n\n\n\n<ul><li><strong>Trasferimenti internazionali di dati:<\/strong> Il Gruppo Eurofirms non effettua trasferimenti internazionali di dati al di fuori dello Spazio Economico Europeo.<\/li><\/ul>\n\n\n\n<h4 class=\"wp-block-heading\">6. <strong>Quali sono i suoi diritti in materia di dati personali?<\/strong><\/h4>\n\n\n\n<p>Chiunque pu\u00f2 revocare il proprio consenso in qualsiasi momento, una volta dato il consenso per il trattamento dei propri dati. In nessun caso il ritiro di tale consenso condiziona l&#8217;esecuzione del contratto di abbonamento o i rapporti generati in precedenza.<\/p>\n\n\n\n<p>Potete anche esercitare i seguenti diritti:<\/p>\n\n\n\n<ul><li>Richiedete l&#8217;accesso ai vostri dati personali o la loro rettifica quando sono inesatti.<\/li><li>Richiederne la cancellazione quando, tra l&#8217;altro, i dati non sono pi\u00f9 necessari per gli scopi per i quali sono stati raccolti.<\/li><li>Chiedere la limitazione del loro trattamento in determinate circostanze.<\/li><li>Richiedi l&#8217;opposizione al trattamento dei tuoi dati per motivi legati alla tua particolare situazione.<\/li><li>Richiedere la portabilit\u00e0 dei dati nei casi previsti dalla normativa.<\/li><li>Altri diritti riconosciuti dalla normativa vigente.<\/li><\/ul>\n\n\n\n<p><strong>Dove e come richiedere i vostri diritti?<\/strong>&nbsp; Scrivendo al responsabile, al suo indirizzo postale o elettronico (indicato al punto 1), indicando il riferimento &#8220;Dati personali&#8221;, specificando il diritto che si desidera esercitare e in relazione a quali dati personali.<\/p>\n\n\n\n<p>In caso di disaccordo con l&#8217;azienda in merito al trattamento dei vostri dati, potete presentare un reclamo all&#8217;autorit\u00e0 competente per la protezione dei dati di ogni paese.<\/p>\n\n\n\n<h4 class=\"wp-block-heading\">7. <strong><em>Cookies<\/em><\/strong><\/h4>\n\n\n\n<p>Il sito web utilizza cookies tecnici, di personalizzazione, di analisi e di pubblicit\u00e0, sia propri che di terzi. Pertanto, quando si accede al nostro sito web, in conformit\u00e0 con l&#8217;articolo 22 della Legge sui Servizi della Societ\u00e0 dell&#8217;Informazione, quando si elaborano i cookies di analisi, abbiamo chiesto il consenso dell&#8217;utente per il loro utilizzo e fornito informazioni su di essi, che in ogni caso saranno installati dopo un ragionevole periodo di tempo in modo che l&#8217;utente abbia il tempo di decidere se dare o meno il proprio consenso.<\/p>\n\n\n\n<h4 class=\"wp-block-heading\">8. <strong>Sicurezza dei vostri dati personali<\/strong><\/h4>\n\n\n\n<p>Al fine di salvaguardare la sicurezza dei vostri dati personali, vi informiamo che abbiamo adottato tutte le misure tecniche e organizzative necessarie per garantire la sicurezza dei dati personali forniti contro la loro alterazione, perdita, trattamento o accesso non autorizzato.<\/p>\n\n\n\n<p>Per garantire un&#8217;adeguata sicurezza e riservatezza dei dati personali, il Gruppo Eurofirms si \u00e8 dotato di una politica di sicurezza che comprende politiche, protocolli e misure, debitamente rivisti ed aggiornati, relativi alla sicurezza dei dati e delle informazioni. Queste misure di sicurezza includono, ma non si limitano a quelle descritte di seguito:<\/p>\n\n\n\n<ul><li>Controllo dell&#8217;accesso fisico.<\/li><li>Classificazione delle informazioni.<\/li><li>Gestione del rischio.<\/li><li>Controllo dell&#8217;accesso ai dati.<\/li><li>Identificazione e autenticazione nei sistemi di elaborazione.<\/li><li>Gestione dei media.<\/li><li>Registrazione delle modifiche.<\/li><li>Controllo delle comunicazioni.<\/li><li>Recupero del sistema e dei dati.<\/li><li>Gestione e risoluzione degli incidenti.<\/li><li>Formazione dei dipendenti.<\/li><li>Controllo del trasferimento delle informazioni.<\/li><\/ul>\n\n\n\n<h4 class=\"wp-block-heading\">9. <strong>Aggiornamento dei vostri dati<\/strong><\/h4>\n\n\n\n<p>E&#8217; importante che, per mantenere aggiornati i vostri dati personali, ci informiate ogni volta che ci sono stati dei cambiamenti, altrimenti non siamo responsabili della veridicit\u00e0 di questi.<\/p>\n\n\n\n<p>Non siamo responsabili dell&#8217;informativa sulla privacy relativa ai dati personali da voi eventualmente forniti a terzi attraverso i link disponibili sul nostro sito web.<\/p>\n\n\n\n<h4 class=\"wp-block-heading\">10. <strong>Aggiornamento dell&#8217;informativa sulla privacy<\/strong><\/h4>\n\n\n\n<p>La presente politica sulla privacy pu\u00f2 essere modificata per adattarla ai cambiamenti che avvengono nel nostro web o qualsiasi altro mezzo che il Eurofirms Group mette a tua disposizione, cos\u00ec come alle modifiche legislative o giurisprudenziali sui dati personali che appaiono, motivo per cui ne richiede la lettura, ogni volta che ci facilita i vostri dati attraverso questo web.<\/p>\n\n\n\n<p>La presente informativa sulla privacy \u00e8 datata 07\/05\/2021. Vi preghiamo di controllare la data di emissione ogni volta che vi collegate al nostro sito web in modo da poter essere sicuri che non ci siano stati cambiamenti che vi riguardano.<\/p>\n","protected":false},"excerpt":{"rendered":"<p>La riservatezza e la sicurezza sono valori fondamentali del Gruppo Eurofirms. Per questo motivo ci assumiamo l&#8217;impegno di garantire la privacy dell&#8217;utente in ogni momento e di non raccogliere informazioni non necessarie. Di seguito, vi forniamo tutte le informazioni necessarie sulla nostra politica sulla privacy in relazione ai dati personali che raccogliamo, spiegandovi la nostra&#8230;<\/p>\n","protected":false},"author":1,"featured_media":0,"parent":0,"menu_order":0,"comment_status":"closed","ping_status":"closed","template":"templates\/legal.php","meta":{"footnotes":""},"acf":[],"yoast_head":"<!-- This site is optimized with the Yoast SEO plugin v20.13 - https:\/\/yoast.com\/wordpress\/plugins\/seo\/ -->\n<title>Politica sulla Privacy - Eurofirms Group<\/title>\n<meta name=\"robots\" content=\"noindex, follow\" \/>\n<meta property=\"og:locale\" content=\"it_IT\" \/>\n<meta property=\"og:type\" content=\"article\" \/>\n<meta property=\"og:title\" content=\"Politica sulla Privacy - Eurofirms Group\" \/>\n<meta property=\"og:description\" content=\"La riservatezza e la sicurezza sono valori fondamentali del Gruppo Eurofirms. Per questo motivo ci assumiamo l&#8217;impegno di garantire la privacy dell&#8217;utente in ogni momento e di non raccogliere informazioni non necessarie. Di seguito, vi forniamo tutte le informazioni necessarie sulla nostra politica sulla privacy in relazione ai dati personali che raccogliamo, spiegandovi la nostra...\" \/>\n<meta property=\"og:url\" content=\"https:\/\/www.eurofirmsgroup.com\/it\/politica-sulla-privacy\/\" \/>\n<meta property=\"og:site_name\" content=\"Eurofirms Group\" \/>\n<meta property=\"article:modified_time\" content=\"2021-05-07T07:53:54+00:00\" \/>\n<meta property=\"og:image\" content=\"https:\/\/www.eurofirmsgroup.com\/wp-content\/uploads\/2020\/07\/logotipo-eurofirms-group-1.png\" \/>\n\t<meta property=\"og:image:width\" content=\"1200\" \/>\n\t<meta property=\"og:image:height\" content=\"630\" \/>\n\t<meta property=\"og:image:type\" content=\"image\/png\" \/>\n<meta name=\"twitter:card\" content=\"summary_large_image\" \/>\n<meta name=\"twitter:label1\" content=\"Tempo di lettura stimato\" \/>\n\t<meta name=\"twitter:data1\" content=\"10 minuti\" \/>\n<script type=\"application\/ld+json\" class=\"yoast-schema-graph\">{\"@context\":\"https:\/\/schema.org\",\"@graph\":[{\"@type\":\"WebPage\",\"@id\":\"https:\/\/www.eurofirmsgroup.com\/it\/politica-sulla-privacy\/\",\"url\":\"https:\/\/www.eurofirmsgroup.com\/it\/politica-sulla-privacy\/\",\"name\":\"Politica sulla Privacy - Eurofirms Group\",\"isPartOf\":{\"@id\":\"https:\/\/www.eurofirmsgroup.com\/#website\"},\"datePublished\":\"2020-04-01T08:54:35+00:00\",\"dateModified\":\"2021-05-07T07:53:54+00:00\",\"breadcrumb\":{\"@id\":\"https:\/\/www.eurofirmsgroup.com\/it\/politica-sulla-privacy\/#breadcrumb\"},\"inLanguage\":\"it-IT\",\"potentialAction\":[{\"@type\":\"ReadAction\",\"target\":[\"https:\/\/www.eurofirmsgroup.com\/it\/politica-sulla-privacy\/\"]}]},{\"@type\":\"BreadcrumbList\",\"@id\":\"https:\/\/www.eurofirmsgroup.com\/it\/politica-sulla-privacy\/#breadcrumb\",\"itemListElement\":[{\"@type\":\"ListItem\",\"position\":1,\"name\":\"Portada\",\"item\":\"https:\/\/www.eurofirmsgroup.com\/it\/\"},{\"@type\":\"ListItem\",\"position\":2,\"name\":\"Politica sulla Privacy\"}]},{\"@type\":\"WebSite\",\"@id\":\"https:\/\/www.eurofirmsgroup.com\/#website\",\"url\":\"https:\/\/www.eurofirmsgroup.com\/\",\"name\":\"Eurofirms Group\",\"description\":\"1\u00aa empresa nacional de RR. HH.\",\"potentialAction\":[{\"@type\":\"SearchAction\",\"target\":{\"@type\":\"EntryPoint\",\"urlTemplate\":\"https:\/\/www.eurofirmsgroup.com\/?s={search_term_string}\"},\"query-input\":\"required name=search_term_string\"}],\"inLanguage\":\"it-IT\"}]}<\/script>\n<!-- \/ Yoast SEO plugin. -->","yoast_head_json":{"title":"Politica sulla Privacy - Eurofirms Group","robots":{"index":"noindex","follow":"follow"},"og_locale":"it_IT","og_type":"article","og_title":"Politica sulla Privacy - Eurofirms Group","og_description":"La riservatezza e la sicurezza sono valori fondamentali del Gruppo Eurofirms. Per questo motivo ci assumiamo l&#8217;impegno di garantire la privacy dell&#8217;utente in ogni momento e di non raccogliere informazioni non necessarie. Di seguito, vi forniamo tutte le informazioni necessarie sulla nostra politica sulla privacy in relazione ai dati personali che raccogliamo, spiegandovi la nostra...","og_url":"https:\/\/www.eurofirmsgroup.com\/it\/politica-sulla-privacy\/","og_site_name":"Eurofirms Group","article_modified_time":"2021-05-07T07:53:54+00:00","og_image":[{"width":1200,"height":630,"url":"https:\/\/www.eurofirmsgroup.com\/wp-content\/uploads\/2020\/07\/logotipo-eurofirms-group-1.png","type":"image\/png"}],"twitter_card":"summary_large_image","twitter_misc":{"Tempo di lettura stimato":"10 minuti"},"schema":{"@context":"https:\/\/schema.org","@graph":[{"@type":"WebPage","@id":"https:\/\/www.eurofirmsgroup.com\/it\/politica-sulla-privacy\/","url":"https:\/\/www.eurofirmsgroup.com\/it\/politica-sulla-privacy\/","name":"Politica sulla Privacy - Eurofirms Group","isPartOf":{"@id":"https:\/\/www.eurofirmsgroup.com\/#website"},"datePublished":"2020-04-01T08:54:35+00:00","dateModified":"2021-05-07T07:53:54+00:00","breadcrumb":{"@id":"https:\/\/www.eurofirmsgroup.com\/it\/politica-sulla-privacy\/#breadcrumb"},"inLanguage":"it-IT","potentialAction":[{"@type":"ReadAction","target":["https:\/\/www.eurofirmsgroup.com\/it\/politica-sulla-privacy\/"]}]},{"@type":"BreadcrumbList","@id":"https:\/\/www.eurofirmsgroup.com\/it\/politica-sulla-privacy\/#breadcrumb","itemListElement":[{"@type":"ListItem","position":1,"name":"Portada","item":"https:\/\/www.eurofirmsgroup.com\/it\/"},{"@type":"ListItem","position":2,"name":"Politica sulla Privacy"}]},{"@type":"WebSite","@id":"https:\/\/www.eurofirmsgroup.com\/#website","url":"https:\/\/www.eurofirmsgroup.com\/","name":"Eurofirms Group","description":"1\u00aa empresa nacional de RR. HH.","potentialAction":[{"@type":"SearchAction","target":{"@type":"EntryPoint","urlTemplate":"https:\/\/www.eurofirmsgroup.com\/?s={search_term_string}"},"query-input":"required name=search_term_string"}],"inLanguage":"it-IT"}]}},"_links":{"self":[{"href":"https:\/\/www.eurofirmsgroup.com\/it\/wp-json\/wp\/v2\/pages\/9741"}],"collection":[{"href":"https:\/\/www.eurofirmsgroup.com\/it\/wp-json\/wp\/v2\/pages"}],"about":[{"href":"https:\/\/www.eurofirmsgroup.com\/it\/wp-json\/wp\/v2\/types\/page"}],"author":[{"embeddable":true,"href":"https:\/\/www.eurofirmsgroup.com\/it\/wp-json\/wp\/v2\/users\/1"}],"replies":[{"embeddable":true,"href":"https:\/\/www.eurofirmsgroup.com\/it\/wp-json\/wp\/v2\/comments?post=9741"}],"version-history":[{"count":4,"href":"https:\/\/www.eurofirmsgroup.com\/it\/wp-json\/wp\/v2\/pages\/9741\/revisions"}],"predecessor-version":[{"id":15455,"href":"https:\/\/www.eurofirmsgroup.com\/it\/wp-json\/wp\/v2\/pages\/9741\/revisions\/15455"}],"wp:attachment":[{"href":"https:\/\/www.eurofirmsgroup.com\/it\/wp-json\/wp\/v2\/media?parent=9741"}],"curies":[{"name":"wp","href":"https:\/\/api.w.org\/{rel}","templated":true}]}}