{"id":17250,"date":"2020-05-08T09:18:44","date_gmt":"2020-05-08T09:18:44","guid":{"rendered":"https:\/\/www.eurofirmsgroup.com\/home\/"},"modified":"2022-02-07T13:08:13","modified_gmt":"2022-02-07T11:08:13","slug":"home","status":"publish","type":"page","link":"https:\/\/www.eurofirmsgroup.com\/nl\/","title":{"rendered":"Hallo!"},"content":{"rendered":"","protected":false},"excerpt":{"rendered":"","protected":false},"author":2,"featured_media":0,"parent":0,"menu_order":0,"comment_status":"closed","ping_status":"closed","template":"templates\/home.php","meta":{"footnotes":""},"acf":[],"yoast_head":"<!-- This site is optimized with the Yoast SEO plugin v20.13 - https:\/\/yoast.com\/wordpress\/plugins\/seo\/ -->\n<title>Hallo! - Eurofirms Group<\/title>\n<meta name=\"description\" content=\"1\u00aa empresa nacional de RR. HH. Soluciones en gesti\u00f3n de personas bajo un modelo de liderazgo por valores, desde hace m\u00e1s de 30 a\u00f1os.\" \/>\n<meta name=\"robots\" content=\"index, follow, max-snippet:-1, max-image-preview:large, max-video-preview:-1\" \/>\n<link rel=\"canonical\" href=\"https:\/\/www.eurofirmsgroup.com\/nl\/\" \/>\n<meta property=\"og:locale\" content=\"nl_NL\" \/>\n<meta property=\"og:type\" content=\"article\" \/>\n<meta property=\"og:title\" content=\"Hallo! - Eurofirms Group\" \/>\n<meta property=\"og:description\" content=\"1\u00aa empresa nacional de RR. HH. Soluciones en gesti\u00f3n de personas bajo un modelo de liderazgo por valores, desde hace m\u00e1s de 30 a\u00f1os.\" \/>\n<meta property=\"og:url\" content=\"https:\/\/www.eurofirmsgroup.com\/nl\/\" \/>\n<meta property=\"og:site_name\" content=\"Eurofirms Group\" \/>\n<meta property=\"article:modified_time\" content=\"2022-02-07T11:08:13+00:00\" \/>\n<meta property=\"og:image\" content=\"https:\/\/www.eurofirmsgroup.com\/wp-content\/uploads\/2020\/07\/logotipo-eurofirms-group-1.png\" \/>\n\t<meta property=\"og:image:width\" content=\"1200\" \/>\n\t<meta property=\"og:image:height\" content=\"630\" \/>\n\t<meta property=\"og:image:type\" content=\"image\/png\" \/>\n<meta name=\"twitter:card\" content=\"summary_large_image\" \/>\n<script type=\"application\/ld+json\" class=\"yoast-schema-graph\">{\"@context\":\"https:\/\/schema.org\",\"@graph\":[{\"@type\":\"WebPage\",\"@id\":\"https:\/\/www.eurofirmsgroup.com\/nl\/\",\"url\":\"https:\/\/www.eurofirmsgroup.com\/nl\/\",\"name\":\"Hallo! - Eurofirms Group\",\"isPartOf\":{\"@id\":\"https:\/\/www.eurofirmsgroup.com\/#website\"},\"datePublished\":\"2020-05-08T09:18:44+00:00\",\"dateModified\":\"2022-02-07T11:08:13+00:00\",\"description\":\"1\u00aa empresa nacional de RR. HH. Soluciones en gesti\u00f3n de personas bajo un modelo de liderazgo por valores, desde hace m\u00e1s de 30 a\u00f1os.\",\"breadcrumb\":{\"@id\":\"https:\/\/www.eurofirmsgroup.com\/nl\/#breadcrumb\"},\"inLanguage\":\"nl-NL\",\"potentialAction\":[{\"@type\":\"ReadAction\",\"target\":[\"https:\/\/www.eurofirmsgroup.com\/nl\/\"]}]},{\"@type\":\"BreadcrumbList\",\"@id\":\"https:\/\/www.eurofirmsgroup.com\/nl\/#breadcrumb\",\"itemListElement\":[{\"@type\":\"ListItem\",\"position\":1,\"name\":\"Portada\",\"item\":\"https:\/\/www.eurofirmsgroup.com\/nl\/\"},{\"@type\":\"ListItem\",\"position\":2,\"name\":\"Hallo!\"}]},{\"@type\":\"WebSite\",\"@id\":\"https:\/\/www.eurofirmsgroup.com\/#website\",\"url\":\"https:\/\/www.eurofirmsgroup.com\/\",\"name\":\"Eurofirms Group\",\"description\":\"1\u00aa empresa nacional de RR. HH.\",\"potentialAction\":[{\"@type\":\"SearchAction\",\"target\":{\"@type\":\"EntryPoint\",\"urlTemplate\":\"https:\/\/www.eurofirmsgroup.com\/?s={search_term_string}\"},\"query-input\":\"required name=search_term_string\"}],\"inLanguage\":\"nl-NL\"}]}<\/script>\n<!-- \/ Yoast SEO plugin. -->","yoast_head_json":{"title":"Hallo! - Eurofirms Group","description":"1\u00aa empresa nacional de RR. HH. Soluciones en gesti\u00f3n de personas bajo un modelo de liderazgo por valores, desde hace m\u00e1s de 30 a\u00f1os.","robots":{"index":"index","follow":"follow","max-snippet":"max-snippet:-1","max-image-preview":"max-image-preview:large","max-video-preview":"max-video-preview:-1"},"canonical":"https:\/\/www.eurofirmsgroup.com\/nl\/","og_locale":"nl_NL","og_type":"article","og_title":"Hallo! - Eurofirms Group","og_description":"1\u00aa empresa nacional de RR. HH. Soluciones en gesti\u00f3n de personas bajo un modelo de liderazgo por valores, desde hace m\u00e1s de 30 a\u00f1os.","og_url":"https:\/\/www.eurofirmsgroup.com\/nl\/","og_site_name":"Eurofirms Group","article_modified_time":"2022-02-07T11:08:13+00:00","og_image":[{"width":1200,"height":630,"url":"https:\/\/www.eurofirmsgroup.com\/wp-content\/uploads\/2020\/07\/logotipo-eurofirms-group-1.png","type":"image\/png"}],"twitter_card":"summary_large_image","schema":{"@context":"https:\/\/schema.org","@graph":[{"@type":"WebPage","@id":"https:\/\/www.eurofirmsgroup.com\/nl\/","url":"https:\/\/www.eurofirmsgroup.com\/nl\/","name":"Hallo! - Eurofirms Group","isPartOf":{"@id":"https:\/\/www.eurofirmsgroup.com\/#website"},"datePublished":"2020-05-08T09:18:44+00:00","dateModified":"2022-02-07T11:08:13+00:00","description":"1\u00aa empresa nacional de RR. HH. Soluciones en gesti\u00f3n de personas bajo un modelo de liderazgo por valores, desde hace m\u00e1s de 30 a\u00f1os.","breadcrumb":{"@id":"https:\/\/www.eurofirmsgroup.com\/nl\/#breadcrumb"},"inLanguage":"nl-NL","potentialAction":[{"@type":"ReadAction","target":["https:\/\/www.eurofirmsgroup.com\/nl\/"]}]},{"@type":"BreadcrumbList","@id":"https:\/\/www.eurofirmsgroup.com\/nl\/#breadcrumb","itemListElement":[{"@type":"ListItem","position":1,"name":"Portada","item":"https:\/\/www.eurofirmsgroup.com\/nl\/"},{"@type":"ListItem","position":2,"name":"Hallo!"}]},{"@type":"WebSite","@id":"https:\/\/www.eurofirmsgroup.com\/#website","url":"https:\/\/www.eurofirmsgroup.com\/","name":"Eurofirms Group","description":"1\u00aa empresa nacional de RR. HH.","potentialAction":[{"@type":"SearchAction","target":{"@type":"EntryPoint","urlTemplate":"https:\/\/www.eurofirmsgroup.com\/?s={search_term_string}"},"query-input":"required name=search_term_string"}],"inLanguage":"nl-NL"}]}},"_links":{"self":[{"href":"https:\/\/www.eurofirmsgroup.com\/nl\/wp-json\/wp\/v2\/pages\/17250"}],"collection":[{"href":"https:\/\/www.eurofirmsgroup.com\/nl\/wp-json\/wp\/v2\/pages"}],"about":[{"href":"https:\/\/www.eurofirmsgroup.com\/nl\/wp-json\/wp\/v2\/types\/page"}],"author":[{"embeddable":true,"href":"https:\/\/www.eurofirmsgroup.com\/nl\/wp-json\/wp\/v2\/users\/2"}],"replies":[{"embeddable":true,"href":"https:\/\/www.eurofirmsgroup.com\/nl\/wp-json\/wp\/v2\/comments?post=17250"}],"version-history":[{"count":16,"href":"https:\/\/www.eurofirmsgroup.com\/nl\/wp-json\/wp\/v2\/pages\/17250\/revisions"}],"predecessor-version":[{"id":19354,"href":"https:\/\/www.eurofirmsgroup.com\/nl\/wp-json\/wp\/v2\/pages\/17250\/revisions\/19354"}],"wp:attachment":[{"href":"https:\/\/www.eurofirmsgroup.com\/nl\/wp-json\/wp\/v2\/media?parent=17250"}],"curies":[{"name":"wp","href":"https:\/\/api.w.org\/{rel}","templated":true}]}}