{"id":2159,"date":"2020-06-25T10:43:58","date_gmt":"2020-06-25T08:43:58","guid":{"rendered":"http:\/\/www.eurofirmsgroup.com\/bienvenidos\/"},"modified":"2020-06-29T14:50:09","modified_gmt":"2020-06-29T12:50:09","slug":"bemvindos","status":"publish","type":"page","link":"https:\/\/www.eurofirmsgroup.com\/pt-pt\/bemvindos\/","title":{"rendered":"Bem-vindos"},"content":{"rendered":"\t\t<div data-elementor-type=\"wp-page\" data-elementor-id=\"2159\" class=\"elementor elementor-2159 elementor-1766\">\n\t\t\t\t\t\t\t\t\t<section class=\"elementor-section elementor-top-section elementor-element elementor-element-d82e155 elementor-section-boxed elementor-section-height-default elementor-section-height-default\" data-id=\"d82e155\" data-element_type=\"section\">\n\t\t\t\t\t\t<div class=\"elementor-container elementor-column-gap-default\">\n\t\t\t\t\t<div class=\"elementor-column elementor-col-100 elementor-top-column elementor-element elementor-element-e7efa24\" data-id=\"e7efa24\" data-element_type=\"column\">\n\t\t\t<div class=\"elementor-widget-wrap elementor-element-populated\">\n\t\t\t\t\t\t\t\t<div class=\"elementor-element elementor-element-b84afd0 elementor-widget elementor-widget-heading\" data-id=\"b84afd0\" data-element_type=\"widget\" data-widget_type=\"heading.default\">\n\t\t\t\t<div class=\"elementor-widget-container\">\n\t\t\t<h2 class=\"elementor-heading-title elementor-size-default\">Bem-vindos.<\/h2>\t\t<\/div>\n\t\t\t\t<\/div>\n\t\t\t\t\t<\/div>\n\t\t<\/div>\n\t\t\t\t\t\t\t<\/div>\n\t\t<\/section>\n\t\t\t\t<section class=\"elementor-section elementor-top-section elementor-element elementor-element-214fd6f elementor-section-boxed elementor-section-height-default elementor-section-height-default\" data-id=\"214fd6f\" data-element_type=\"section\">\n\t\t\t\t\t\t<div class=\"elementor-container elementor-column-gap-default\">\n\t\t\t\t\t<div class=\"elementor-column elementor-col-100 elementor-top-column elementor-element elementor-element-8b27302\" data-id=\"8b27302\" data-element_type=\"column\">\n\t\t\t<div class=\"elementor-widget-wrap elementor-element-populated\">\n\t\t\t\t\t\t\t\t<div class=\"elementor-element elementor-element-212b971 elementor-widget elementor-widget-text-editor\" data-id=\"212b971\" data-element_type=\"widget\" data-widget_type=\"text-editor.default\">\n\t\t\t\t<div class=\"elementor-widget-container\">\n\t\t\t\t\t\t\t<p>H\u00e1 30 anos nascemos como uma empresa de recursos humanos com a ideia de sermos, acima de tudo, humanos. Desde o primeiro dia, a nossa forma de trabalhar resume-se em duas palavras: People first. E assim, \u00e0 procura do bem-estar das pessoas, torn\u00e1mo-nos na primeira empresa espanhola do setor. \u00c9 por isso que queremos agora dar as boas-vindas a todas as empresas que, durante esta crise sanit\u00e1ria, se juntaram a esta forma de pensar.&nbsp;<span style=\"letter-spacing: 0px;\">E convid\u00e1-los a ficar connosco quando tudo isto acabar. Porque acreditamos que \u00e9 o melhor para as empresas, o melhor para a sociedade e, claro, o melhor para as pessoas. E \u00e9 isso que importa. Acreditamos nisso desde o primeiro dia. E estamos contentes que cada vez mais empresas acreditem nisso tamb\u00e9m. Bem-vindos ao People first.<\/span><\/p>\t\t\t\t\t\t<\/div>\n\t\t\t\t<\/div>\n\t\t\t\t\t<\/div>\n\t\t<\/div>\n\t\t\t\t\t\t\t<\/div>\n\t\t<\/section>\n\t\t\t\t<section class=\"elementor-section elementor-top-section elementor-element elementor-element-936e1a1 elementor-section-boxed elementor-section-height-default elementor-section-height-default\" data-id=\"936e1a1\" data-element_type=\"section\">\n\t\t\t\t\t\t<div class=\"elementor-container elementor-column-gap-default\">\n\t\t\t\t\t<div class=\"elementor-column elementor-col-100 elementor-top-column elementor-element elementor-element-0c26113\" data-id=\"0c26113\" data-element_type=\"column\">\n\t\t\t<div class=\"elementor-widget-wrap elementor-element-populated\">\n\t\t\t\t\t\t\t\t<div class=\"elementor-element elementor-element-43164db elementor-widget elementor-widget-video\" data-id=\"43164db\" data-element_type=\"widget\" data-settings=\"{&quot;youtube_url&quot;:&quot;https:\\\/\\\/www.youtube.com\\\/watch?v=1NSPoXMWegA&quot;,&quot;video_type&quot;:&quot;youtube&quot;,&quot;controls&quot;:&quot;yes&quot;}\" data-widget_type=\"video.default\">\n\t\t\t\t<div class=\"elementor-widget-container\">\n\t\t\t\t\t<div class=\"elementor-wrapper elementor-open-inline\">\n\t\t\t<div class=\"elementor-video\"><\/div>\t\t<\/div>\n\t\t\t\t<\/div>\n\t\t\t\t<\/div>\n\t\t\t\t\t<\/div>\n\t\t<\/div>\n\t\t\t\t\t\t\t<\/div>\n\t\t<\/section>\n\t\t\t\t\t\t\t<\/div>\n\t\t","protected":false},"excerpt":{"rendered":"<p>Bem-vindos. H\u00e1 30 anos nascemos como uma empresa de recursos humanos com a ideia de sermos, acima de tudo, humanos. Desde o primeiro dia, a nossa forma de trabalhar resume-se em duas palavras: People first. E assim, \u00e0 procura do bem-estar das pessoas, torn\u00e1mo-nos na primeira empresa espanhola do setor. \u00c9 por isso que queremos&#8230;<\/p>\n","protected":false},"author":3,"featured_media":0,"parent":0,"menu_order":0,"comment_status":"closed","ping_status":"closed","template":"","meta":{"footnotes":""},"acf":[],"yoast_head":"<!-- This site is optimized with the Yoast SEO plugin v20.13 - https:\/\/yoast.com\/wordpress\/plugins\/seo\/ -->\n<title>Bem-vindos - Eurofirms Group<\/title>\n<meta name=\"robots\" content=\"index, follow, max-snippet:-1, max-image-preview:large, max-video-preview:-1\" \/>\n<link rel=\"canonical\" href=\"https:\/\/www.eurofirmsgroup.com\/pt-pt\/bemvindos\/\" \/>\n<meta property=\"og:locale\" content=\"pt_PT\" \/>\n<meta property=\"og:type\" content=\"article\" \/>\n<meta property=\"og:title\" content=\"Bem-vindos - Eurofirms Group\" \/>\n<meta property=\"og:description\" content=\"Bem-vindos. H\u00e1 30 anos nascemos como uma empresa de recursos humanos com a ideia de sermos, acima de tudo, humanos. Desde o primeiro dia, a nossa forma de trabalhar resume-se em duas palavras: People first. E assim, \u00e0 procura do bem-estar das pessoas, torn\u00e1mo-nos na primeira empresa espanhola do setor. \u00c9 por isso que queremos...\" \/>\n<meta property=\"og:url\" content=\"https:\/\/www.eurofirmsgroup.com\/pt-pt\/bemvindos\/\" \/>\n<meta property=\"og:site_name\" content=\"Eurofirms Group\" \/>\n<meta property=\"article:modified_time\" content=\"2020-06-29T12:50:09+00:00\" \/>\n<meta property=\"og:image\" content=\"https:\/\/www.eurofirmsgroup.com\/wp-content\/uploads\/2020\/06\/ben-venido.jpg\" \/>\n\t<meta property=\"og:image:width\" content=\"1200\" \/>\n\t<meta property=\"og:image:height\" content=\"630\" \/>\n\t<meta property=\"og:image:type\" content=\"image\/jpeg\" \/>\n<meta name=\"twitter:card\" content=\"summary_large_image\" \/>\n<meta name=\"twitter:label1\" content=\"Tempo estimado de leitura\" \/>\n\t<meta name=\"twitter:data1\" content=\"1 minuto\" \/>\n<script type=\"application\/ld+json\" class=\"yoast-schema-graph\">{\"@context\":\"https:\/\/schema.org\",\"@graph\":[{\"@type\":\"WebPage\",\"@id\":\"https:\/\/www.eurofirmsgroup.com\/pt-pt\/bemvindos\/\",\"url\":\"https:\/\/www.eurofirmsgroup.com\/pt-pt\/bemvindos\/\",\"name\":\"Bem-vindos - Eurofirms Group\",\"isPartOf\":{\"@id\":\"https:\/\/www.eurofirmsgroup.com\/#website\"},\"datePublished\":\"2020-06-25T08:43:58+00:00\",\"dateModified\":\"2020-06-29T12:50:09+00:00\",\"breadcrumb\":{\"@id\":\"https:\/\/www.eurofirmsgroup.com\/pt-pt\/bemvindos\/#breadcrumb\"},\"inLanguage\":\"pt-PT\",\"potentialAction\":[{\"@type\":\"ReadAction\",\"target\":[\"https:\/\/www.eurofirmsgroup.com\/pt-pt\/bemvindos\/\"]}]},{\"@type\":\"BreadcrumbList\",\"@id\":\"https:\/\/www.eurofirmsgroup.com\/pt-pt\/bemvindos\/#breadcrumb\",\"itemListElement\":[{\"@type\":\"ListItem\",\"position\":1,\"name\":\"Portada\",\"item\":\"https:\/\/www.eurofirmsgroup.com\/pt-pt\/\"},{\"@type\":\"ListItem\",\"position\":2,\"name\":\"Bem-vindos\"}]},{\"@type\":\"WebSite\",\"@id\":\"https:\/\/www.eurofirmsgroup.com\/#website\",\"url\":\"https:\/\/www.eurofirmsgroup.com\/\",\"name\":\"Eurofirms Group\",\"description\":\"1\u00aa empresa nacional de RR. HH.\",\"potentialAction\":[{\"@type\":\"SearchAction\",\"target\":{\"@type\":\"EntryPoint\",\"urlTemplate\":\"https:\/\/www.eurofirmsgroup.com\/?s={search_term_string}\"},\"query-input\":\"required name=search_term_string\"}],\"inLanguage\":\"pt-PT\"}]}<\/script>\n<!-- \/ Yoast SEO plugin. -->","yoast_head_json":{"title":"Bem-vindos - Eurofirms Group","robots":{"index":"index","follow":"follow","max-snippet":"max-snippet:-1","max-image-preview":"max-image-preview:large","max-video-preview":"max-video-preview:-1"},"canonical":"https:\/\/www.eurofirmsgroup.com\/pt-pt\/bemvindos\/","og_locale":"pt_PT","og_type":"article","og_title":"Bem-vindos - Eurofirms Group","og_description":"Bem-vindos. H\u00e1 30 anos nascemos como uma empresa de recursos humanos com a ideia de sermos, acima de tudo, humanos. Desde o primeiro dia, a nossa forma de trabalhar resume-se em duas palavras: People first. E assim, \u00e0 procura do bem-estar das pessoas, torn\u00e1mo-nos na primeira empresa espanhola do setor. \u00c9 por isso que queremos...","og_url":"https:\/\/www.eurofirmsgroup.com\/pt-pt\/bemvindos\/","og_site_name":"Eurofirms Group","article_modified_time":"2020-06-29T12:50:09+00:00","og_image":[{"width":1200,"height":630,"url":"https:\/\/www.eurofirmsgroup.com\/wp-content\/uploads\/2020\/06\/ben-venido.jpg","type":"image\/jpeg"}],"twitter_card":"summary_large_image","twitter_misc":{"Tempo estimado de leitura":"1 minuto"},"schema":{"@context":"https:\/\/schema.org","@graph":[{"@type":"WebPage","@id":"https:\/\/www.eurofirmsgroup.com\/pt-pt\/bemvindos\/","url":"https:\/\/www.eurofirmsgroup.com\/pt-pt\/bemvindos\/","name":"Bem-vindos - Eurofirms Group","isPartOf":{"@id":"https:\/\/www.eurofirmsgroup.com\/#website"},"datePublished":"2020-06-25T08:43:58+00:00","dateModified":"2020-06-29T12:50:09+00:00","breadcrumb":{"@id":"https:\/\/www.eurofirmsgroup.com\/pt-pt\/bemvindos\/#breadcrumb"},"inLanguage":"pt-PT","potentialAction":[{"@type":"ReadAction","target":["https:\/\/www.eurofirmsgroup.com\/pt-pt\/bemvindos\/"]}]},{"@type":"BreadcrumbList","@id":"https:\/\/www.eurofirmsgroup.com\/pt-pt\/bemvindos\/#breadcrumb","itemListElement":[{"@type":"ListItem","position":1,"name":"Portada","item":"https:\/\/www.eurofirmsgroup.com\/pt-pt\/"},{"@type":"ListItem","position":2,"name":"Bem-vindos"}]},{"@type":"WebSite","@id":"https:\/\/www.eurofirmsgroup.com\/#website","url":"https:\/\/www.eurofirmsgroup.com\/","name":"Eurofirms Group","description":"1\u00aa empresa nacional de RR. HH.","potentialAction":[{"@type":"SearchAction","target":{"@type":"EntryPoint","urlTemplate":"https:\/\/www.eurofirmsgroup.com\/?s={search_term_string}"},"query-input":"required name=search_term_string"}],"inLanguage":"pt-PT"}]}},"_links":{"self":[{"href":"https:\/\/www.eurofirmsgroup.com\/pt-pt\/wp-json\/wp\/v2\/pages\/2159"}],"collection":[{"href":"https:\/\/www.eurofirmsgroup.com\/pt-pt\/wp-json\/wp\/v2\/pages"}],"about":[{"href":"https:\/\/www.eurofirmsgroup.com\/pt-pt\/wp-json\/wp\/v2\/types\/page"}],"author":[{"embeddable":true,"href":"https:\/\/www.eurofirmsgroup.com\/pt-pt\/wp-json\/wp\/v2\/users\/3"}],"replies":[{"embeddable":true,"href":"https:\/\/www.eurofirmsgroup.com\/pt-pt\/wp-json\/wp\/v2\/comments?post=2159"}],"version-history":[{"count":8,"href":"https:\/\/www.eurofirmsgroup.com\/pt-pt\/wp-json\/wp\/v2\/pages\/2159\/revisions"}],"predecessor-version":[{"id":2452,"href":"https:\/\/www.eurofirmsgroup.com\/pt-pt\/wp-json\/wp\/v2\/pages\/2159\/revisions\/2452"}],"wp:attachment":[{"href":"https:\/\/www.eurofirmsgroup.com\/pt-pt\/wp-json\/wp\/v2\/media?parent=2159"}],"curies":[{"name":"wp","href":"https:\/\/api.w.org\/{rel}","templated":true}]}}