{"id":22235,"date":"2022-08-18T11:44:57","date_gmt":"2022-08-18T09:44:57","guid":{"rendered":"https:\/\/www.eurofirmsgroup.com\/gracias\/"},"modified":"2022-09-29T09:14:55","modified_gmt":"2022-09-29T07:14:55","slug":"obrigado","status":"publish","type":"page","link":"https:\/\/www.eurofirmsgroup.com\/pt-pt\/obrigado\/","title":{"rendered":"Obrigado"},"content":{"rendered":"","protected":false},"excerpt":{"rendered":"","protected":false},"author":3,"featured_media":0,"parent":0,"menu_order":0,"comment_status":"closed","ping_status":"closed","template":"templates\/thank-you.php","meta":{"footnotes":""},"acf":[],"yoast_head":"<!-- This site is optimized with the Yoast SEO plugin v20.13 - https:\/\/yoast.com\/wordpress\/plugins\/seo\/ -->\n<title>Obrigado - Eurofirms Group<\/title>\n<meta name=\"description\" content=\"Est\u00fadio de hospitalidade. Estamos seguros de que conseguir\u00e1 os dados e refer\u00eancias necess\u00e1rias para ficar a conhecer o estado do setor e melhorar o seu futuro.\" \/>\n<meta name=\"robots\" content=\"index, follow, max-snippet:-1, max-image-preview:large, max-video-preview:-1\" \/>\n<link rel=\"canonical\" href=\"https:\/\/www.eurofirmsgroup.com\/pt-pt\/obrigado\/\" \/>\n<meta property=\"og:locale\" content=\"pt_PT\" \/>\n<meta property=\"og:type\" content=\"article\" \/>\n<meta property=\"og:title\" content=\"Obrigado - Eurofirms Group\" \/>\n<meta property=\"og:description\" content=\"Est\u00fadio de hospitalidade. Estamos seguros de que conseguir\u00e1 os dados e refer\u00eancias necess\u00e1rias para ficar a conhecer o estado do setor e melhorar o seu futuro.\" \/>\n<meta property=\"og:url\" content=\"https:\/\/www.eurofirmsgroup.com\/pt-pt\/obrigado\/\" \/>\n<meta property=\"og:site_name\" content=\"Eurofirms Group\" \/>\n<meta property=\"article:modified_time\" content=\"2022-09-29T07:14:55+00:00\" \/>\n<meta property=\"og:image\" content=\"https:\/\/www.eurofirmsgroup.com\/wp-content\/uploads\/2020\/07\/logotipo-eurofirms-group-1.png\" \/>\n\t<meta property=\"og:image:width\" content=\"1200\" \/>\n\t<meta property=\"og:image:height\" content=\"630\" \/>\n\t<meta property=\"og:image:type\" content=\"image\/png\" \/>\n<meta name=\"twitter:card\" content=\"summary_large_image\" \/>\n<script type=\"application\/ld+json\" class=\"yoast-schema-graph\">{\"@context\":\"https:\/\/schema.org\",\"@graph\":[{\"@type\":\"WebPage\",\"@id\":\"https:\/\/www.eurofirmsgroup.com\/pt-pt\/obrigado\/\",\"url\":\"https:\/\/www.eurofirmsgroup.com\/pt-pt\/obrigado\/\",\"name\":\"Obrigado - Eurofirms Group\",\"isPartOf\":{\"@id\":\"https:\/\/www.eurofirmsgroup.com\/#website\"},\"datePublished\":\"2022-08-18T09:44:57+00:00\",\"dateModified\":\"2022-09-29T07:14:55+00:00\",\"description\":\"Est\u00fadio de hospitalidade. Estamos seguros de que conseguir\u00e1 os dados e refer\u00eancias necess\u00e1rias para ficar a conhecer o estado do setor e melhorar o seu futuro.\",\"breadcrumb\":{\"@id\":\"https:\/\/www.eurofirmsgroup.com\/pt-pt\/obrigado\/#breadcrumb\"},\"inLanguage\":\"pt-PT\",\"potentialAction\":[{\"@type\":\"ReadAction\",\"target\":[\"https:\/\/www.eurofirmsgroup.com\/pt-pt\/obrigado\/\"]}]},{\"@type\":\"BreadcrumbList\",\"@id\":\"https:\/\/www.eurofirmsgroup.com\/pt-pt\/obrigado\/#breadcrumb\",\"itemListElement\":[{\"@type\":\"ListItem\",\"position\":1,\"name\":\"Portada\",\"item\":\"https:\/\/www.eurofirmsgroup.com\/pt-pt\/\"},{\"@type\":\"ListItem\",\"position\":2,\"name\":\"Obrigado\"}]},{\"@type\":\"WebSite\",\"@id\":\"https:\/\/www.eurofirmsgroup.com\/#website\",\"url\":\"https:\/\/www.eurofirmsgroup.com\/\",\"name\":\"Eurofirms Group\",\"description\":\"1\u00aa empresa nacional de RR. HH.\",\"potentialAction\":[{\"@type\":\"SearchAction\",\"target\":{\"@type\":\"EntryPoint\",\"urlTemplate\":\"https:\/\/www.eurofirmsgroup.com\/?s={search_term_string}\"},\"query-input\":\"required name=search_term_string\"}],\"inLanguage\":\"pt-PT\"}]}<\/script>\n<!-- \/ Yoast SEO plugin. -->","yoast_head_json":{"title":"Obrigado - Eurofirms Group","description":"Est\u00fadio de hospitalidade. Estamos seguros de que conseguir\u00e1 os dados e refer\u00eancias necess\u00e1rias para ficar a conhecer o estado do setor e melhorar o seu futuro.","robots":{"index":"index","follow":"follow","max-snippet":"max-snippet:-1","max-image-preview":"max-image-preview:large","max-video-preview":"max-video-preview:-1"},"canonical":"https:\/\/www.eurofirmsgroup.com\/pt-pt\/obrigado\/","og_locale":"pt_PT","og_type":"article","og_title":"Obrigado - Eurofirms Group","og_description":"Est\u00fadio de hospitalidade. Estamos seguros de que conseguir\u00e1 os dados e refer\u00eancias necess\u00e1rias para ficar a conhecer o estado do setor e melhorar o seu futuro.","og_url":"https:\/\/www.eurofirmsgroup.com\/pt-pt\/obrigado\/","og_site_name":"Eurofirms Group","article_modified_time":"2022-09-29T07:14:55+00:00","og_image":[{"width":1200,"height":630,"url":"https:\/\/www.eurofirmsgroup.com\/wp-content\/uploads\/2020\/07\/logotipo-eurofirms-group-1.png","type":"image\/png"}],"twitter_card":"summary_large_image","schema":{"@context":"https:\/\/schema.org","@graph":[{"@type":"WebPage","@id":"https:\/\/www.eurofirmsgroup.com\/pt-pt\/obrigado\/","url":"https:\/\/www.eurofirmsgroup.com\/pt-pt\/obrigado\/","name":"Obrigado - Eurofirms Group","isPartOf":{"@id":"https:\/\/www.eurofirmsgroup.com\/#website"},"datePublished":"2022-08-18T09:44:57+00:00","dateModified":"2022-09-29T07:14:55+00:00","description":"Est\u00fadio de hospitalidade. Estamos seguros de que conseguir\u00e1 os dados e refer\u00eancias necess\u00e1rias para ficar a conhecer o estado do setor e melhorar o seu futuro.","breadcrumb":{"@id":"https:\/\/www.eurofirmsgroup.com\/pt-pt\/obrigado\/#breadcrumb"},"inLanguage":"pt-PT","potentialAction":[{"@type":"ReadAction","target":["https:\/\/www.eurofirmsgroup.com\/pt-pt\/obrigado\/"]}]},{"@type":"BreadcrumbList","@id":"https:\/\/www.eurofirmsgroup.com\/pt-pt\/obrigado\/#breadcrumb","itemListElement":[{"@type":"ListItem","position":1,"name":"Portada","item":"https:\/\/www.eurofirmsgroup.com\/pt-pt\/"},{"@type":"ListItem","position":2,"name":"Obrigado"}]},{"@type":"WebSite","@id":"https:\/\/www.eurofirmsgroup.com\/#website","url":"https:\/\/www.eurofirmsgroup.com\/","name":"Eurofirms Group","description":"1\u00aa empresa nacional de RR. HH.","potentialAction":[{"@type":"SearchAction","target":{"@type":"EntryPoint","urlTemplate":"https:\/\/www.eurofirmsgroup.com\/?s={search_term_string}"},"query-input":"required name=search_term_string"}],"inLanguage":"pt-PT"}]}},"_links":{"self":[{"href":"https:\/\/www.eurofirmsgroup.com\/pt-pt\/wp-json\/wp\/v2\/pages\/22235"}],"collection":[{"href":"https:\/\/www.eurofirmsgroup.com\/pt-pt\/wp-json\/wp\/v2\/pages"}],"about":[{"href":"https:\/\/www.eurofirmsgroup.com\/pt-pt\/wp-json\/wp\/v2\/types\/page"}],"author":[{"embeddable":true,"href":"https:\/\/www.eurofirmsgroup.com\/pt-pt\/wp-json\/wp\/v2\/users\/3"}],"replies":[{"embeddable":true,"href":"https:\/\/www.eurofirmsgroup.com\/pt-pt\/wp-json\/wp\/v2\/comments?post=22235"}],"version-history":[{"count":6,"href":"https:\/\/www.eurofirmsgroup.com\/pt-pt\/wp-json\/wp\/v2\/pages\/22235\/revisions"}],"predecessor-version":[{"id":22295,"href":"https:\/\/www.eurofirmsgroup.com\/pt-pt\/wp-json\/wp\/v2\/pages\/22235\/revisions\/22295"}],"wp:attachment":[{"href":"https:\/\/www.eurofirmsgroup.com\/pt-pt\/wp-json\/wp\/v2\/media?parent=22235"}],"curies":[{"name":"wp","href":"https:\/\/api.w.org\/{rel}","templated":true}]}}