{"id":8950,"date":"2020-11-16T11:53:36","date_gmt":"2020-11-16T09:53:36","guid":{"rendered":"https:\/\/www.eurofirmsgroup.com\/cadenadevalores\/"},"modified":"2021-01-19T12:32:27","modified_gmt":"2021-01-19T10:32:27","slug":"cadeiadevalores","status":"publish","type":"page","link":"https:\/\/www.eurofirmsgroup.com\/pt-pt\/cadeiadevalores\/","title":{"rendered":"Cadeia de valores"},"content":{"rendered":"<p>Com a Cadeia de Valores de Eurofirms queremos partilhar valores e momentos especiais durante o Natal, ao mesmo tempo que fazemos uma doa\u00e7\u00e3o \u00e0 Funda\u00e7\u00e3o Luta contra a SIDA e as Doen\u00e7as Infecciosas para colaborar nos projectos que a funda\u00e7\u00e3o realiza.<\/p>\n<p>Como surgiu esta iniciativa de solidariedade? 2017 tornou-se um ponto de viragem para n\u00f3s. Nesse ano, decidimos realizar uma campanha de Natal que teria um impacto positivo na nossa sociedade e investimos quase todo o or\u00e7amento da campanha em projectos humanit\u00e1rios, iniciando assim uma cadeia de solidariedade, a Cadeia de Valores de Eurofirms. Desde esse momento, todos os anos convidamos os nossos clientes, trabalhadores, candidatos e qualquer outra pessoa a seguir a Cadeia de Valores e contribuir para um mundo socialmente sustent\u00e1vel.<\/p>\n<p>Atreves-te a espalhar a <strong style=\"color: #00a9e0;\">#CadenaDeValoresEurofirms<\/strong>?<\/p>\n<p>&nbsp;<\/p>\n<table style=\"width: 100%;\">\n<tbody>\n<tr>\n<td><a href=\"https:\/\/www.eurofirmsgroup.com\/pt-pt\/cadeiadevalores-2020\"><img decoding=\"async\" loading=\"lazy\" class=\"alignnone wp-image-8906 size-medium\" src=\"https:\/\/www.eurofirmsgroup.com\/wp-content\/uploads\/2020\/12\/PT2020@2x-300x300.png\" alt=\"\" width=\"300\" height=\"300\" srcset=\"https:\/\/www.eurofirmsgroup.com\/wp-content\/uploads\/2020\/12\/PT2020@2x-300x300.png 300w, https:\/\/www.eurofirmsgroup.com\/wp-content\/uploads\/2020\/12\/PT2020@2x-150x150.png 150w, https:\/\/www.eurofirmsgroup.com\/wp-content\/uploads\/2020\/12\/PT2020@2x.png 460w\" sizes=\"(max-width: 300px) 100vw, 300px\" \/><\/a><\/td>\n<td><a href=\"https:\/\/www.eurofirmsgroup.com\/pt-pt\/cadeiadevalores-2019\"><img decoding=\"async\" loading=\"lazy\" class=\"alignnone wp-image-8914 size-medium\" src=\"https:\/\/www.eurofirmsgroup.com\/wp-content\/uploads\/2020\/12\/PT2019@2x-300x300.png\" alt=\"\" width=\"300\" height=\"300\" srcset=\"https:\/\/www.eurofirmsgroup.com\/wp-content\/uploads\/2020\/12\/PT2019@2x-300x300.png 300w, https:\/\/www.eurofirmsgroup.com\/wp-content\/uploads\/2020\/12\/PT2019@2x-150x150.png 150w, https:\/\/www.eurofirmsgroup.com\/wp-content\/uploads\/2020\/12\/PT2019@2x.png 460w\" sizes=\"(max-width: 300px) 100vw, 300px\" \/><\/a><\/td>\n<td><a href=\"https:\/\/www.eurofirmsgroup.com\/pt-pt\/cadeiadevalores-2018\"><img decoding=\"async\" loading=\"lazy\" class=\"alignnone wp-image-8910 size-medium\" src=\"https:\/\/www.eurofirmsgroup.com\/wp-content\/uploads\/2020\/12\/PT2018@2x-300x300.png\" alt=\"\" width=\"300\" height=\"300\" srcset=\"https:\/\/www.eurofirmsgroup.com\/wp-content\/uploads\/2020\/12\/PT2018@2x-300x300.png 300w, https:\/\/www.eurofirmsgroup.com\/wp-content\/uploads\/2020\/12\/PT2018@2x-150x150.png 150w, https:\/\/www.eurofirmsgroup.com\/wp-content\/uploads\/2020\/12\/PT2018@2x.png 460w\" sizes=\"(max-width: 300px) 100vw, 300px\" \/><\/a><\/td>\n<td><a href=\"https:\/\/www.eurofirmsgroup.com\/pt-pt\/cadeiadevalores-2017\"><img decoding=\"async\" loading=\"lazy\" class=\"alignnone wp-image-8902 size-medium\" src=\"https:\/\/www.eurofirmsgroup.com\/wp-content\/uploads\/2020\/12\/PT2017@2x-300x300.png\" alt=\"\" width=\"300\" height=\"300\" srcset=\"https:\/\/www.eurofirmsgroup.com\/wp-content\/uploads\/2020\/12\/PT2017@2x-300x300.png 300w, https:\/\/www.eurofirmsgroup.com\/wp-content\/uploads\/2020\/12\/PT2017@2x-150x150.png 150w, https:\/\/www.eurofirmsgroup.com\/wp-content\/uploads\/2020\/12\/PT2017@2x.png 460w\" sizes=\"(max-width: 300px) 100vw, 300px\" \/><\/a><\/td>\n<\/tr>\n<\/tbody>\n<\/table>\n","protected":false},"excerpt":{"rendered":"<p>Com a Cadeia de Valores de Eurofirms queremos partilhar valores e momentos especiais durante o Natal, ao mesmo tempo que fazemos uma doa\u00e7\u00e3o \u00e0 Funda\u00e7\u00e3o Luta contra a SIDA e as Doen\u00e7as Infecciosas para colaborar nos projectos que a funda\u00e7\u00e3o realiza. Como surgiu esta iniciativa de solidariedade? 2017 tornou-se um ponto de viragem para n\u00f3s&#8230;.<\/p>\n","protected":false},"author":3,"featured_media":0,"parent":0,"menu_order":0,"comment_status":"closed","ping_status":"closed","template":"templates\/innovation.php","meta":{"footnotes":""},"acf":[],"yoast_head":"<!-- This site is optimized with the Yoast SEO plugin v20.13 - https:\/\/yoast.com\/wordpress\/plugins\/seo\/ -->\n<title>Cadeia de valores - Eurofirms Group<\/title>\n<meta name=\"robots\" content=\"noindex, nofollow\" \/>\n<meta property=\"og:locale\" content=\"pt_PT\" \/>\n<meta property=\"og:type\" content=\"article\" \/>\n<meta property=\"og:title\" content=\"Cadeia de valores - Eurofirms Group\" \/>\n<meta property=\"og:description\" content=\"Com a Cadeia de Valores de Eurofirms queremos partilhar valores e momentos especiais durante o Natal, ao mesmo tempo que fazemos uma doa\u00e7\u00e3o \u00e0 Funda\u00e7\u00e3o Luta contra a SIDA e as Doen\u00e7as Infecciosas para colaborar nos projectos que a funda\u00e7\u00e3o realiza. Como surgiu esta iniciativa de solidariedade? 2017 tornou-se um ponto de viragem para n\u00f3s....\" \/>\n<meta property=\"og:url\" content=\"https:\/\/www.eurofirmsgroup.com\/pt-pt\/cadeiadevalores\/\" \/>\n<meta property=\"og:site_name\" content=\"Eurofirms Group\" \/>\n<meta property=\"article:modified_time\" content=\"2021-01-19T10:32:27+00:00\" \/>\n<meta property=\"og:image\" content=\"https:\/\/www.eurofirmsgroup.com\/wp-content\/uploads\/2020\/12\/PT2020@2x-300x300.png\" \/>\n<meta name=\"twitter:card\" content=\"summary_large_image\" \/>\n<meta name=\"twitter:label1\" content=\"Tempo estimado de leitura\" \/>\n\t<meta name=\"twitter:data1\" content=\"1 minuto\" \/>\n<script type=\"application\/ld+json\" class=\"yoast-schema-graph\">{\"@context\":\"https:\/\/schema.org\",\"@graph\":[{\"@type\":\"WebPage\",\"@id\":\"https:\/\/www.eurofirmsgroup.com\/pt-pt\/cadeiadevalores\/\",\"url\":\"https:\/\/www.eurofirmsgroup.com\/pt-pt\/cadeiadevalores\/\",\"name\":\"Cadeia de valores - Eurofirms Group\",\"isPartOf\":{\"@id\":\"https:\/\/www.eurofirmsgroup.com\/#website\"},\"datePublished\":\"2020-11-16T09:53:36+00:00\",\"dateModified\":\"2021-01-19T10:32:27+00:00\",\"breadcrumb\":{\"@id\":\"https:\/\/www.eurofirmsgroup.com\/pt-pt\/cadeiadevalores\/#breadcrumb\"},\"inLanguage\":\"pt-PT\",\"potentialAction\":[{\"@type\":\"ReadAction\",\"target\":[\"https:\/\/www.eurofirmsgroup.com\/pt-pt\/cadeiadevalores\/\"]}]},{\"@type\":\"BreadcrumbList\",\"@id\":\"https:\/\/www.eurofirmsgroup.com\/pt-pt\/cadeiadevalores\/#breadcrumb\",\"itemListElement\":[{\"@type\":\"ListItem\",\"position\":1,\"name\":\"Portada\",\"item\":\"https:\/\/www.eurofirmsgroup.com\/pt-pt\/\"},{\"@type\":\"ListItem\",\"position\":2,\"name\":\"Cadeia de valores\"}]},{\"@type\":\"WebSite\",\"@id\":\"https:\/\/www.eurofirmsgroup.com\/#website\",\"url\":\"https:\/\/www.eurofirmsgroup.com\/\",\"name\":\"Eurofirms Group\",\"description\":\"1\u00aa empresa nacional de RR. HH.\",\"potentialAction\":[{\"@type\":\"SearchAction\",\"target\":{\"@type\":\"EntryPoint\",\"urlTemplate\":\"https:\/\/www.eurofirmsgroup.com\/?s={search_term_string}\"},\"query-input\":\"required name=search_term_string\"}],\"inLanguage\":\"pt-PT\"}]}<\/script>\n<!-- \/ Yoast SEO plugin. -->","yoast_head_json":{"title":"Cadeia de valores - Eurofirms Group","robots":{"index":"noindex","follow":"nofollow"},"og_locale":"pt_PT","og_type":"article","og_title":"Cadeia de valores - Eurofirms Group","og_description":"Com a Cadeia de Valores de Eurofirms queremos partilhar valores e momentos especiais durante o Natal, ao mesmo tempo que fazemos uma doa\u00e7\u00e3o \u00e0 Funda\u00e7\u00e3o Luta contra a SIDA e as Doen\u00e7as Infecciosas para colaborar nos projectos que a funda\u00e7\u00e3o realiza. Como surgiu esta iniciativa de solidariedade? 2017 tornou-se um ponto de viragem para n\u00f3s....","og_url":"https:\/\/www.eurofirmsgroup.com\/pt-pt\/cadeiadevalores\/","og_site_name":"Eurofirms Group","article_modified_time":"2021-01-19T10:32:27+00:00","og_image":[{"url":"https:\/\/www.eurofirmsgroup.com\/wp-content\/uploads\/2020\/12\/PT2020@2x-300x300.png"}],"twitter_card":"summary_large_image","twitter_misc":{"Tempo estimado de leitura":"1 minuto"},"schema":{"@context":"https:\/\/schema.org","@graph":[{"@type":"WebPage","@id":"https:\/\/www.eurofirmsgroup.com\/pt-pt\/cadeiadevalores\/","url":"https:\/\/www.eurofirmsgroup.com\/pt-pt\/cadeiadevalores\/","name":"Cadeia de valores - Eurofirms Group","isPartOf":{"@id":"https:\/\/www.eurofirmsgroup.com\/#website"},"datePublished":"2020-11-16T09:53:36+00:00","dateModified":"2021-01-19T10:32:27+00:00","breadcrumb":{"@id":"https:\/\/www.eurofirmsgroup.com\/pt-pt\/cadeiadevalores\/#breadcrumb"},"inLanguage":"pt-PT","potentialAction":[{"@type":"ReadAction","target":["https:\/\/www.eurofirmsgroup.com\/pt-pt\/cadeiadevalores\/"]}]},{"@type":"BreadcrumbList","@id":"https:\/\/www.eurofirmsgroup.com\/pt-pt\/cadeiadevalores\/#breadcrumb","itemListElement":[{"@type":"ListItem","position":1,"name":"Portada","item":"https:\/\/www.eurofirmsgroup.com\/pt-pt\/"},{"@type":"ListItem","position":2,"name":"Cadeia de valores"}]},{"@type":"WebSite","@id":"https:\/\/www.eurofirmsgroup.com\/#website","url":"https:\/\/www.eurofirmsgroup.com\/","name":"Eurofirms Group","description":"1\u00aa empresa nacional de RR. HH.","potentialAction":[{"@type":"SearchAction","target":{"@type":"EntryPoint","urlTemplate":"https:\/\/www.eurofirmsgroup.com\/?s={search_term_string}"},"query-input":"required name=search_term_string"}],"inLanguage":"pt-PT"}]}},"_links":{"self":[{"href":"https:\/\/www.eurofirmsgroup.com\/pt-pt\/wp-json\/wp\/v2\/pages\/8950"}],"collection":[{"href":"https:\/\/www.eurofirmsgroup.com\/pt-pt\/wp-json\/wp\/v2\/pages"}],"about":[{"href":"https:\/\/www.eurofirmsgroup.com\/pt-pt\/wp-json\/wp\/v2\/types\/page"}],"author":[{"embeddable":true,"href":"https:\/\/www.eurofirmsgroup.com\/pt-pt\/wp-json\/wp\/v2\/users\/3"}],"replies":[{"embeddable":true,"href":"https:\/\/www.eurofirmsgroup.com\/pt-pt\/wp-json\/wp\/v2\/comments?post=8950"}],"version-history":[{"count":5,"href":"https:\/\/www.eurofirmsgroup.com\/pt-pt\/wp-json\/wp\/v2\/pages\/8950\/revisions"}],"predecessor-version":[{"id":10484,"href":"https:\/\/www.eurofirmsgroup.com\/pt-pt\/wp-json\/wp\/v2\/pages\/8950\/revisions\/10484"}],"wp:attachment":[{"href":"https:\/\/www.eurofirmsgroup.com\/pt-pt\/wp-json\/wp\/v2\/media?parent=8950"}],"curies":[{"name":"wp","href":"https:\/\/api.w.org\/{rel}","templated":true}]}}